{"id":118,"date":"2019-05-26T09:58:16","date_gmt":"2019-05-26T09:58:16","guid":{"rendered":"http:\/\/www.naturalvanilla.net.au\/?page_id=118"},"modified":"2025-09-11T18:59:35","modified_gmt":"2025-09-11T15:59:35","slug":"iade-politikasi","status":"publish","type":"page","link":"https:\/\/naturalvanilla.ae\/tr\/refund-policy\/","title":{"rendered":"\u0130ade Politikas\u0131"},"content":{"rendered":"<p><a href=\"https:\/\/naturalvanilla.ae\/tr\/\">Do\u011fal Vanilya<\/a>&nbsp;\u0130ade politikam\u0131z a\u015fa\u011f\u0131da detayland\u0131r\u0131lm\u0131\u015ft\u0131r. \u00dcr\u00fcnlerimizin numune boyunu sat\u0131n alman\u0131z\u0131 tavsiye ederiz, b\u00f6ylece daha b\u00fcy\u00fck miktarlarda sat\u0131n almadan \u00f6nce \u00fcr\u00fcnlerin gereksinimlerinize uygunlu\u011funu do\u011frulamak i\u00e7in test ve denemeler yap\u0131labilir. \u00dcr\u00fcnlerimizle ilgili herhangi bir sorun olmas\u0131 durumunda, a\u015fa\u011f\u0131daki Natural Vanilla iade politikas\u0131na uygun olarak memnuniyetle iade yap\u0131lacakt\u0131r:<\/p>\n\n\n\n<figure class=\"wp-block-image aligncenter size-full is-resized\"><a href=\"https:\/\/naturalvanilla.ae\/wp-content\/uploads\/2022\/02\/EFSA_logo-Trans.png\"><img decoding=\"async\" src=\"https:\/\/naturalvanilla.ae\/wp-content\/uploads\/2022\/02\/EFSA_logo-Trans.png\" alt=\"EFSA_logo Trans\" class=\"wp-image-3064\" style=\"width:400px;height:190px\" width=\"400\" height=\"190\" srcset=\"https:\/\/naturalvanilla.ae\/wp-content\/uploads\/2022\/02\/EFSA_logo-Trans.png 800w, https:\/\/naturalvanilla.ae\/wp-content\/uploads\/2022\/02\/EFSA_logo-Trans-300x143.png 300w, https:\/\/naturalvanilla.ae\/wp-content\/uploads\/2022\/02\/EFSA_logo-Trans-768x365.png 768w, https:\/\/naturalvanilla.ae\/wp-content\/uploads\/2022\/02\/EFSA_logo-Trans-20x10.png 20w\" sizes=\"(max-width: 400px) 100vw, 400px\" \/><\/a><\/figure>\n\n\n\n<div style=\"height:25px\" aria-hidden=\"true\" class=\"wp-block-spacer\"><\/div>\n\n\n\n<p>Natural Vanilla, Codex Alimentarius'a uygun uluslararas\u0131 resmi g\u0131da g\u00fcvenli\u011fi standard\u0131 sertifikas\u0131na sahiptir ve bu sertifikay\u0131 s\u00fcrd\u00fcrmek i\u00e7in her y\u0131l \u00fc\u00e7\u00fcnc\u00fc taraf denetimine girer. Natural Vanilla taraf\u0131ndan y\u00fcr\u00fct\u00fclen t\u00fcm ticari faaliyetler, \u00fcr\u00fcnlerimizde sorun ya\u015fanma olas\u0131l\u0131\u011f\u0131n\u0131 en aza indirmek i\u00e7in bu uluslararas\u0131 g\u0131da g\u00fcvenli\u011fi standartlar\u0131na uygun olarak tamamlanmaktad\u0131r.<\/p>\n\n\n\n<div style=\"height:20px\" aria-hidden=\"true\" class=\"wp-block-spacer\"><\/div>\n\n\n\n<figure class=\"wp-block-image aligncenter size-full\"><a href=\"https:\/\/naturalvanilla.ae\/wp-content\/uploads\/2022\/02\/food-standards-agency-logo-uk.png\"><img decoding=\"async\" width=\"300\" height=\"149\" src=\"https:\/\/naturalvanilla.ae\/wp-content\/uploads\/2022\/02\/food-standards-agency-logo-uk.png\" alt=\"g\u0131da-standartlar\u0131-ajans\u0131-logosu-bk\" class=\"wp-image-3080\" srcset=\"https:\/\/naturalvanilla.ae\/wp-content\/uploads\/2022\/02\/food-standards-agency-logo-uk.png 300w, https:\/\/naturalvanilla.ae\/wp-content\/uploads\/2022\/02\/food-standards-agency-logo-uk-20x10.png 20w\" sizes=\"(max-width: 300px) 100vw, 300px\" \/><\/a><\/figure>\n\n\n\n<div style=\"height:30px\" aria-hidden=\"true\" class=\"wp-block-spacer\"><\/div>\n\n\n\n<h2 class=\"wp-block-heading alignwide\" id=\"natural-vanilla-refund-policy\">Do\u011fal Vanilya \u0130ade Politikas\u0131<\/h2>\n\n\n\n<p>\u00dcr\u00fcn\u00fc iade etmek istedi\u011finizi taraf\u0131m\u0131za \u00fcr\u00fcn tesliminden itibaren 30 g\u00fcn i\u00e7inde bildirmeniz halinde, \u00fcr\u00fcn sat\u0131n alma bedeli (teslimat maliyeti d\u00fc\u015f\u00fclerek) iade edilecektir.<\/p>\n\n\n\n<p>T\u00fcm g\u0131da \u00fcr\u00fcnlerinde oldu\u011fu gibi, ambalaj\u0131 a\u00e7\u0131ld\u0131ktan sonra, \u00fcr\u00fcn bozulmu\u015f ve t\u00fcketilemeyecek durumda de\u011filse iade kabul edemeyiz.<\/p>\n\n\n\n<p>\u00dcr\u00fcn iadesinde, \u00fcr\u00fcn\u00fcn geri g\u00f6nderim maliyeti al\u0131c\u0131ya aittir.<\/p>\n\n\n\n<p>\u00dcr\u00fcn iadenizin al\u0131nmas\u0131 ve incelenmesinin ard\u0131ndan, iade \u00fcr\u00fcn\u00fcn\u00fcz\u00fc ald\u0131\u011f\u0131m\u0131za ve geri \u00f6demenizin onaylan\u0131p reddedildi\u011fine dair bir bildirim e-postas\u0131 g\u00f6nderece\u011fiz.<\/p>\n\n\n\n<p>\u0130ade talebiniz onaylan\u0131rsa, iade onay bildirimini takip eden 5 i\u015f g\u00fcn\u00fc i\u00e7inde i\u015flem ger\u00e7ekle\u015ftirilecek ve PayPal hesab\u0131n\u0131za otomatik olarak bir kredi yans\u0131t\u0131lacak veya belirtti\u011finiz hesaba banka transferi yap\u0131lacakt\u0131r.<\/p>\n\n\n\n<p>\u0130ade edilen \u00fcr\u00fcn teslim al\u0131n\u0131p incelendikten sonra verilen de\u011fi\u015fim onay\u0131na istinaden \u00fcr\u00fcn de\u011fi\u015fimi yap\u0131labilir.<\/p>\n\n\n\n<p>De\u011fi\u015fimler i\u00e7in \u00f6deme ayarlamas\u0131, yerine konulacak \u00fcr\u00fcn g\u00f6nderilmeden \u00f6nce tamamlanacakt\u0131r.<\/p>\n\n\n\n<p>Teslimat\u0131m\u0131z\u0131n tamam\u0131nda takip ve sigorta g\u00fcvencesi bulunmaktad\u0131r ve e\u011fer teslimat nakliye s\u0131ras\u0131nda hasar g\u00f6rm\u00fc\u015fse, teslimat\u0131 ald\u0131ktan sonra 24 saat i\u00e7inde kuryemize bildirimde bulunmam\u0131z gerekmektedir.<\/p>\n\n\n\n<p>Kurye taraf\u0131ndan sevkiyat s\u0131ras\u0131nda \u00fcr\u00fcn\u00fcn hasar g\u00f6rmesi ihtimaline kar\u015f\u0131l\u0131k, sigorta talebi i\u00e7in kuryenin bildirim s\u00fcresine uymak amac\u0131yla al\u0131c\u0131n\u0131n bize 24 saat i\u00e7inde e-posta ile bildirmesi gerekmektedir.<\/p>\n\n\n\n<p>\u00dcr\u00fcn\u00fcn kurye taraf\u0131ndan kaybolmas\u0131 ihtimalinde, sigorta talebi veya kurye ile arama ba\u015flatabilmemiz i\u00e7in al\u0131c\u0131n\u0131n teslimat\u0131n al\u0131nmad\u0131\u011f\u0131n\u0131 bize bildirmesi gerekmektedir.<\/p>\n\n\n\n<p>T\u00fcm teslimatlar i\u00e7in bir takip numaras\u0131 sa\u011flanmaktad\u0131r ve teslimat\u0131n ilerlemesini izlemek ve herhangi bir sorun olmas\u0131 durumunda bize bildirmek al\u0131c\u0131n\u0131n sorumlulu\u011fundad\u0131r.<\/p>\n\n\n\n<p>Kay\u0131p veya hasarl\u0131 teslimatlar\u0131n sigorta s\u00fcreci uzun bir s\u00fcre\u00e7 olabilir ve bu durumun olu\u015fmas\u0131 pek olas\u0131 olmasa da, m\u00fc\u015fterilerden bu s\u00fcre\u00e7 boyunca sab\u0131rl\u0131 olmalar\u0131n\u0131 rica ediyoruz.<\/p>\n\n\n\n<p>Kuryeden kay\u0131p veya hasarl\u0131 teslimat i\u00e7in sigorta talebinin onayland\u0131\u011f\u0131na dair bildirim ald\u0131\u011f\u0131m\u0131zda, etkilenen m\u00fc\u015fterimize m\u00fcmk\u00fcn olan en k\u0131sa s\u00fcrede yeni bir sipari\u015f g\u00f6nderece\u011fiz ve ayn\u0131 anda talebi sonu\u00e7land\u0131raca\u011f\u0131z.<\/p>\n\n\n\n<p>T\u00fcm sipari\u015fler Avustralya'n\u0131n Perth kentindeki depomuzdan sevk edilmektedir. Avustralya ile Serbest Ticaret Anla\u015fmas\u0131 olmayan hedef \u00fclkelere yap\u0131lan uluslararas\u0131 teslimatlar genellikle ithalat vergilerine ve har\u00e7lar\u0131na tabidir.<\/p>\n\n\n\n<p>G\u00fcmr\u00fck i\u015flemleri ve var\u0131\u015f \u00fclkesinde ortaya \u00e7\u0131kabilecek olas\u0131 gecikmeler, sorunlar ve masraflar al\u0131c\u0131n\u0131n sorumlulu\u011fundad\u0131r ve iade talebi i\u00e7in gerek\u00e7e olu\u015fturmaz.<\/p>\n\n\n\n<p>Natural Vanilla Pty Ltd'ye sipari\u015f vererek yukar\u0131daki h\u00fck\u00fcm ve ko\u015fullar\u0131 kabul etmi\u015f olursunuz.<\/p>\n\n\n\n<div class=\"wp-block-uagb-image aligncenter uagb-block-da245152 wp-block-uagb-image--layout-default wp-block-uagb-image--effect-static wp-block-uagb-image--align-center\"><figure class=\"wp-block-uagb-image__figure\"><a class=\"\" href=\"https:\/\/naturalvanilla.ae\/wp-content\/uploads\/2023\/08\/Codex-banner_en.jpg\" target=\"\" rel=\"noopener\"><img decoding=\"async\" srcset=\"https:\/\/naturalvanilla.ae\/wp-content\/uploads\/2023\/08\/Codex-banner_en.jpg \" sizes=\"auto, (max-width: 480px) 150px\" src=\"https:\/\/naturalvanilla.ae\/wp-content\/uploads\/2023\/08\/Codex-banner_en.jpg\" alt=\"Codex ba\u015fl\u0131\u011f\u0131\" class=\"uag-image-5205\" width=\"650\" height=\"121\" title=\"\" loading=\"lazy\"\/><\/a><\/figure><\/div>\n\n\n\n<p><\/p>","protected":false},"excerpt":{"rendered":"<p>Natural Vanilla&nbsp;refund policy is detailed below. We recommend purchasing the sampler size of our products so that testing and trials can be conducted to confirm the products suitability to your requirements prior to purchasing larger quantities. If there are any issues with our products refunds will be gladly made in accordance with the following Natural [&hellip;]<\/p>\n","protected":false},"author":1,"featured_media":0,"parent":0,"menu_order":0,"comment_status":"closed","ping_status":"closed","template":"","meta":{"_uag_custom_page_level_css":"","site-sidebar-layout":"right-sidebar","site-content-layout":"default","ast-site-content-layout":"default","site-content-style":"default","site-sidebar-style":"default","ast-global-header-display":"","ast-banner-title-visibility":"","ast-main-header-display":"","ast-hfb-above-header-display":"","ast-hfb-below-header-display":"","ast-hfb-mobile-header-display":"","site-post-title":"","ast-breadcrumbs-content":"","ast-featured-img":"","footer-sml-layout":"","ast-disable-related-posts":"","theme-transparent-header-meta":"default","adv-header-id-meta":"","stick-header-meta":"","header-above-stick-meta":"","header-main-stick-meta":"","header-below-stick-meta":"","astra-migrate-meta-layouts":"set","ast-page-background-enabled":"default","ast-page-background-meta":{"desktop":{"background-color":"","background-image":"","background-repeat":"repeat","background-position":"center center","background-size":"auto","background-attachment":"scroll","background-type":"","background-media":"","overlay-type":"","overlay-color":"","overlay-opacity":"","overlay-gradient":""},"tablet":{"background-color":"","background-image":"","background-repeat":"repeat","background-position":"center center","background-size":"auto","background-attachment":"scroll","background-type":"","background-media":"","overlay-type":"","overlay-color":"","overlay-opacity":"","overlay-gradient":""},"mobile":{"background-color":"","background-image":"","background-repeat":"repeat","background-position":"center center","background-size":"auto","background-attachment":"scroll","background-type":"","background-media":"","overlay-type":"","overlay-color":"","overlay-opacity":"","overlay-gradient":""}},"ast-content-background-meta":{"desktop":{"background-color":"var(--ast-global-color-5)","background-image":"","background-repeat":"repeat","background-position":"center center","background-size":"auto","background-attachment":"scroll","background-type":"","background-media":"","overlay-type":"","overlay-color":"","overlay-opacity":"","overlay-gradient":""},"tablet":{"background-color":"var(--ast-global-color-5)","background-image":"","background-repeat":"repeat","background-position":"center center","background-size":"auto","background-attachment":"scroll","background-type":"","background-media":"","overlay-type":"","overlay-color":"","overlay-opacity":"","overlay-gradient":""},"mobile":{"background-color":"var(--ast-global-color-5)","background-image":"","background-repeat":"repeat","background-position":"center center","background-size":"auto","background-attachment":"scroll","background-type":"","background-media":"","overlay-type":"","overlay-color":"","overlay-opacity":"","overlay-gradient":""}},"footnotes":""},"class_list":["post-118","page","type-page","status-publish","hentry"],"yoast_head":"<!-- This site is optimized with the Yoast SEO plugin v27.4 - https:\/\/yoast.com\/product\/yoast-seo-wordpress\/ -->\n<title>\u0633\u064a\u0627\u0633\u0629 \u0627\u0644\u0627\u0633\u062a\u0631\u062c\u0627\u0639 - \u0641\u0627\u0646\u064a\u0644\u064a\u0627 \u0637\u0628\u064a\u0639\u064a\u0629 \u0627\u0644\u0634\u0631\u0642 \u0627\u0644\u0623\u0648\u0633\u0637 | Refund Policy - Natural Vanilla Middle East<\/title>\n<meta name=\"description\" content=\"\u0635\u0641\u062d\u0629 \u0633\u064a\u0627\u0633\u0629 \u0627\u0633\u062a\u0631\u062f\u0627\u062f \u0627\u0644\u0623\u0645\u0648\u0627\u0644 \u0644\u0645\u0648\u0631\u062f \u0627\u0644\u0641\u0627\u0646\u064a\u0644\u064a\u0627 \u0627\u0644\u0637\u0628\u064a\u0639\u064a \u0641\u064a \u0627\u0644\u0634\u0631\u0642 \u0627\u0644\u0623\u0648\u0633\u0637 | Natural Vanilla Store Middle East vanilla supplier refund policy page.\" \/>\n<meta name=\"robots\" content=\"index, follow, max-snippet:-1, max-image-preview:large, max-video-preview:-1\" \/>\n<link rel=\"canonical\" href=\"https:\/\/naturalvanilla.ae\/tr\/iade-politikasi\/\" \/>\n<meta property=\"og:locale\" content=\"tr_TR\" \/>\n<meta property=\"og:type\" content=\"article\" \/>\n<meta property=\"og:title\" content=\"\u0633\u064a\u0627\u0633\u0629 \u0627\u0644\u0627\u0633\u062a\u0631\u062c\u0627\u0639 - \u0641\u0627\u0646\u064a\u0644\u064a\u0627 \u0637\u0628\u064a\u0639\u064a\u0629 \u0627\u0644\u0634\u0631\u0642 \u0627\u0644\u0623\u0648\u0633\u0637 | Refund Policy - Natural Vanilla Middle East\" \/>\n<meta property=\"og:description\" content=\"\u0635\u0641\u062d\u0629 \u0633\u064a\u0627\u0633\u0629 \u0627\u0633\u062a\u0631\u062f\u0627\u062f \u0627\u0644\u0623\u0645\u0648\u0627\u0644 \u0644\u0645\u0648\u0631\u062f \u0627\u0644\u0641\u0627\u0646\u064a\u0644\u064a\u0627 \u0627\u0644\u0637\u0628\u064a\u0639\u064a \u0641\u064a \u0627\u0644\u0634\u0631\u0642 \u0627\u0644\u0623\u0648\u0633\u0637 | Natural Vanilla Store Middle East vanilla supplier refund policy page.\" \/>\n<meta property=\"og:url\" content=\"https:\/\/naturalvanilla.ae\/tr\/iade-politikasi\/\" \/>\n<meta property=\"og:site_name\" content=\"Natural Vanilla Middle East\" \/>\n<meta property=\"article:publisher\" content=\"https:\/\/www.facebook.com\/naturalvanilla.com.au\" \/>\n<meta property=\"article:modified_time\" content=\"2025-09-11T15:59:35+00:00\" \/>\n<meta property=\"og:image\" content=\"https:\/\/naturalvanilla.ae\/wp-content\/uploads\/2022\/02\/EFSA_logo-Trans.png\" \/>\n<meta name=\"twitter:card\" content=\"summary_large_image\" \/>\n<meta name=\"twitter:label1\" content=\"Tahmini okuma s\u00fcresi\" \/>\n\t<meta name=\"twitter:data1\" content=\"4 dakika\" \/>\n<script type=\"application\/ld+json\" class=\"yoast-schema-graph\">{\"@context\":\"https:\\\/\\\/schema.org\",\"@graph\":[{\"@type\":\"WebPage\",\"@id\":\"https:\\\/\\\/naturalvanilla.ae\\\/kw\\\/%d8%b3%d9%8a%d8%a7%d8%b3%d8%a9-%d8%a7%d9%84%d8%a7%d8%b3%d8%aa%d8%b1%d8%af%d8%a7%d8%af\\\/\",\"url\":\"https:\\\/\\\/naturalvanilla.ae\\\/kw\\\/%d8%b3%d9%8a%d8%a7%d8%b3%d8%a9-%d8%a7%d9%84%d8%a7%d8%b3%d8%aa%d8%b1%d8%af%d8%a7%d8%af\\\/\",\"name\":\"\u0633\u064a\u0627\u0633\u0629 \u0627\u0644\u0627\u0633\u062a\u0631\u062c\u0627\u0639 - \u0641\u0627\u0646\u064a\u0644\u064a\u0627 \u0637\u0628\u064a\u0639\u064a\u0629 \u0627\u0644\u0634\u0631\u0642 \u0627\u0644\u0623\u0648\u0633\u0637 | Refund Policy - Natural Vanilla Middle East\",\"isPartOf\":{\"@id\":\"https:\\\/\\\/naturalvanilla.ae\\\/kw\\\/#website\"},\"primaryImageOfPage\":{\"@id\":\"https:\\\/\\\/naturalvanilla.ae\\\/kw\\\/%d8%b3%d9%8a%d8%a7%d8%b3%d8%a9-%d8%a7%d9%84%d8%a7%d8%b3%d8%aa%d8%b1%d8%af%d8%a7%d8%af\\\/#primaryimage\"},\"image\":{\"@id\":\"https:\\\/\\\/naturalvanilla.ae\\\/kw\\\/%d8%b3%d9%8a%d8%a7%d8%b3%d8%a9-%d8%a7%d9%84%d8%a7%d8%b3%d8%aa%d8%b1%d8%af%d8%a7%d8%af\\\/#primaryimage\"},\"thumbnailUrl\":\"https:\\\/\\\/naturalvanilla.ae\\\/wp-content\\\/uploads\\\/2022\\\/02\\\/EFSA_logo-Trans.png\",\"datePublished\":\"2019-05-26T09:58:16+00:00\",\"dateModified\":\"2025-09-11T15:59:35+00:00\",\"description\":\"\u0635\u0641\u062d\u0629 \u0633\u064a\u0627\u0633\u0629 \u0627\u0633\u062a\u0631\u062f\u0627\u062f \u0627\u0644\u0623\u0645\u0648\u0627\u0644 \u0644\u0645\u0648\u0631\u062f \u0627\u0644\u0641\u0627\u0646\u064a\u0644\u064a\u0627 \u0627\u0644\u0637\u0628\u064a\u0639\u064a \u0641\u064a \u0627\u0644\u0634\u0631\u0642 \u0627\u0644\u0623\u0648\u0633\u0637 | Natural Vanilla Store Middle East vanilla supplier refund policy page.\",\"breadcrumb\":{\"@id\":\"https:\\\/\\\/naturalvanilla.ae\\\/kw\\\/%d8%b3%d9%8a%d8%a7%d8%b3%d8%a9-%d8%a7%d9%84%d8%a7%d8%b3%d8%aa%d8%b1%d8%af%d8%a7%d8%af\\\/#breadcrumb\"},\"inLanguage\":\"tr\",\"potentialAction\":[{\"@type\":\"ReadAction\",\"target\":[\"https:\\\/\\\/naturalvanilla.ae\\\/kw\\\/%d8%b3%d9%8a%d8%a7%d8%b3%d8%a9-%d8%a7%d9%84%d8%a7%d8%b3%d8%aa%d8%b1%d8%af%d8%a7%d8%af\\\/\"]}]},{\"@type\":\"ImageObject\",\"inLanguage\":\"tr\",\"@id\":\"https:\\\/\\\/naturalvanilla.ae\\\/kw\\\/%d8%b3%d9%8a%d8%a7%d8%b3%d8%a9-%d8%a7%d9%84%d8%a7%d8%b3%d8%aa%d8%b1%d8%af%d8%a7%d8%af\\\/#primaryimage\",\"url\":\"https:\\\/\\\/naturalvanilla.ae\\\/wp-content\\\/uploads\\\/2022\\\/02\\\/EFSA_logo-Trans.png\",\"contentUrl\":\"https:\\\/\\\/naturalvanilla.ae\\\/wp-content\\\/uploads\\\/2022\\\/02\\\/EFSA_logo-Trans.png\"},{\"@type\":\"BreadcrumbList\",\"@id\":\"https:\\\/\\\/naturalvanilla.ae\\\/kw\\\/%d8%b3%d9%8a%d8%a7%d8%b3%d8%a9-%d8%a7%d9%84%d8%a7%d8%b3%d8%aa%d8%b1%d8%af%d8%a7%d8%af\\\/#breadcrumb\",\"itemListElement\":[{\"@type\":\"ListItem\",\"position\":1,\"name\":\"Home\",\"item\":\"https:\\\/\\\/naturalvanilla.ae\\\/kw\\\/\"},{\"@type\":\"ListItem\",\"position\":2,\"name\":\"Refund Policy\"}]},{\"@type\":\"WebSite\",\"@id\":\"https:\\\/\\\/naturalvanilla.ae\\\/kw\\\/#website\",\"url\":\"https:\\\/\\\/naturalvanilla.ae\\\/kw\\\/\",\"name\":\"Natural Vanilla Store\",\"description\":\"Leading Middle East Supplier of Quality Vanilla\",\"publisher\":{\"@id\":\"https:\\\/\\\/naturalvanilla.ae\\\/kw\\\/#organization\"},\"potentialAction\":[{\"@type\":\"SearchAction\",\"target\":{\"@type\":\"EntryPoint\",\"urlTemplate\":\"https:\\\/\\\/naturalvanilla.ae\\\/kw\\\/?s={search_term_string}\"},\"query-input\":{\"@type\":\"PropertyValueSpecification\",\"valueRequired\":true,\"valueName\":\"search_term_string\"}}],\"inLanguage\":\"tr\"},{\"@type\":\"Organization\",\"@id\":\"https:\\\/\\\/naturalvanilla.ae\\\/kw\\\/#organization\",\"name\":\"Natural Vanilla Store\",\"url\":\"https:\\\/\\\/naturalvanilla.ae\\\/kw\\\/\",\"logo\":{\"@type\":\"ImageObject\",\"inLanguage\":\"tr\",\"@id\":\"https:\\\/\\\/naturalvanilla.ae\\\/kw\\\/#\\\/schema\\\/logo\\\/image\\\/\",\"url\":\"https:\\\/\\\/naturalvanilla.ae\\\/wp-content\\\/uploads\\\/2022\\\/12\\\/Natural-Vanilla-Seal-CMYK.png\",\"contentUrl\":\"https:\\\/\\\/naturalvanilla.ae\\\/wp-content\\\/uploads\\\/2022\\\/12\\\/Natural-Vanilla-Seal-CMYK.png\",\"width\":591,\"height\":591,\"caption\":\"Natural Vanilla Store\"},\"image\":{\"@id\":\"https:\\\/\\\/naturalvanilla.ae\\\/kw\\\/#\\\/schema\\\/logo\\\/image\\\/\"},\"sameAs\":[\"https:\\\/\\\/www.facebook.com\\\/naturalvanilla.com.au\",\"https:\\\/\\\/www.instagram.com\\\/natural_vanilla_store\",\"https:\\\/\\\/www.linkedin.com\\\/company\\\/natural-vanilla-pty-ltd\\\/\",\"https:\\\/\\\/www.pinterest.com\\\/natural_vanilla_store\"]}]}<\/script>\n<!-- \/ Yoast SEO plugin. -->","yoast_head_json":{"title":"\u0130ade Politikas\u0131 - Natural Vanilla Middle East","description":"Orta Do\u011fu Do\u011fal Vanilya Tedarik\u00e7isi Para \u0130adesi Politikas\u0131 Sayfas\u0131 | Natural Vanilla Store Middle East vanilla supplier refund policy page.","robots":{"index":"index","follow":"follow","max-snippet":"max-snippet:-1","max-image-preview":"max-image-preview:large","max-video-preview":"max-video-preview:-1"},"canonical":"https:\/\/naturalvanilla.ae\/tr\/iade-politikasi\/","og_locale":"tr_TR","og_type":"article","og_title":"\u0633\u064a\u0627\u0633\u0629 \u0627\u0644\u0627\u0633\u062a\u0631\u062c\u0627\u0639 - \u0641\u0627\u0646\u064a\u0644\u064a\u0627 \u0637\u0628\u064a\u0639\u064a\u0629 \u0627\u0644\u0634\u0631\u0642 \u0627\u0644\u0623\u0648\u0633\u0637 | Refund Policy - Natural Vanilla Middle East","og_description":"\u0635\u0641\u062d\u0629 \u0633\u064a\u0627\u0633\u0629 \u0627\u0633\u062a\u0631\u062f\u0627\u062f \u0627\u0644\u0623\u0645\u0648\u0627\u0644 \u0644\u0645\u0648\u0631\u062f \u0627\u0644\u0641\u0627\u0646\u064a\u0644\u064a\u0627 \u0627\u0644\u0637\u0628\u064a\u0639\u064a \u0641\u064a \u0627\u0644\u0634\u0631\u0642 \u0627\u0644\u0623\u0648\u0633\u0637 | Natural Vanilla Store Middle East vanilla supplier refund policy page.","og_url":"https:\/\/naturalvanilla.ae\/tr\/iade-politikasi\/","og_site_name":"Natural Vanilla Middle East","article_publisher":"https:\/\/www.facebook.com\/naturalvanilla.com.au","article_modified_time":"2025-09-11T15:59:35+00:00","og_image":[{"url":"https:\/\/naturalvanilla.ae\/wp-content\/uploads\/2022\/02\/EFSA_logo-Trans.png","type":"","width":"","height":""}],"twitter_card":"summary_large_image","twitter_misc":{"Tahmini okuma s\u00fcresi":"4 dakika"},"schema":{"@context":"https:\/\/schema.org","@graph":[{"@type":"WebPage","@id":"https:\/\/naturalvanilla.ae\/kw\/%d8%b3%d9%8a%d8%a7%d8%b3%d8%a9-%d8%a7%d9%84%d8%a7%d8%b3%d8%aa%d8%b1%d8%af%d8%a7%d8%af\/","url":"https:\/\/naturalvanilla.ae\/kw\/%d8%b3%d9%8a%d8%a7%d8%b3%d8%a9-%d8%a7%d9%84%d8%a7%d8%b3%d8%aa%d8%b1%d8%af%d8%a7%d8%af\/","name":"\u0130ade Politikas\u0131 - Natural Vanilla Middle East","isPartOf":{"@id":"https:\/\/naturalvanilla.ae\/kw\/#website"},"primaryImageOfPage":{"@id":"https:\/\/naturalvanilla.ae\/kw\/%d8%b3%d9%8a%d8%a7%d8%b3%d8%a9-%d8%a7%d9%84%d8%a7%d8%b3%d8%aa%d8%b1%d8%af%d8%a7%d8%af\/#primaryimage"},"image":{"@id":"https:\/\/naturalvanilla.ae\/kw\/%d8%b3%d9%8a%d8%a7%d8%b3%d8%a9-%d8%a7%d9%84%d8%a7%d8%b3%d8%aa%d8%b1%d8%af%d8%a7%d8%af\/#primaryimage"},"thumbnailUrl":"https:\/\/naturalvanilla.ae\/wp-content\/uploads\/2022\/02\/EFSA_logo-Trans.png","datePublished":"2019-05-26T09:58:16+00:00","dateModified":"2025-09-11T15:59:35+00:00","description":"Orta Do\u011fu Do\u011fal Vanilya Tedarik\u00e7isi Para \u0130adesi Politikas\u0131 Sayfas\u0131 | Natural Vanilla Store Middle East vanilla supplier refund policy page.","breadcrumb":{"@id":"https:\/\/naturalvanilla.ae\/kw\/%d8%b3%d9%8a%d8%a7%d8%b3%d8%a9-%d8%a7%d9%84%d8%a7%d8%b3%d8%aa%d8%b1%d8%af%d8%a7%d8%af\/#breadcrumb"},"inLanguage":"tr","potentialAction":[{"@type":"ReadAction","target":["https:\/\/naturalvanilla.ae\/kw\/%d8%b3%d9%8a%d8%a7%d8%b3%d8%a9-%d8%a7%d9%84%d8%a7%d8%b3%d8%aa%d8%b1%d8%af%d8%a7%d8%af\/"]}]},{"@type":"ImageObject","inLanguage":"tr","@id":"https:\/\/naturalvanilla.ae\/kw\/%d8%b3%d9%8a%d8%a7%d8%b3%d8%a9-%d8%a7%d9%84%d8%a7%d8%b3%d8%aa%d8%b1%d8%af%d8%a7%d8%af\/#primaryimage","url":"https:\/\/naturalvanilla.ae\/wp-content\/uploads\/2022\/02\/EFSA_logo-Trans.png","contentUrl":"https:\/\/naturalvanilla.ae\/wp-content\/uploads\/2022\/02\/EFSA_logo-Trans.png"},{"@type":"BreadcrumbList","@id":"https:\/\/naturalvanilla.ae\/kw\/%d8%b3%d9%8a%d8%a7%d8%b3%d8%a9-%d8%a7%d9%84%d8%a7%d8%b3%d8%aa%d8%b1%d8%af%d8%a7%d8%af\/#breadcrumb","itemListElement":[{"@type":"ListItem","position":1,"name":"Home","item":"https:\/\/naturalvanilla.ae\/kw\/"},{"@type":"ListItem","position":2,"name":"Refund Policy"}]},{"@type":"WebSite","@id":"https:\/\/naturalvanilla.ae\/kw\/#website","url":"https:\/\/naturalvanilla.ae\/kw\/","name":"Do\u011fal Vanilya D\u00fckkan\u0131","description":"Kaliteli Vanilyan\u0131n Ortado\u011fu'daki \u00d6nde Gelen Tedarik\u00e7isi","publisher":{"@id":"https:\/\/naturalvanilla.ae\/kw\/#organization"},"potentialAction":[{"@type":"SearchAction","target":{"@type":"EntryPoint","urlTemplate":"https:\/\/naturalvanilla.ae\/kw\/?s={search_term_string}"},"query-input":{"@type":"PropertyValueSpecification","valueRequired":true,"valueName":"search_term_string"}}],"inLanguage":"tr"},{"@type":"Organization","@id":"https:\/\/naturalvanilla.ae\/kw\/#organization","name":"Do\u011fal Vanilya D\u00fckkan\u0131","url":"https:\/\/naturalvanilla.ae\/kw\/","logo":{"@type":"ImageObject","inLanguage":"tr","@id":"https:\/\/naturalvanilla.ae\/kw\/#\/schema\/logo\/image\/","url":"https:\/\/naturalvanilla.ae\/wp-content\/uploads\/2022\/12\/Natural-Vanilla-Seal-CMYK.png","contentUrl":"https:\/\/naturalvanilla.ae\/wp-content\/uploads\/2022\/12\/Natural-Vanilla-Seal-CMYK.png","width":591,"height":591,"caption":"Natural Vanilla Store"},"image":{"@id":"https:\/\/naturalvanilla.ae\/kw\/#\/schema\/logo\/image\/"},"sameAs":["https:\/\/www.facebook.com\/naturalvanilla.com.au","https:\/\/www.instagram.com\/natural_vanilla_store","https:\/\/www.linkedin.com\/company\/natural-vanilla-pty-ltd\/","https:\/\/www.pinterest.com\/natural_vanilla_store"]}]}},"uagb_featured_image_src":{"full":false,"thumbnail":false,"medium":false,"medium_large":false,"large":false,"1536x1536":false,"2048x2048":false,"trp-custom-language-flag":false,"woocommerce_thumbnail":false,"woocommerce_single":false,"woocommerce_gallery_thumbnail":false},"uagb_author_info":{"display_name":"Natural Vanilla Store","author_link":"https:\/\/naturalvanilla.ae\/tr\/author\/admin\/"},"uagb_comment_info":0,"uagb_excerpt":"Natural Vanilla&nbsp;refund policy is detailed below. We recommend purchasing the sampler size of our products so that testing and trials can be conducted to confirm the products suitability to your requirements prior to purchasing larger quantities. If there are any issues with our products refunds will be gladly made in accordance with the following Natural&hellip;","_links":{"self":[{"href":"https:\/\/naturalvanilla.ae\/tr\/wp-json\/wp\/v2\/pages\/118","targetHints":{"allow":["GET"]}}],"collection":[{"href":"https:\/\/naturalvanilla.ae\/tr\/wp-json\/wp\/v2\/pages"}],"about":[{"href":"https:\/\/naturalvanilla.ae\/tr\/wp-json\/wp\/v2\/types\/page"}],"author":[{"embeddable":true,"href":"https:\/\/naturalvanilla.ae\/tr\/wp-json\/wp\/v2\/users\/1"}],"replies":[{"embeddable":true,"href":"https:\/\/naturalvanilla.ae\/tr\/wp-json\/wp\/v2\/comments?post=118"}],"version-history":[{"count":1,"href":"https:\/\/naturalvanilla.ae\/tr\/wp-json\/wp\/v2\/pages\/118\/revisions"}],"predecessor-version":[{"id":5935,"href":"https:\/\/naturalvanilla.ae\/tr\/wp-json\/wp\/v2\/pages\/118\/revisions\/5935"}],"wp:attachment":[{"href":"https:\/\/naturalvanilla.ae\/tr\/wp-json\/wp\/v2\/media?parent=118"}],"curies":[{"name":"wp","href":"https:\/\/api.w.org\/{rel}","templated":true}]}}