{"id":124,"date":"2019-05-26T09:59:28","date_gmt":"2019-05-26T09:59:28","guid":{"rendered":"http:\/\/www.naturalvanilla.net.au\/?page_id=124"},"modified":"2025-09-11T17:55:33","modified_gmt":"2025-09-11T14:55:33","slug":"vanilya-ezmesi","status":"publish","type":"page","link":"https:\/\/naturalvanilla.ae\/tr\/vanilla-paste\/","title":{"rendered":"Vanilya Ezmesi"},"content":{"rendered":"<div class=\"wp-block-uagb-image aligncenter uagb-block-1586f8ee wp-block-uagb-image--layout-default wp-block-uagb-image--effect-static wp-block-uagb-image--align-center\"><figure class=\"wp-block-uagb-image__figure\"><a class=\"\" href=\"https:\/\/naturalvanilla.ae\/wp-content\/uploads\/2023\/08\/Natural-Vanilla-Vanilla-Paste-Traditional-Range.jpg\" target=\"\" rel=\"noopener\"><img decoding=\"async\" srcset=\"https:\/\/naturalvanilla.ae\/wp-content\/uploads\/2023\/08\/Natural-Vanilla-Vanilla-Paste-Traditional-Range.jpg \" sizes=\"auto, (max-width: 480px) 150px\" src=\"https:\/\/naturalvanilla.ae\/wp-content\/uploads\/2023\/08\/Natural-Vanilla-Vanilla-Paste-Traditional-Range.jpg\" alt=\"Do\u011fal-Vanilya-Vanilya-Ezmesi-Geleneksel-Seri.jpg\" class=\"uag-image-5141\" width=\"1600\" height=\"1600\" title=\"\" loading=\"lazy\" role=\"img\"\/><\/a><\/figure><\/div>\n\n\n\n<div style=\"height:30px\" aria-hidden=\"true\" class=\"wp-block-spacer\"><\/div>\n\n\n\n<h3 class=\"wp-block-heading alignwide has-text-align-left\">Vanilya \u00d6z\u00fct\u00fc Macunu \u00dcretimi<\/h3>\n\n\n\n<p><a href=\"https:\/\/naturalvanilla.ae\/tr\/\">Do\u011fal Vanilya D\u00fckkan\u0131<\/a> Taze vanilya \u00e7ubuklar\u0131 ve vanilya havyar\u0131 tohumlar\u0131 kullanarak kendi \u00f6zel tarifimize g\u00f6re vanilya ezmesi \u00fcretiyoruz. \u00dcst\u00fcn lezzeti d\u00fcnya \u00e7ap\u0131ndaki m\u00fc\u015fterilerimiz taraf\u0131ndan \u00e7ok be\u011feniliyor. Ezmeyi \u00fcretmek i\u00e7in vanilya \u00f6 S\u00fcz\u00fcm\u00fcz, saf, kuru vanilya havyar\u0131 tohumlar\u0131yla birle\u015ftirilir ve vanilya havyar\u0131 tohumlar\u0131n\u0131 s\u0131v\u0131n\u0131n i\u00e7inde ask\u0131da tutacak uygun bir viskozite sa\u011flamak i\u00e7in hafif\u00e7e koyula\u015ft\u0131r\u0131l\u0131r. Koyula\u015ft\u0131rma do\u011fal bir y\u00f6ntemle yap\u0131l\u0131r ve bile\u015fenlerin t\u00fcm\u00fc do\u011fald\u0131r, koruyucu madde, renklendirici madde ve k\u0131s\u0131tlanm\u0131\u015f madde i\u00e7ermez.<\/p>\n\n\n\n<h3 class=\"wp-block-heading alignwide\">Vanilya Ezmesi Kullan\u0131m Alanlar\u0131<\/h3>\n\n\n\n<p>Ger\u00e7ek vanilya \u00e7ubu\u011fu ezmesinin kullan\u0131m\u0131, hem yiyece\u011fe kat\u0131lan ola\u011fan\u00fcst\u00fc aroma ve lezzetinden hem de k\u00fc\u00e7\u00fck vanilya havyar\u0131 tohumlar\u0131n\u0131n izlerinin yeme\u011fin haz\u0131rlanmas\u0131nda ger\u00e7ek vanilya kullan\u0131ld\u0131\u011f\u0131n\u0131n kan\u0131t\u0131 olarak g\u00f6r\u00fclmesinden anla\u015f\u0131labilir. Uzun s\u00fcreli ticari m\u00fc\u015fterilerimizden bir\u00e7o\u011fu, ezmemizin lezzet ve aromas\u0131n\u0131 ve ayr\u0131ca da\u011f\u0131lm\u0131\u015f olan vanilya havyar\u0131 tohumlar\u0131n\u0131n dahil edilmesini takdir etmektedir. M\u00fc\u015fteriler, dondurma ve panna cotta, muhallebi, krem brule, krem karamel ve cheesecake gibi tatl\u0131lar\u0131n haz\u0131rlanmas\u0131nda ezmemizi b\u00fcy\u00fck miktarlarda kullanmaktad\u0131rlar. Vanilya \u00e7ubu\u011fu ezmesi kullanmak, bir\u00e7ok g\u0131da t\u00fcr\u00fcnde \u00fcst\u00fcn bir vanilya lezzeti, kokusu, dokusu ve estetik g\u00f6r\u00fcn\u00fcm kazand\u0131rmak i\u00e7in \u00fcst\u00fcn bir y\u00f6ntem sa\u011flar.<\/p>\n\n\n\n<h3 class=\"wp-block-heading alignwide\">Kalite G\u00fcvencesi<\/h3>\n\n\n\n<p>D\u00fcnyan\u0131n d\u00f6rt bir yan\u0131ndaki ticari m\u00fc\u015fterilerimiz, vanilya ezmemizi i\u00e7eren bir\u00e7ok g\u0131da \u00fcr\u00fcn\u00fc \u00fcretmi\u015ftir. Ticari m\u00fc\u015fterilerimiz, g\u0131da g\u00fcvenli\u011fi standartlar\u0131m\u0131z\u0131 kar\u015f\u0131lad\u0131\u011f\u0131m\u0131z ve ezmemizin zararl\u0131 maddelerden ve organizmalardan ar\u0131nm\u0131\u015f oldu\u011fu ve uluslararas\u0131 mevzuat g\u0131da gereksinimlerini kar\u015f\u0131lad\u0131\u011f\u0131 konusunda g\u00fcvence ister. Bu nedenle kalite g\u00fcvencemiz, G\u0131da G\u00fcvenli\u011fi Program\u0131m\u0131z\u0131n, \u00dcr\u00fcn Spesifikasyonlar\u0131m\u0131z\u0131n, Analiz Sertifikam\u0131z\u0131n ve Mikrobiyolojimizin t\u00fcm\u00fcn\u00fcn korunmas\u0131n\u0131 gerektirir. <a href=\"https:\/\/www.sfa.gov.sg\/food-information\/food-safety-education\/singapores-food-safety-standards\" target=\"_blank\" rel=\"noopener noreferrer\">uluslararas\u0131 standartlar<\/a>.<\/p>\n\n\n\n<h3 class=\"wp-block-heading alignwide\">Etik Kaynakl\u0131 ve Organik Olarak Yeti\u015ftirilmi\u015f<\/h3>\n\n\n\n<p>Vanilya macunu \u00fcretiminde kulland\u0131\u011f\u0131m\u0131z vanilya \u00e7ekirdekleri, yeti\u015ftiricilere iyi piyasa oranlar\u0131 \u00f6denerek etik olarak temin edilmi\u015ftir. Ayr\u0131ca kimyasal veya yapay g\u00fcbre kullan\u0131lmadan organik olarak yeti\u015ftirilmi\u015flerdir. Macunumuzun \u00fcretiminde kullan\u0131lan vanilya kaps\u00fclleri resmi olarak sertifikal\u0131 organik olmasa da, vanilya kaps\u00fclleri organik y\u00f6ntemler kullan\u0131larak yeti\u015ftirilmi\u015ftir. Vanilya yeti\u015ftirilen b\u00f6lgelerdeki zengin topraklar yapay g\u00fcbre gerektirmez ve vanilya orkideleri b\u00f6ceklere ve hastal\u0131klara kar\u015f\u0131 y\u00fcksek d\u00fczeyde do\u011fal dirence sahip oldu\u011fundan kimyasal ila\u00e7lama kullan\u0131lmaz.<\/p>\n\n\n\n<h3 class=\"wp-block-heading alignwide\">Paket Boyutu Se\u00e7enekleri<\/h3>\n\n\n\n<p>Vanilya ezmesi tedari\u011fimiz i\u00e7in b\u00fcy\u00fck ticari m\u00fc\u015fterilerimizin ihtiya\u00e7lar\u0131na uygun, indirimli toplu sat\u0131\u015f fiyatlar\u0131yla 10 litrelik b\u00fcy\u00fck varillerden, perakende m\u00fc\u015fterilerine y\u00f6nelik 200 ml'lik paketlere kadar \u00e7e\u015fitli paket boyutu se\u00e7eneklerimiz mevcuttur.<\/p>\n\n\n\n<p><\/p>","protected":false},"excerpt":{"rendered":"<p>Vanilla Bean Paste Production Natural Vanilla Store produce vanilla paste to our own proprietary recipe using fresh vanilla pods and vanilla caviar seeds. Its superior taste is liked by our customers across the world. To produce the paste our vanilla extract is combined with pure dried vanilla caviar seeds and slightly thickened to provide a [&hellip;]<\/p>\n","protected":false},"author":1,"featured_media":0,"parent":0,"menu_order":0,"comment_status":"closed","ping_status":"closed","template":"","meta":{"_uag_custom_page_level_css":"","site-sidebar-layout":"default","site-content-layout":"default","ast-site-content-layout":"default","site-content-style":"default","site-sidebar-style":"default","ast-global-header-display":"","ast-banner-title-visibility":"","ast-main-header-display":"","ast-hfb-above-header-display":"","ast-hfb-below-header-display":"","ast-hfb-mobile-header-display":"","site-post-title":"","ast-breadcrumbs-content":"","ast-featured-img":"","footer-sml-layout":"","ast-disable-related-posts":"","theme-transparent-header-meta":"default","adv-header-id-meta":"","stick-header-meta":"","header-above-stick-meta":"","header-main-stick-meta":"","header-below-stick-meta":"","astra-migrate-meta-layouts":"set","ast-page-background-enabled":"default","ast-page-background-meta":{"desktop":{"background-color":"","background-image":"","background-repeat":"repeat","background-position":"center center","background-size":"auto","background-attachment":"scroll","background-type":"","background-media":"","overlay-type":"","overlay-color":"","overlay-opacity":"","overlay-gradient":""},"tablet":{"background-color":"","background-image":"","background-repeat":"repeat","background-position":"center center","background-size":"auto","background-attachment":"scroll","background-type":"","background-media":"","overlay-type":"","overlay-color":"","overlay-opacity":"","overlay-gradient":""},"mobile":{"background-color":"","background-image":"","background-repeat":"repeat","background-position":"center center","background-size":"auto","background-attachment":"scroll","background-type":"","background-media":"","overlay-type":"","overlay-color":"","overlay-opacity":"","overlay-gradient":""}},"ast-content-background-meta":{"desktop":{"background-color":"var(--ast-global-color-5)","background-image":"","background-repeat":"repeat","background-position":"center center","background-size":"auto","background-attachment":"scroll","background-type":"","background-media":"","overlay-type":"","overlay-color":"","overlay-opacity":"","overlay-gradient":""},"tablet":{"background-color":"var(--ast-global-color-5)","background-image":"","background-repeat":"repeat","background-position":"center center","background-size":"auto","background-attachment":"scroll","background-type":"","background-media":"","overlay-type":"","overlay-color":"","overlay-opacity":"","overlay-gradient":""},"mobile":{"background-color":"var(--ast-global-color-5)","background-image":"","background-repeat":"repeat","background-position":"center center","background-size":"auto","background-attachment":"scroll","background-type":"","background-media":"","overlay-type":"","overlay-color":"","overlay-opacity":"","overlay-gradient":""}},"footnotes":""},"class_list":["post-124","page","type-page","status-publish","hentry"],"yoast_head":"<!-- This site is optimized with the Yoast SEO plugin v27.4 - https:\/\/yoast.com\/product\/yoast-seo-wordpress\/ -->\n<title>\u0645\u0639\u062c\u0648\u0646 \u0627\u0644\u0641\u0627\u0646\u064a\u0644\u064a\u0627 | Vanilla Paste | \u0645\u0639\u062c\u0648\u0646 \u0627\u0644\u0641\u0627\u0646\u064a\u0644\u064a\u0627 \u0628\u0643\u0645\u064a\u0627\u062a \u0643\u0628\u064a\u0631\u0629 | Vanilla Paste Bulk<\/title>\n<meta name=\"description\" content=\"\u0645\u0639\u062c\u0648\u0646 \u0627\u0644\u0641\u0627\u0646\u064a\u0644\u064a\u0627 \u0627\u0634\u062a\u0631\u064a \u0645\u0639\u062c\u0648\u0646 \u0627\u0644\u0641\u0627\u0646\u064a\u0644\u064a\u0627 \u0628\u0643\u0645\u064a\u0627\u062a \u0643\u0628\u064a\u0631\u0629 \u0639\u0628\u0631 \u0627\u0644\u0625\u0646\u062a\u0631\u0646\u062a \u0628\u0633\u0639\u0631 \u0627\u0644\u062c\u0645\u0644\u0629 | Vanilla paste buy bulk vanilla paste online at wholesale price.\" \/>\n<meta name=\"robots\" content=\"index, follow, max-snippet:-1, max-image-preview:large, max-video-preview:-1\" \/>\n<link rel=\"canonical\" href=\"https:\/\/60.104.18.34.bc.googleusercontent.com\/sa\/vanilla-paste\/\" \/>\n<meta property=\"og:locale\" content=\"tr_TR\" \/>\n<meta property=\"og:type\" content=\"article\" \/>\n<meta property=\"og:title\" content=\"\u0645\u0639\u062c\u0648\u0646 \u0627\u0644\u0641\u0627\u0646\u064a\u0644\u064a\u0627 | Vanilla Paste | \u0645\u0639\u062c\u0648\u0646 \u0627\u0644\u0641\u0627\u0646\u064a\u0644\u064a\u0627 \u0628\u0643\u0645\u064a\u0627\u062a \u0643\u0628\u064a\u0631\u0629 | Vanilla Paste Bulk\" \/>\n<meta property=\"og:description\" content=\"\u0645\u0639\u062c\u0648\u0646 \u0627\u0644\u0641\u0627\u0646\u064a\u0644\u064a\u0627 \u0627\u0634\u062a\u0631\u064a \u0645\u0639\u062c\u0648\u0646 \u0627\u0644\u0641\u0627\u0646\u064a\u0644\u064a\u0627 \u0628\u0643\u0645\u064a\u0627\u062a \u0643\u0628\u064a\u0631\u0629 \u0639\u0628\u0631 \u0627\u0644\u0625\u0646\u062a\u0631\u0646\u062a \u0628\u0633\u0639\u0631 \u0627\u0644\u062c\u0645\u0644\u0629 | Vanilla paste buy bulk vanilla paste online at wholesale price.\" \/>\n<meta property=\"og:url\" content=\"https:\/\/60.104.18.34.bc.googleusercontent.com\/sa\/vanilla-paste\/\" \/>\n<meta property=\"og:site_name\" content=\"Natural Vanilla Middle East\" \/>\n<meta property=\"article:publisher\" content=\"https:\/\/www.facebook.com\/naturalvanilla.com.au\" \/>\n<meta property=\"article:modified_time\" content=\"2025-09-11T14:55:33+00:00\" \/>\n<meta property=\"og:image\" content=\"https:\/\/naturalvanilla.ae\/wp-content\/uploads\/2023\/08\/Natural-Vanilla-Vanilla-Paste-Traditional-Range.jpg\" \/>\n<meta name=\"twitter:card\" content=\"summary_large_image\" \/>\n<meta name=\"twitter:label1\" content=\"Tahmini okuma s\u00fcresi\" \/>\n\t<meta name=\"twitter:data1\" content=\"3 dakika\" \/>\n<script type=\"application\/ld+json\" class=\"yoast-schema-graph\">{\"@context\":\"https:\\\/\\\/schema.org\",\"@graph\":[{\"@type\":\"WebPage\",\"@id\":\"https:\\\/\\\/60.104.18.34.bc.googleusercontent.com\\\/sa\\\/vanilla-paste\\\/\",\"url\":\"https:\\\/\\\/60.104.18.34.bc.googleusercontent.com\\\/sa\\\/vanilla-paste\\\/\",\"name\":\"\u0645\u0639\u062c\u0648\u0646 \u0627\u0644\u0641\u0627\u0646\u064a\u0644\u064a\u0627 | Vanilla Paste | \u0645\u0639\u062c\u0648\u0646 \u0627\u0644\u0641\u0627\u0646\u064a\u0644\u064a\u0627 \u0628\u0643\u0645\u064a\u0627\u062a \u0643\u0628\u064a\u0631\u0629 | Vanilla Paste Bulk\",\"isPartOf\":{\"@id\":\"https:\\\/\\\/naturalvanilla.ae\\\/om\\\/#website\"},\"primaryImageOfPage\":{\"@id\":\"https:\\\/\\\/60.104.18.34.bc.googleusercontent.com\\\/sa\\\/vanilla-paste\\\/#primaryimage\"},\"image\":{\"@id\":\"https:\\\/\\\/60.104.18.34.bc.googleusercontent.com\\\/sa\\\/vanilla-paste\\\/#primaryimage\"},\"thumbnailUrl\":\"https:\\\/\\\/naturalvanilla.ae\\\/wp-content\\\/uploads\\\/2023\\\/08\\\/Natural-Vanilla-Vanilla-Paste-Traditional-Range.jpg\",\"datePublished\":\"2019-05-26T09:59:28+00:00\",\"dateModified\":\"2025-09-11T14:55:33+00:00\",\"description\":\"\u0645\u0639\u062c\u0648\u0646 \u0627\u0644\u0641\u0627\u0646\u064a\u0644\u064a\u0627 \u0627\u0634\u062a\u0631\u064a \u0645\u0639\u062c\u0648\u0646 \u0627\u0644\u0641\u0627\u0646\u064a\u0644\u064a\u0627 \u0628\u0643\u0645\u064a\u0627\u062a \u0643\u0628\u064a\u0631\u0629 \u0639\u0628\u0631 \u0627\u0644\u0625\u0646\u062a\u0631\u0646\u062a \u0628\u0633\u0639\u0631 \u0627\u0644\u062c\u0645\u0644\u0629 | Vanilla paste buy bulk vanilla paste online at wholesale price.\",\"breadcrumb\":{\"@id\":\"https:\\\/\\\/60.104.18.34.bc.googleusercontent.com\\\/sa\\\/vanilla-paste\\\/#breadcrumb\"},\"inLanguage\":\"tr\",\"potentialAction\":[{\"@type\":\"ReadAction\",\"target\":[\"https:\\\/\\\/60.104.18.34.bc.googleusercontent.com\\\/sa\\\/vanilla-paste\\\/\"]}]},{\"@type\":\"ImageObject\",\"inLanguage\":\"tr\",\"@id\":\"https:\\\/\\\/60.104.18.34.bc.googleusercontent.com\\\/sa\\\/vanilla-paste\\\/#primaryimage\",\"url\":\"https:\\\/\\\/naturalvanilla.ae\\\/wp-content\\\/uploads\\\/2023\\\/08\\\/Natural-Vanilla-Vanilla-Paste-Traditional-Range.jpg\",\"contentUrl\":\"https:\\\/\\\/naturalvanilla.ae\\\/wp-content\\\/uploads\\\/2023\\\/08\\\/Natural-Vanilla-Vanilla-Paste-Traditional-Range.jpg\"},{\"@type\":\"BreadcrumbList\",\"@id\":\"https:\\\/\\\/60.104.18.34.bc.googleusercontent.com\\\/sa\\\/vanilla-paste\\\/#breadcrumb\",\"itemListElement\":[{\"@type\":\"ListItem\",\"position\":1,\"name\":\"Home\",\"item\":\"https:\\\/\\\/naturalvanilla.ae\\\/om\\\/\"},{\"@type\":\"ListItem\",\"position\":2,\"name\":\"Vanilla Paste\"}]},{\"@type\":\"WebSite\",\"@id\":\"https:\\\/\\\/naturalvanilla.ae\\\/om\\\/#website\",\"url\":\"https:\\\/\\\/naturalvanilla.ae\\\/om\\\/\",\"name\":\"Natural Vanilla Store\",\"description\":\"Leading Middle East Supplier of Quality Vanilla\",\"publisher\":{\"@id\":\"https:\\\/\\\/naturalvanilla.ae\\\/om\\\/#organization\"},\"potentialAction\":[{\"@type\":\"SearchAction\",\"target\":{\"@type\":\"EntryPoint\",\"urlTemplate\":\"https:\\\/\\\/naturalvanilla.ae\\\/om\\\/?s={search_term_string}\"},\"query-input\":{\"@type\":\"PropertyValueSpecification\",\"valueRequired\":true,\"valueName\":\"search_term_string\"}}],\"inLanguage\":\"tr\"},{\"@type\":\"Organization\",\"@id\":\"https:\\\/\\\/naturalvanilla.ae\\\/om\\\/#organization\",\"name\":\"Natural Vanilla Store\",\"url\":\"https:\\\/\\\/naturalvanilla.ae\\\/om\\\/\",\"logo\":{\"@type\":\"ImageObject\",\"inLanguage\":\"tr\",\"@id\":\"https:\\\/\\\/naturalvanilla.ae\\\/om\\\/#\\\/schema\\\/logo\\\/image\\\/\",\"url\":\"https:\\\/\\\/naturalvanilla.ae\\\/wp-content\\\/uploads\\\/2022\\\/12\\\/Natural-Vanilla-Seal-CMYK.png\",\"contentUrl\":\"https:\\\/\\\/naturalvanilla.ae\\\/wp-content\\\/uploads\\\/2022\\\/12\\\/Natural-Vanilla-Seal-CMYK.png\",\"width\":591,\"height\":591,\"caption\":\"Natural Vanilla Store\"},\"image\":{\"@id\":\"https:\\\/\\\/naturalvanilla.ae\\\/om\\\/#\\\/schema\\\/logo\\\/image\\\/\"},\"sameAs\":[\"https:\\\/\\\/www.facebook.com\\\/naturalvanilla.com.au\",\"https:\\\/\\\/www.instagram.com\\\/natural_vanilla_store\",\"https:\\\/\\\/www.linkedin.com\\\/company\\\/natural-vanilla-pty-ltd\\\/\",\"https:\\\/\\\/www.pinterest.com\\\/natural_vanilla_store\"]}]}<\/script>\n<!-- \/ Yoast SEO plugin. -->","yoast_head_json":{"title":"Vanilya Ezmesi | Vanilya Ezmesi | Vanilya Ezmesi Toptan | Vanilya Ezmesi Toplu","description":"Vanilya ezmesi toptan fiyata \u00e7evrimi\u00e7i vanilya ezmesi sat\u0131n al\u0131n.","robots":{"index":"index","follow":"follow","max-snippet":"max-snippet:-1","max-image-preview":"max-image-preview:large","max-video-preview":"max-video-preview:-1"},"canonical":"https:\/\/60.104.18.34.bc.googleusercontent.com\/sa\/vanilla-paste\/","og_locale":"tr_TR","og_type":"article","og_title":"\u0645\u0639\u062c\u0648\u0646 \u0627\u0644\u0641\u0627\u0646\u064a\u0644\u064a\u0627 | Vanilla Paste | \u0645\u0639\u062c\u0648\u0646 \u0627\u0644\u0641\u0627\u0646\u064a\u0644\u064a\u0627 \u0628\u0643\u0645\u064a\u0627\u062a \u0643\u0628\u064a\u0631\u0629 | Vanilla Paste Bulk","og_description":"\u0645\u0639\u062c\u0648\u0646 \u0627\u0644\u0641\u0627\u0646\u064a\u0644\u064a\u0627 \u0627\u0634\u062a\u0631\u064a \u0645\u0639\u062c\u0648\u0646 \u0627\u0644\u0641\u0627\u0646\u064a\u0644\u064a\u0627 \u0628\u0643\u0645\u064a\u0627\u062a \u0643\u0628\u064a\u0631\u0629 \u0639\u0628\u0631 \u0627\u0644\u0625\u0646\u062a\u0631\u0646\u062a \u0628\u0633\u0639\u0631 \u0627\u0644\u062c\u0645\u0644\u0629 | Vanilla paste buy bulk vanilla paste online at wholesale price.","og_url":"https:\/\/60.104.18.34.bc.googleusercontent.com\/sa\/vanilla-paste\/","og_site_name":"Natural Vanilla Middle East","article_publisher":"https:\/\/www.facebook.com\/naturalvanilla.com.au","article_modified_time":"2025-09-11T14:55:33+00:00","og_image":[{"url":"https:\/\/naturalvanilla.ae\/wp-content\/uploads\/2023\/08\/Natural-Vanilla-Vanilla-Paste-Traditional-Range.jpg","type":"","width":"","height":""}],"twitter_card":"summary_large_image","twitter_misc":{"Tahmini okuma s\u00fcresi":"3 dakika"},"schema":{"@context":"https:\/\/schema.org","@graph":[{"@type":"WebPage","@id":"https:\/\/60.104.18.34.bc.googleusercontent.com\/sa\/vanilla-paste\/","url":"https:\/\/60.104.18.34.bc.googleusercontent.com\/sa\/vanilla-paste\/","name":"Vanilya Ezmesi | Vanilya Ezmesi | Vanilya Ezmesi Toptan | Vanilya Ezmesi Toplu","isPartOf":{"@id":"https:\/\/naturalvanilla.ae\/om\/#website"},"primaryImageOfPage":{"@id":"https:\/\/60.104.18.34.bc.googleusercontent.com\/sa\/vanilla-paste\/#primaryimage"},"image":{"@id":"https:\/\/60.104.18.34.bc.googleusercontent.com\/sa\/vanilla-paste\/#primaryimage"},"thumbnailUrl":"https:\/\/naturalvanilla.ae\/wp-content\/uploads\/2023\/08\/Natural-Vanilla-Vanilla-Paste-Traditional-Range.jpg","datePublished":"2019-05-26T09:59:28+00:00","dateModified":"2025-09-11T14:55:33+00:00","description":"Vanilya ezmesi toptan fiyata \u00e7evrimi\u00e7i vanilya ezmesi sat\u0131n al\u0131n.","breadcrumb":{"@id":"https:\/\/60.104.18.34.bc.googleusercontent.com\/sa\/vanilla-paste\/#breadcrumb"},"inLanguage":"tr","potentialAction":[{"@type":"ReadAction","target":["https:\/\/60.104.18.34.bc.googleusercontent.com\/sa\/vanilla-paste\/"]}]},{"@type":"ImageObject","inLanguage":"tr","@id":"https:\/\/60.104.18.34.bc.googleusercontent.com\/sa\/vanilla-paste\/#primaryimage","url":"https:\/\/naturalvanilla.ae\/wp-content\/uploads\/2023\/08\/Natural-Vanilla-Vanilla-Paste-Traditional-Range.jpg","contentUrl":"https:\/\/naturalvanilla.ae\/wp-content\/uploads\/2023\/08\/Natural-Vanilla-Vanilla-Paste-Traditional-Range.jpg"},{"@type":"BreadcrumbList","@id":"https:\/\/60.104.18.34.bc.googleusercontent.com\/sa\/vanilla-paste\/#breadcrumb","itemListElement":[{"@type":"ListItem","position":1,"name":"Home","item":"https:\/\/naturalvanilla.ae\/om\/"},{"@type":"ListItem","position":2,"name":"Vanilla Paste"}]},{"@type":"WebSite","@id":"https:\/\/naturalvanilla.ae\/om\/#website","url":"https:\/\/naturalvanilla.ae\/om\/","name":"Do\u011fal Vanilya D\u00fckkan\u0131","description":"Kaliteli Vanilyan\u0131n Ortado\u011fu'daki \u00d6nde Gelen Tedarik\u00e7isi","publisher":{"@id":"https:\/\/naturalvanilla.ae\/om\/#organization"},"potentialAction":[{"@type":"SearchAction","target":{"@type":"EntryPoint","urlTemplate":"https:\/\/naturalvanilla.ae\/om\/?s={search_term_string}"},"query-input":{"@type":"PropertyValueSpecification","valueRequired":true,"valueName":"search_term_string"}}],"inLanguage":"tr"},{"@type":"Organization","@id":"https:\/\/naturalvanilla.ae\/om\/#organization","name":"Do\u011fal Vanilya D\u00fckkan\u0131","url":"https:\/\/naturalvanilla.ae\/om\/","logo":{"@type":"ImageObject","inLanguage":"tr","@id":"https:\/\/naturalvanilla.ae\/om\/#\/schema\/logo\/image\/","url":"https:\/\/naturalvanilla.ae\/wp-content\/uploads\/2022\/12\/Natural-Vanilla-Seal-CMYK.png","contentUrl":"https:\/\/naturalvanilla.ae\/wp-content\/uploads\/2022\/12\/Natural-Vanilla-Seal-CMYK.png","width":591,"height":591,"caption":"Natural Vanilla Store"},"image":{"@id":"https:\/\/naturalvanilla.ae\/om\/#\/schema\/logo\/image\/"},"sameAs":["https:\/\/www.facebook.com\/naturalvanilla.com.au","https:\/\/www.instagram.com\/natural_vanilla_store","https:\/\/www.linkedin.com\/company\/natural-vanilla-pty-ltd\/","https:\/\/www.pinterest.com\/natural_vanilla_store"]}]}},"uagb_featured_image_src":{"full":false,"thumbnail":false,"medium":false,"medium_large":false,"large":false,"1536x1536":false,"2048x2048":false,"trp-custom-language-flag":false,"woocommerce_thumbnail":false,"woocommerce_single":false,"woocommerce_gallery_thumbnail":false},"uagb_author_info":{"display_name":"Natural Vanilla Store","author_link":"https:\/\/naturalvanilla.ae\/tr\/author\/admin\/"},"uagb_comment_info":0,"uagb_excerpt":"Vanilla Bean Paste Production Natural Vanilla Store produce vanilla paste to our own proprietary recipe using fresh vanilla pods and vanilla caviar seeds. Its superior taste is liked by our customers across the world. To produce the paste our vanilla extract is combined with pure dried vanilla caviar seeds and slightly thickened to provide a&hellip;","_links":{"self":[{"href":"https:\/\/naturalvanilla.ae\/tr\/wp-json\/wp\/v2\/pages\/124","targetHints":{"allow":["GET"]}}],"collection":[{"href":"https:\/\/naturalvanilla.ae\/tr\/wp-json\/wp\/v2\/pages"}],"about":[{"href":"https:\/\/naturalvanilla.ae\/tr\/wp-json\/wp\/v2\/types\/page"}],"author":[{"embeddable":true,"href":"https:\/\/naturalvanilla.ae\/tr\/wp-json\/wp\/v2\/users\/1"}],"replies":[{"embeddable":true,"href":"https:\/\/naturalvanilla.ae\/tr\/wp-json\/wp\/v2\/comments?post=124"}],"version-history":[{"count":2,"href":"https:\/\/naturalvanilla.ae\/tr\/wp-json\/wp\/v2\/pages\/124\/revisions"}],"predecessor-version":[{"id":6791,"href":"https:\/\/naturalvanilla.ae\/tr\/wp-json\/wp\/v2\/pages\/124\/revisions\/6791"}],"wp:attachment":[{"href":"https:\/\/naturalvanilla.ae\/tr\/wp-json\/wp\/v2\/media?parent=124"}],"curies":[{"name":"wp","href":"https:\/\/api.w.org\/{rel}","templated":true}]}}