{"id":202,"date":"2019-05-26T16:20:59","date_gmt":"2019-05-26T08:20:59","guid":{"rendered":"http:\/\/www.naturalvanilla.net.au\/?page_id=202"},"modified":"2025-11-11T08:29:00","modified_gmt":"2025-11-11T05:29:00","slug":"iletisim","status":"publish","type":"page","link":"https:\/\/naturalvanilla.ae\/tr\/contact\/","title":{"rendered":"\u0130leti\u015fim"},"content":{"rendered":"<p class=\"has-text-align-center\">\u0130leti\u015fime ge\u00e7ebilirsiniz <a href=\"https:\/\/naturalvanilla.ae\/tr\/\">Do\u011fal Vanilya D\u00fckkan\u0131<\/a> a\u015fa\u011f\u0131daki e-postada. \u0130\u015finizi memnuniyetle kar\u015f\u0131l\u0131yor ve bize ula\u015farak sorular\u0131n\u0131z\u0131 bekliyoruz. Toplu ve toptan fiyatlar i\u00e7in fiyat teklifi vermekten mutluluk duyar\u0131z. \u00d6ncelikle \u00e7evrimi\u00e7i bir i\u015fletme oldu\u011fumuzu ve yerel teslim al\u0131mlar\u0131n yaln\u0131zca randevu ile yap\u0131labilece\u011fini l\u00fctfen unutmay\u0131n.<\/p>\n\n\n\n<div class=\"wp-block-uagb-image aligncenter uagb-block-161b403c wp-block-uagb-image--layout-default wp-block-uagb-image--effect-static wp-block-uagb-image--align-center\"><figure class=\"wp-block-uagb-image__figure\"><a class=\"\" href=\"https:\/\/naturalvanilla.ae\/wp-content\/uploads\/2023\/08\/Natural-Vanilla-Store-Vanilla-Extract-Alcohol-Free-Halal-Product-Range.jpg\" target=\"\" rel=\"noopener\"><img decoding=\"async\" srcset=\"https:\/\/naturalvanilla.ae\/wp-content\/uploads\/2023\/08\/Natural-Vanilla-Store-Vanilla-Extract-Alcohol-Free-Halal-Product-Range.jpg ,https:\/\/naturalvanilla.ae\/wp-content\/uploads\/2023\/08\/Natural-Vanilla-Store-Vanilla-Extract-Alcohol-Free-Halal-Product-Range.jpg 780w, https:\/\/naturalvanilla.ae\/wp-content\/uploads\/2023\/08\/Natural-Vanilla-Store-Vanilla-Extract-Alcohol-Free-Halal-Product-Range.jpg 360w\" sizes=\"auto, (max-width: 480px) 150px\" src=\"https:\/\/naturalvanilla.ae\/wp-content\/uploads\/2023\/08\/Natural-Vanilla-Store-Vanilla-Extract-Alcohol-Free-Halal-Product-Range.jpg\" alt=\"Natural Vanilla Store - Alkols\u00fcz Helal Vanilya \u00d6z\u00fc \u00dcr\u00fcn Yelpazesi\" class=\"uag-image-5200\" width=\"1024\" height=\"684\" title=\"Natural Vanilla Store - Alkols\u00fcz Helal Vanilya \u00d6z\u00fc \u00dcr\u00fcn Yelpazesi\" loading=\"lazy\" role=\"img\"\/><\/a><\/figure><\/div>\n\n\n\n<div style=\"height:30px\" aria-hidden=\"true\" class=\"wp-block-spacer\"><\/div>\n\n\n\n<p>Herhangi bir sorunuz olursa l\u00fctfen Operasyon Koordinat\u00f6r\u00fcm\u00fcz Daniel Henderson'a e-posta g\u00f6nderin veya aray\u0131n. Daniel, vanilla \u00fcr\u00fcnlerimiz i\u00e7in toplu tedarik indirimli fiyat teklifi vermekten ve ayr\u0131ca genel sorular\u0131n\u0131z\u0131 yan\u0131tlamaktan memnuniyet duyacakt\u0131r. Teknik sorular i\u00e7in Daniel, bunlar\u0131 size h\u0131zl\u0131 bir yan\u0131t vermeye \u00e7al\u0131\u015facak yard\u0131mc\u0131 ekibimizden birine iletecektir.<\/p>\n\n\n\n<h2 class=\"wp-block-heading has-text-align-center\">\u0130leti\u015fim E-posta Adresi<\/h2>\n\n\n\n<p class=\"has-text-align-center\">Bize ula\u015fman\u0131n en iyi yolu e-postad\u0131r. T\u00fcm e-postalara bir sonraki g\u00fcn yan\u0131t vermeye \u00e7al\u0131\u015faca\u011f\u0131z. <\/p>\n\n\n\n<p class=\"has-text-align-center\">E-posta <a href=\"mailto:enquiry@naturalvanilla.ae\" target=\"_blank\" rel=\"noreferrer noopener\">enquiry@naturalvanilla.ae<\/a><\/p>\n\n\n\n<div class=\"wp-block-columns is-layout-flex wp-container-core-columns-is-layout-28f84493 wp-block-columns-is-layout-flex\">\n<div class=\"wp-block-column is-layout-flow wp-block-column-is-layout-flow\">\n<p class=\"has-text-align-center\"><strong>AVUSTRALYA OF\u0130S\u0130<\/strong><br>Birim 1, 4 Roper Caddesi O\u2019Connor<br>Perth, Bat\u0131 Avustralya 6163<\/p>\n<\/div>\n\n\n\n<div class=\"wp-block-column is-layout-flow wp-block-column-is-layout-flow\">\n<p class=\"has-text-align-center\"><strong>B\u0130RLE\u015e\u0130K KRALLIK OF\u0130S\u0130<\/strong><br>71-75 Shelton Caddesi<br>Covent Garden WC2H 9JQ<\/p>\n<\/div>\n\n\n\n<div class=\"wp-block-column is-layout-flow wp-block-column-is-layout-flow\">\n<p class=\"has-text-align-center\"><strong>BAE OF\u0130S\u0130<\/strong><br>1 Al Raffa Caddesi Bur Dubai<br>Al Fahidi, Dubai <\/p>\n<\/div>\n<\/div>\n\n\n\n<div style=\"height:149px\" aria-hidden=\"true\" class=\"wp-block-spacer\"><\/div>","protected":false},"excerpt":{"rendered":"<p>You can contact Natural Vanilla Store on the below email. We welcome your business and invite enquiries by contacting us. We are happy to provide a quote for bulk and wholesale prices. Please note that we are primarily an online business and local pickups are by appointment only. If you have any queries please email [&hellip;]<\/p>\n","protected":false},"author":1,"featured_media":0,"parent":0,"menu_order":0,"comment_status":"closed","ping_status":"closed","template":"","meta":{"_uag_custom_page_level_css":"","site-sidebar-layout":"no-sidebar","site-content-layout":"plain-container","ast-site-content-layout":"normal-width-container","site-content-style":"unboxed","site-sidebar-style":"unboxed","ast-global-header-display":"","ast-banner-title-visibility":"","ast-main-header-display":"","ast-hfb-above-header-display":"","ast-hfb-below-header-display":"","ast-hfb-mobile-header-display":"","site-post-title":"","ast-breadcrumbs-content":"","ast-featured-img":"","footer-sml-layout":"","ast-disable-related-posts":"","theme-transparent-header-meta":"default","adv-header-id-meta":"","stick-header-meta":"","header-above-stick-meta":"","header-main-stick-meta":"","header-below-stick-meta":"","astra-migrate-meta-layouts":"set","ast-page-background-enabled":"default","ast-page-background-meta":{"desktop":{"background-color":"","background-image":"","background-repeat":"repeat","background-position":"center center","background-size":"auto","background-attachment":"scroll","background-type":"","background-media":"","overlay-type":"","overlay-color":"","overlay-opacity":"","overlay-gradient":""},"tablet":{"background-color":"","background-image":"","background-repeat":"repeat","background-position":"center center","background-size":"auto","background-attachment":"scroll","background-type":"","background-media":"","overlay-type":"","overlay-color":"","overlay-opacity":"","overlay-gradient":""},"mobile":{"background-color":"","background-image":"","background-repeat":"repeat","background-position":"center center","background-size":"auto","background-attachment":"scroll","background-type":"","background-media":"","overlay-type":"","overlay-color":"","overlay-opacity":"","overlay-gradient":""}},"ast-content-background-meta":{"desktop":{"background-color":"var(--ast-global-color-5)","background-image":"","background-repeat":"repeat","background-position":"center center","background-size":"auto","background-attachment":"scroll","background-type":"","background-media":"","overlay-type":"","overlay-color":"","overlay-opacity":"","overlay-gradient":""},"tablet":{"background-color":"var(--ast-global-color-5)","background-image":"","background-repeat":"repeat","background-position":"center center","background-size":"auto","background-attachment":"scroll","background-type":"","background-media":"","overlay-type":"","overlay-color":"","overlay-opacity":"","overlay-gradient":""},"mobile":{"background-color":"var(--ast-global-color-5)","background-image":"","background-repeat":"repeat","background-position":"center center","background-size":"auto","background-attachment":"scroll","background-type":"","background-media":"","overlay-type":"","overlay-color":"","overlay-opacity":"","overlay-gradient":""}},"footnotes":""},"class_list":["post-202","page","type-page","status-publish","hentry"],"yoast_head":"<!-- This site is optimized with the Yoast SEO plugin v27.4 - https:\/\/yoast.com\/product\/yoast-seo-wordpress\/ -->\n<title>\u0627\u062a\u0635\u0644 \u0628\u0646\u0627 - \u0641\u0627\u0646\u064a\u0644\u064a\u0627 \u0637\u0628\u064a\u0639\u064a\u0629 \u0627\u0644\u0634\u0631\u0642 \u0627\u0644\u0623\u0648\u0633\u0637 | Contact - Natural Vanilla Middle East<\/title>\n<meta name=\"description\" content=\"\u0635\u0641\u062d\u0629 \u0627\u0644\u0627\u062a\u0635\u0627\u0644 \u0628\u0645\u0648\u0631\u062f \u0627\u0644\u0641\u0627\u0646\u064a\u0644\u064a\u0627 \u0641\u064a \u0627\u0644\u0634\u0631\u0642 \u0627\u0644\u0623\u0648\u0633\u0637 \u0644\u0645\u062a\u062c\u0631 \u0627\u0644\u0641\u0627\u0646\u064a\u0644\u064a\u0627 \u0627\u0644\u0637\u0628\u064a\u0639\u064a\u0629 | Natural Vanilla Store Middle East vanilla supplier contact page.\" \/>\n<meta name=\"robots\" content=\"index, follow, max-snippet:-1, max-image-preview:large, max-video-preview:-1\" \/>\n<link rel=\"canonical\" href=\"https:\/\/naturalvanilla.ae\/tr\/iletisim\/\" \/>\n<meta property=\"og:locale\" content=\"tr_TR\" \/>\n<meta property=\"og:type\" content=\"article\" \/>\n<meta property=\"og:title\" content=\"\u0627\u062a\u0635\u0644 \u0628\u0646\u0627 - \u0641\u0627\u0646\u064a\u0644\u064a\u0627 \u0637\u0628\u064a\u0639\u064a\u0629 \u0627\u0644\u0634\u0631\u0642 \u0627\u0644\u0623\u0648\u0633\u0637 | Contact - Natural Vanilla Middle East\" \/>\n<meta property=\"og:description\" content=\"\u0635\u0641\u062d\u0629 \u0627\u0644\u0627\u062a\u0635\u0627\u0644 \u0628\u0645\u0648\u0631\u062f \u0627\u0644\u0641\u0627\u0646\u064a\u0644\u064a\u0627 \u0641\u064a \u0627\u0644\u0634\u0631\u0642 \u0627\u0644\u0623\u0648\u0633\u0637 \u0644\u0645\u062a\u062c\u0631 \u0627\u0644\u0641\u0627\u0646\u064a\u0644\u064a\u0627 \u0627\u0644\u0637\u0628\u064a\u0639\u064a\u0629 | Natural Vanilla Store Middle East vanilla supplier contact page.\" \/>\n<meta property=\"og:url\" content=\"https:\/\/naturalvanilla.ae\/tr\/iletisim\/\" \/>\n<meta property=\"og:site_name\" content=\"Natural Vanilla Middle East\" \/>\n<meta property=\"article:publisher\" content=\"https:\/\/www.facebook.com\/naturalvanilla.com.au\" \/>\n<meta property=\"article:modified_time\" content=\"2025-11-11T05:29:00+00:00\" \/>\n<meta property=\"og:image\" content=\"https:\/\/naturalvanilla.ae\/wp-content\/uploads\/2023\/08\/Natural-Vanilla-Store-Vanilla-Extract-Alcohol-Free-Halal-Product-Range.jpg\" \/>\n<meta name=\"twitter:card\" content=\"summary_large_image\" \/>\n<meta name=\"twitter:label1\" content=\"Tahmini okuma s\u00fcresi\" \/>\n\t<meta name=\"twitter:data1\" content=\"1 dakika\" \/>\n<script type=\"application\/ld+json\" class=\"yoast-schema-graph\">{\"@context\":\"https:\\\/\\\/schema.org\",\"@graph\":[{\"@type\":\"WebPage\",\"@id\":\"https:\\\/\\\/naturalvanilla.ae\\\/ae\\\/contact\\\/\",\"url\":\"https:\\\/\\\/naturalvanilla.ae\\\/ae\\\/contact\\\/\",\"name\":\"\u0627\u062a\u0635\u0644 \u0628\u0646\u0627 - \u0641\u0627\u0646\u064a\u0644\u064a\u0627 \u0637\u0628\u064a\u0639\u064a\u0629 \u0627\u0644\u0634\u0631\u0642 \u0627\u0644\u0623\u0648\u0633\u0637 | Contact - Natural Vanilla Middle East\",\"isPartOf\":{\"@id\":\"https:\\\/\\\/naturalvanilla.ae\\\/kw\\\/#website\"},\"primaryImageOfPage\":{\"@id\":\"https:\\\/\\\/naturalvanilla.ae\\\/ae\\\/contact\\\/#primaryimage\"},\"image\":{\"@id\":\"https:\\\/\\\/naturalvanilla.ae\\\/ae\\\/contact\\\/#primaryimage\"},\"thumbnailUrl\":\"https:\\\/\\\/naturalvanilla.ae\\\/wp-content\\\/uploads\\\/2023\\\/08\\\/Natural-Vanilla-Store-Vanilla-Extract-Alcohol-Free-Halal-Product-Range.jpg\",\"datePublished\":\"2019-05-26T08:20:59+00:00\",\"dateModified\":\"2025-11-11T05:29:00+00:00\",\"description\":\"\u0635\u0641\u062d\u0629 \u0627\u0644\u0627\u062a\u0635\u0627\u0644 \u0628\u0645\u0648\u0631\u062f \u0627\u0644\u0641\u0627\u0646\u064a\u0644\u064a\u0627 \u0641\u064a \u0627\u0644\u0634\u0631\u0642 \u0627\u0644\u0623\u0648\u0633\u0637 \u0644\u0645\u062a\u062c\u0631 \u0627\u0644\u0641\u0627\u0646\u064a\u0644\u064a\u0627 \u0627\u0644\u0637\u0628\u064a\u0639\u064a\u0629 | Natural Vanilla Store Middle East vanilla supplier contact page.\",\"breadcrumb\":{\"@id\":\"https:\\\/\\\/naturalvanilla.ae\\\/ae\\\/contact\\\/#breadcrumb\"},\"inLanguage\":\"tr\",\"potentialAction\":[{\"@type\":\"ReadAction\",\"target\":[\"https:\\\/\\\/naturalvanilla.ae\\\/ae\\\/contact\\\/\"]}]},{\"@type\":\"ImageObject\",\"inLanguage\":\"tr\",\"@id\":\"https:\\\/\\\/naturalvanilla.ae\\\/ae\\\/contact\\\/#primaryimage\",\"url\":\"https:\\\/\\\/naturalvanilla.ae\\\/wp-content\\\/uploads\\\/2023\\\/08\\\/Natural-Vanilla-Store-Vanilla-Extract-Alcohol-Free-Halal-Product-Range.jpg\",\"contentUrl\":\"https:\\\/\\\/naturalvanilla.ae\\\/wp-content\\\/uploads\\\/2023\\\/08\\\/Natural-Vanilla-Store-Vanilla-Extract-Alcohol-Free-Halal-Product-Range.jpg\"},{\"@type\":\"BreadcrumbList\",\"@id\":\"https:\\\/\\\/naturalvanilla.ae\\\/ae\\\/contact\\\/#breadcrumb\",\"itemListElement\":[{\"@type\":\"ListItem\",\"position\":1,\"name\":\"Home\",\"item\":\"https:\\\/\\\/naturalvanilla.ae\\\/kw\\\/\"},{\"@type\":\"ListItem\",\"position\":2,\"name\":\"Contact\"}]},{\"@type\":\"WebSite\",\"@id\":\"https:\\\/\\\/naturalvanilla.ae\\\/kw\\\/#website\",\"url\":\"https:\\\/\\\/naturalvanilla.ae\\\/kw\\\/\",\"name\":\"Natural Vanilla Store\",\"description\":\"Leading Middle East Supplier of Quality Vanilla\",\"publisher\":{\"@id\":\"https:\\\/\\\/naturalvanilla.ae\\\/kw\\\/#organization\"},\"potentialAction\":[{\"@type\":\"SearchAction\",\"target\":{\"@type\":\"EntryPoint\",\"urlTemplate\":\"https:\\\/\\\/naturalvanilla.ae\\\/kw\\\/?s={search_term_string}\"},\"query-input\":{\"@type\":\"PropertyValueSpecification\",\"valueRequired\":true,\"valueName\":\"search_term_string\"}}],\"inLanguage\":\"tr\"},{\"@type\":\"Organization\",\"@id\":\"https:\\\/\\\/naturalvanilla.ae\\\/kw\\\/#organization\",\"name\":\"Natural Vanilla Store\",\"url\":\"https:\\\/\\\/naturalvanilla.ae\\\/kw\\\/\",\"logo\":{\"@type\":\"ImageObject\",\"inLanguage\":\"tr\",\"@id\":\"https:\\\/\\\/naturalvanilla.ae\\\/kw\\\/#\\\/schema\\\/logo\\\/image\\\/\",\"url\":\"https:\\\/\\\/naturalvanilla.ae\\\/wp-content\\\/uploads\\\/2022\\\/12\\\/Natural-Vanilla-Seal-CMYK.png\",\"contentUrl\":\"https:\\\/\\\/naturalvanilla.ae\\\/wp-content\\\/uploads\\\/2022\\\/12\\\/Natural-Vanilla-Seal-CMYK.png\",\"width\":591,\"height\":591,\"caption\":\"Natural Vanilla Store\"},\"image\":{\"@id\":\"https:\\\/\\\/naturalvanilla.ae\\\/kw\\\/#\\\/schema\\\/logo\\\/image\\\/\"},\"sameAs\":[\"https:\\\/\\\/www.facebook.com\\\/naturalvanilla.com.au\",\"https:\\\/\\\/www.instagram.com\\\/natural_vanilla_store\",\"https:\\\/\\\/www.linkedin.com\\\/company\\\/natural-vanilla-pty-ltd\\\/\",\"https:\\\/\\\/www.pinterest.com\\\/natural_vanilla_store\"]}]}<\/script>\n<!-- \/ Yoast SEO plugin. -->","yoast_head_json":{"title":"Bize Ula\u015f\u0131n - Do\u011fal Vanilya Orta Do\u011fu","description":"Do\u011fal Vanilya Ma\u011fazas\u0131 Orta Do\u011fu Vanilya Tedarik\u00e7isi \u0130leti\u015fim Sayfas\u0131 | Natural Vanilla Store Middle East vanilla supplier contact page.","robots":{"index":"index","follow":"follow","max-snippet":"max-snippet:-1","max-image-preview":"max-image-preview:large","max-video-preview":"max-video-preview:-1"},"canonical":"https:\/\/naturalvanilla.ae\/tr\/iletisim\/","og_locale":"tr_TR","og_type":"article","og_title":"\u0627\u062a\u0635\u0644 \u0628\u0646\u0627 - \u0641\u0627\u0646\u064a\u0644\u064a\u0627 \u0637\u0628\u064a\u0639\u064a\u0629 \u0627\u0644\u0634\u0631\u0642 \u0627\u0644\u0623\u0648\u0633\u0637 | Contact - Natural Vanilla Middle East","og_description":"\u0635\u0641\u062d\u0629 \u0627\u0644\u0627\u062a\u0635\u0627\u0644 \u0628\u0645\u0648\u0631\u062f \u0627\u0644\u0641\u0627\u0646\u064a\u0644\u064a\u0627 \u0641\u064a \u0627\u0644\u0634\u0631\u0642 \u0627\u0644\u0623\u0648\u0633\u0637 \u0644\u0645\u062a\u062c\u0631 \u0627\u0644\u0641\u0627\u0646\u064a\u0644\u064a\u0627 \u0627\u0644\u0637\u0628\u064a\u0639\u064a\u0629 | Natural Vanilla Store Middle East vanilla supplier contact page.","og_url":"https:\/\/naturalvanilla.ae\/tr\/iletisim\/","og_site_name":"Natural Vanilla Middle East","article_publisher":"https:\/\/www.facebook.com\/naturalvanilla.com.au","article_modified_time":"2025-11-11T05:29:00+00:00","og_image":[{"url":"https:\/\/naturalvanilla.ae\/wp-content\/uploads\/2023\/08\/Natural-Vanilla-Store-Vanilla-Extract-Alcohol-Free-Halal-Product-Range.jpg","type":"","width":"","height":""}],"twitter_card":"summary_large_image","twitter_misc":{"Tahmini okuma s\u00fcresi":"1 dakika"},"schema":{"@context":"https:\/\/schema.org","@graph":[{"@type":"WebPage","@id":"https:\/\/naturalvanilla.ae\/ae\/contact\/","url":"https:\/\/naturalvanilla.ae\/ae\/contact\/","name":"Bize Ula\u015f\u0131n - Do\u011fal Vanilya Orta Do\u011fu","isPartOf":{"@id":"https:\/\/naturalvanilla.ae\/kw\/#website"},"primaryImageOfPage":{"@id":"https:\/\/naturalvanilla.ae\/ae\/contact\/#primaryimage"},"image":{"@id":"https:\/\/naturalvanilla.ae\/ae\/contact\/#primaryimage"},"thumbnailUrl":"https:\/\/naturalvanilla.ae\/wp-content\/uploads\/2023\/08\/Natural-Vanilla-Store-Vanilla-Extract-Alcohol-Free-Halal-Product-Range.jpg","datePublished":"2019-05-26T08:20:59+00:00","dateModified":"2025-11-11T05:29:00+00:00","description":"Do\u011fal Vanilya Ma\u011fazas\u0131 Orta Do\u011fu Vanilya Tedarik\u00e7isi \u0130leti\u015fim Sayfas\u0131 | Natural Vanilla Store Middle East vanilla supplier contact page.","breadcrumb":{"@id":"https:\/\/naturalvanilla.ae\/ae\/contact\/#breadcrumb"},"inLanguage":"tr","potentialAction":[{"@type":"ReadAction","target":["https:\/\/naturalvanilla.ae\/ae\/contact\/"]}]},{"@type":"ImageObject","inLanguage":"tr","@id":"https:\/\/naturalvanilla.ae\/ae\/contact\/#primaryimage","url":"https:\/\/naturalvanilla.ae\/wp-content\/uploads\/2023\/08\/Natural-Vanilla-Store-Vanilla-Extract-Alcohol-Free-Halal-Product-Range.jpg","contentUrl":"https:\/\/naturalvanilla.ae\/wp-content\/uploads\/2023\/08\/Natural-Vanilla-Store-Vanilla-Extract-Alcohol-Free-Halal-Product-Range.jpg"},{"@type":"BreadcrumbList","@id":"https:\/\/naturalvanilla.ae\/ae\/contact\/#breadcrumb","itemListElement":[{"@type":"ListItem","position":1,"name":"Home","item":"https:\/\/naturalvanilla.ae\/kw\/"},{"@type":"ListItem","position":2,"name":"Contact"}]},{"@type":"WebSite","@id":"https:\/\/naturalvanilla.ae\/kw\/#website","url":"https:\/\/naturalvanilla.ae\/kw\/","name":"Do\u011fal Vanilya D\u00fckkan\u0131","description":"Kaliteli Vanilyan\u0131n Ortado\u011fu'daki \u00d6nde Gelen Tedarik\u00e7isi","publisher":{"@id":"https:\/\/naturalvanilla.ae\/kw\/#organization"},"potentialAction":[{"@type":"SearchAction","target":{"@type":"EntryPoint","urlTemplate":"https:\/\/naturalvanilla.ae\/kw\/?s={search_term_string}"},"query-input":{"@type":"PropertyValueSpecification","valueRequired":true,"valueName":"search_term_string"}}],"inLanguage":"tr"},{"@type":"Organization","@id":"https:\/\/naturalvanilla.ae\/kw\/#organization","name":"Do\u011fal Vanilya D\u00fckkan\u0131","url":"https:\/\/naturalvanilla.ae\/kw\/","logo":{"@type":"ImageObject","inLanguage":"tr","@id":"https:\/\/naturalvanilla.ae\/kw\/#\/schema\/logo\/image\/","url":"https:\/\/naturalvanilla.ae\/wp-content\/uploads\/2022\/12\/Natural-Vanilla-Seal-CMYK.png","contentUrl":"https:\/\/naturalvanilla.ae\/wp-content\/uploads\/2022\/12\/Natural-Vanilla-Seal-CMYK.png","width":591,"height":591,"caption":"Natural Vanilla Store"},"image":{"@id":"https:\/\/naturalvanilla.ae\/kw\/#\/schema\/logo\/image\/"},"sameAs":["https:\/\/www.facebook.com\/naturalvanilla.com.au","https:\/\/www.instagram.com\/natural_vanilla_store","https:\/\/www.linkedin.com\/company\/natural-vanilla-pty-ltd\/","https:\/\/www.pinterest.com\/natural_vanilla_store"]}]}},"uagb_featured_image_src":{"full":false,"thumbnail":false,"medium":false,"medium_large":false,"large":false,"1536x1536":false,"2048x2048":false,"trp-custom-language-flag":false,"woocommerce_thumbnail":false,"woocommerce_single":false,"woocommerce_gallery_thumbnail":false},"uagb_author_info":{"display_name":"Natural Vanilla Store","author_link":"https:\/\/naturalvanilla.ae\/tr\/author\/admin\/"},"uagb_comment_info":0,"uagb_excerpt":"You can contact Natural Vanilla Store on the below email. We welcome your business and invite enquiries by contacting us. We are happy to provide a quote for bulk and wholesale prices. Please note that we are primarily an online business and local pickups are by appointment only. If you have any queries please email&hellip;","_links":{"self":[{"href":"https:\/\/naturalvanilla.ae\/tr\/wp-json\/wp\/v2\/pages\/202","targetHints":{"allow":["GET"]}}],"collection":[{"href":"https:\/\/naturalvanilla.ae\/tr\/wp-json\/wp\/v2\/pages"}],"about":[{"href":"https:\/\/naturalvanilla.ae\/tr\/wp-json\/wp\/v2\/types\/page"}],"author":[{"embeddable":true,"href":"https:\/\/naturalvanilla.ae\/tr\/wp-json\/wp\/v2\/users\/1"}],"replies":[{"embeddable":true,"href":"https:\/\/naturalvanilla.ae\/tr\/wp-json\/wp\/v2\/comments?post=202"}],"version-history":[{"count":11,"href":"https:\/\/naturalvanilla.ae\/tr\/wp-json\/wp\/v2\/pages\/202\/revisions"}],"predecessor-version":[{"id":6920,"href":"https:\/\/naturalvanilla.ae\/tr\/wp-json\/wp\/v2\/pages\/202\/revisions\/6920"}],"wp:attachment":[{"href":"https:\/\/naturalvanilla.ae\/tr\/wp-json\/wp\/v2\/media?parent=202"}],"curies":[{"name":"wp","href":"https:\/\/api.w.org\/{rel}","templated":true}]}}