{"id":5026,"date":"2023-08-11T11:41:39","date_gmt":"2023-08-11T03:41:39","guid":{"rendered":"https:\/\/naturalvanilla.ae\/?post_type=product&#038;p=5026"},"modified":"2023-08-11T11:45:23","modified_gmt":"2023-08-11T03:45:23","slug":"vanilinli-seker","status":"publish","type":"product","link":"https:\/\/naturalvanilla.ae\/tr\/shop\/vanilla-sugar\/","title":{"rendered":"Vanilya \u015eekeri"},"content":{"rendered":"<table style=\"font-weight: 400;\">\n<tbody>\n<tr>\n<td width=\"168\"><b><strong style=\"font-style: inherit;\"><span style=\"font-style: inherit; font-weight: inherit;\">\u00dcr\u00fcn a\u00e7\u0131klamas\u0131:<\/span><\/strong><\/b><\/td>\n<td colspan=\"2\" width=\"489\">Taze do\u011fal vanilya \u00e7ubuklar\u0131ndan \u00fcretilen ince \u00f6\u011f\u00fct\u00fclm\u00fc\u015f vanilya tozu, esmer \u015feker tozu ile kar\u0131\u015ft\u0131r\u0131lm\u0131\u015ft\u0131r. Bu \u00fcr\u00fcn, kar\u0131\u015f\u0131mdaki do\u011fal ham \u015fekerden gelen hafif tatl\u0131l\u0131kla birlikte ho\u015f bir vanilya aromas\u0131 ve tad\u0131 sunar. \u00d6\u011f\u00fct\u00fclm\u00fc\u015f vanilya kar\u0131\u015f\u0131m\u0131 yapmak i\u00e7in kullan\u0131lan vanilya \u00e7ubuklar\u0131, nem i\u00e7eri\u011fi % alt\u0131na kurutulmu\u015f ve ince bir toz haline \u00f6\u011f\u00fct\u00fclm\u00fc\u015f taze, harcanmam\u0131\u015f vanilyalard\u0131r.<\/td>\n<\/tr>\n<tr>\n<td width=\"168\"><b><strong style=\"font-style: inherit;\"><span style=\"font-style: inherit; font-weight: inherit;\">Konsantrasyon<\/span><\/strong><\/b><\/td>\n<td colspan=\"2\" width=\"489\"><span style=\"font-style: inherit; font-weight: inherit;\">\u00d6\u011f\u00fct\u00fclm\u00fc\u015f kuru taze vanilya \u00e7ubuklar\u0131 50%.<\/span><\/td>\n<\/tr>\n<tr>\n<td width=\"168\"><b><strong style=\"font-style: inherit;\"><span style=\"font-style: inherit; font-weight: inherit;\">Malzemeler:<\/span><\/strong><\/b><\/td>\n<td colspan=\"2\" width=\"489\">\u00d6\u011f\u00fct\u00fclm\u00fc\u015f kuru vanilya \u00e7ubuklar\u0131 saf ve katk\u0131s\u0131z %, \u00f6\u011f\u00fct\u00fclm\u00fc\u015f kahverengi pirin\u00e7 tozu %, \u00f6\u011f\u00fct\u00fclm\u00fc\u015f esmer \u015feker tozu %. Koruyucu madde i\u00e7ermez, renklendirici madde i\u00e7ermez, k\u0131s\u0131tl\u0131 madde i\u00e7ermez, alerjen madde i\u00e7ermez.<\/td>\n<\/tr>\n<tr>\n<td width=\"168\"><b><strong style=\"font-style: inherit;\"><span style=\"font-style: inherit; font-weight: inherit;\">Garanti<\/span><\/strong><\/b><\/td>\n<td colspan=\"2\" width=\"489\">Bu \u00fcr\u00fcn kimyasallar ve yapay bile\u015fenler i\u00e7ermez. Bu \u00fcr\u00fcn\u00fc yapmak i\u00e7in kullan\u0131lan do\u011fal vanilya \u00e7ubuklar\u0131, kimyasal veya yapay g\u00fcbre kullan\u0131lmadan organik olarak yeti\u015ftirilmi\u015ftir.<\/td>\n<\/tr>\n<tr>\n<td width=\"168\"><b><strong style=\"font-style: inherit;\"><span style=\"font-style: inherit; font-weight: inherit;\">Fiziksel:<\/span><\/strong><\/b><\/td>\n<td colspan=\"2\" width=\"489\">\u0130nce toz, 30 g\u00f6zeli% ge\u00e7en. Nem i\u00e7eri\u011fi en fazla %8%.<\/td>\n<\/tr>\n<tr>\n<td width=\"168\"><b><strong style=\"font-style: inherit;\"><span style=\"font-style: inherit; font-weight: inherit;\">Mikrobiyoloji:<\/span><\/strong><\/b><\/td>\n<td width=\"265\">Standart Plaka Say\u0131m\u0131 CFU\/g:<br \/>\nKoliform KOB\/g:<br \/>\nE.coli KOB\/g<br \/>\nMaya CFU\/g:<br \/>\nK\u00fcf KT\u00dc\/g:<br \/>\n25g ba\u015f\u0131na Salmonella:<\/td>\n<td width=\"225\">230.000. Limit: &lt;1.000.000<br \/>\n10'dan az: &lt;10<br \/>\n10'dan az: &lt;10<br \/>\n10. S\u0131n\u0131r: 1.000'den Az<br \/>\n10. S\u0131n\u0131r: 1.000'den Az<br \/>\nOlumsuz<\/td>\n<\/tr>\n<tr>\n<td width=\"168\"><b><strong style=\"font-style: inherit;\"><span style=\"font-style: inherit; font-weight: inherit;\">Uygulamalar<\/span><\/strong><\/b><\/td>\n<td colspan=\"2\" width=\"489\">\u00a0Unlu mamuller, i\u00e7ecekler, tah\u0131llar, \u00e7ikolata, kuru toz \u00fcr\u00fcnler, \u00e7ay kar\u0131\u015f\u0131mlar\u0131 vb.<\/td>\n<\/tr>\n<tr>\n<td width=\"168\"><b><strong style=\"font-style: inherit;\"><span style=\"font-style: inherit; font-weight: inherit;\">\u00d6nerilen Dozaj:<\/span><\/strong><\/b><\/td>\n<td colspan=\"2\" width=\"489\"><span style=\"font-style: inherit; font-weight: inherit;\">Kg ba\u015f\u0131na 30-40 gr A s\u0131n\u0131f\u0131 \u00f6\u011f\u00fct\u00fclm\u00fc\u015f vanilya tozu kullan\u0131n.<\/span><\/td>\n<\/tr>\n<tr>\n<td width=\"168\"><b><strong style=\"font-style: inherit;\"><span style=\"font-style: inherit; font-weight: inherit;\">Raf \u00d6mr\u00fc<\/span><\/strong><\/b><\/td>\n<td colspan=\"2\" width=\"489\"><span style=\"font-style: inherit; font-weight: inherit;\">24 ay, a\u00e7\u0131lmam\u0131\u015f @\u00a0<\/span><span style=\"font-style: inherit; font-weight: inherit;\">&lt;\u00a0<\/span><span style=\"font-style: inherit; font-weight: inherit;\">20\u00a0<\/span><span style=\"font-style: inherit; font-weight: inherit;\">\u00b0C<\/span><\/td>\n<\/tr>\n<\/tbody>\n<\/table>\n<p>&nbsp;<\/p>","protected":false},"excerpt":{"rendered":"<p>Product description: Fine ground vanilla bean powder produced from fresh natural vanilla pods blended with brown sugar powder. This product has a pleasant vanilla aroma and taste with a subtle sweetness coming from the natural raw sugar used within the blend. Vanilla pods used for making ground vanilla blend are fresh non-spent vanilla that are [&hellip;]<\/p>\n","protected":false},"featured_media":5056,"template":"","meta":{"_uag_custom_page_level_css":"","site-sidebar-layout":"default","site-content-layout":"default","ast-site-content-layout":"default","site-content-style":"default","site-sidebar-style":"default","ast-global-header-display":"","ast-banner-title-visibility":"","ast-main-header-display":"","ast-hfb-above-header-display":"","ast-hfb-below-header-display":"","ast-hfb-mobile-header-display":"","site-post-title":"","ast-breadcrumbs-content":"","ast-featured-img":"","footer-sml-layout":"","ast-disable-related-posts":"","theme-transparent-header-meta":"default","adv-header-id-meta":"","stick-header-meta":"","header-above-stick-meta":"","header-main-stick-meta":"","header-below-stick-meta":"","astra-migrate-meta-layouts":"default","ast-page-background-enabled":"default","ast-page-background-meta":{"desktop":{"background-color":"","background-image":"","background-repeat":"repeat","background-position":"center center","background-size":"auto","background-attachment":"scroll","background-type":"","background-media":"","overlay-type":"","overlay-color":"","overlay-opacity":"","overlay-gradient":""},"tablet":{"background-color":"","background-image":"","background-repeat":"repeat","background-position":"center center","background-size":"auto","background-attachment":"scroll","background-type":"","background-media":"","overlay-type":"","overlay-color":"","overlay-opacity":"","overlay-gradient":""},"mobile":{"background-color":"","background-image":"","background-repeat":"repeat","background-position":"center center","background-size":"auto","background-attachment":"scroll","background-type":"","background-media":"","overlay-type":"","overlay-color":"","overlay-opacity":"","overlay-gradient":""}},"ast-content-background-meta":{"desktop":{"background-color":"var(--ast-global-color-5)","background-image":"","background-repeat":"repeat","background-position":"center center","background-size":"auto","background-attachment":"scroll","background-type":"","background-media":"","overlay-type":"","overlay-color":"","overlay-opacity":"","overlay-gradient":""},"tablet":{"background-color":"var(--ast-global-color-5)","background-image":"","background-repeat":"repeat","background-position":"center center","background-size":"auto","background-attachment":"scroll","background-type":"","background-media":"","overlay-type":"","overlay-color":"","overlay-opacity":"","overlay-gradient":""},"mobile":{"background-color":"var(--ast-global-color-5)","background-image":"","background-repeat":"repeat","background-position":"center center","background-size":"auto","background-attachment":"scroll","background-type":"","background-media":"","overlay-type":"","overlay-color":"","overlay-opacity":"","overlay-gradient":""}}},"product_brand":[],"product_cat":[317],"product_tag":[321],"class_list":{"0":"post-5026","1":"product","2":"type-product","3":"status-publish","4":"has-post-thumbnail","6":"product_cat-products","7":"product_tag-ground-vanilla-blend","8":"desktop-align-left","9":"tablet-align-left","10":"mobile-align-left","12":"first","13":"instock","14":"shipping-taxable","15":"purchasable","16":"product-type-variable"},"yoast_head":"<!-- This site is optimized with the Yoast SEO plugin v27.4 - https:\/\/yoast.com\/product\/yoast-seo-wordpress\/ -->\n<title>Vanilla Sugar - Natural Vanilla Middle East<\/title>\n<meta name=\"description\" content=\"Dried grade A ground vanilla bean powder blended with brown sugar powder with no preservatives and no allergens. Vanilla sugar bulk wholesale supply.\" \/>\n<meta name=\"robots\" content=\"index, follow, max-snippet:-1, max-image-preview:large, max-video-preview:-1\" \/>\n<link rel=\"canonical\" href=\"https:\/\/naturalvanilla.ae\/tr\/shop\/vanilinli-seker\/\" \/>\n<meta property=\"og:locale\" content=\"tr_TR\" \/>\n<meta property=\"og:type\" content=\"article\" \/>\n<meta property=\"og:title\" content=\"Vanilla Sugar - Natural Vanilla Middle East\" \/>\n<meta property=\"og:description\" content=\"Dried grade A ground vanilla bean powder blended with brown sugar powder with no preservatives and no allergens. Vanilla sugar bulk wholesale supply.\" \/>\n<meta property=\"og:url\" content=\"https:\/\/naturalvanilla.ae\/tr\/shop\/vanilinli-seker\/\" \/>\n<meta property=\"og:site_name\" content=\"Natural Vanilla Middle East\" \/>\n<meta property=\"article:publisher\" content=\"https:\/\/www.facebook.com\/naturalvanilla.com.au\" \/>\n<meta property=\"article:modified_time\" content=\"2023-08-11T03:45:23+00:00\" \/>\n<meta property=\"og:image\" content=\"https:\/\/naturalvanilla.ae\/wp-content\/uploads\/2023\/08\/Natural-Vanilla-Ground-Vanilla-Powder-Blend-Range.jpg\" \/>\n\t<meta property=\"og:image:width\" content=\"1600\" \/>\n\t<meta property=\"og:image:height\" content=\"1600\" \/>\n\t<meta property=\"og:image:type\" content=\"image\/jpeg\" \/>\n<meta name=\"twitter:card\" content=\"summary_large_image\" \/>\n<meta name=\"twitter:label1\" content=\"Tahmini okuma s\u00fcresi\" \/>\n\t<meta name=\"twitter:data1\" content=\"1 dakika\" \/>\n<script type=\"application\/ld+json\" class=\"yoast-schema-graph\">{\"@context\":\"https:\\\/\\\/schema.org\",\"@graph\":[{\"@type\":\"WebPage\",\"@id\":\"https:\\\/\\\/naturalvanilla.ae\\\/pk\\\/shop\\\/vanilla-sugar\\\/\",\"url\":\"https:\\\/\\\/naturalvanilla.ae\\\/pk\\\/shop\\\/vanilla-sugar\\\/\",\"name\":\"Vanilla Sugar - Natural Vanilla Middle East\",\"isPartOf\":{\"@id\":\"https:\\\/\\\/naturalvanilla.ae\\\/kw\\\/#website\"},\"primaryImageOfPage\":{\"@id\":\"https:\\\/\\\/naturalvanilla.ae\\\/pk\\\/shop\\\/vanilla-sugar\\\/#primaryimage\"},\"image\":{\"@id\":\"https:\\\/\\\/naturalvanilla.ae\\\/pk\\\/shop\\\/vanilla-sugar\\\/#primaryimage\"},\"thumbnailUrl\":\"https:\\\/\\\/naturalvanilla.ae\\\/wp-content\\\/uploads\\\/2023\\\/08\\\/Natural-Vanilla-Ground-Vanilla-Powder-Blend-Range.jpg\",\"datePublished\":\"2023-08-11T03:41:39+00:00\",\"dateModified\":\"2023-08-11T03:45:23+00:00\",\"description\":\"Dried grade A ground vanilla bean powder blended with brown sugar powder with no preservatives and no allergens. Vanilla sugar bulk wholesale supply.\",\"breadcrumb\":{\"@id\":\"https:\\\/\\\/naturalvanilla.ae\\\/pk\\\/shop\\\/vanilla-sugar\\\/#breadcrumb\"},\"inLanguage\":\"tr\",\"potentialAction\":[{\"@type\":\"ReadAction\",\"target\":[\"https:\\\/\\\/naturalvanilla.ae\\\/pk\\\/shop\\\/vanilla-sugar\\\/\"]}]},{\"@type\":\"ImageObject\",\"inLanguage\":\"tr\",\"@id\":\"https:\\\/\\\/naturalvanilla.ae\\\/pk\\\/shop\\\/vanilla-sugar\\\/#primaryimage\",\"url\":\"https:\\\/\\\/naturalvanilla.ae\\\/wp-content\\\/uploads\\\/2023\\\/08\\\/Natural-Vanilla-Ground-Vanilla-Powder-Blend-Range.jpg\",\"contentUrl\":\"https:\\\/\\\/naturalvanilla.ae\\\/wp-content\\\/uploads\\\/2023\\\/08\\\/Natural-Vanilla-Ground-Vanilla-Powder-Blend-Range.jpg\",\"width\":1600,\"height\":1600,\"caption\":\"Natural-Vanilla-Ground-Vanilla-Powder-Blend-Range.jpg\"},{\"@type\":\"BreadcrumbList\",\"@id\":\"https:\\\/\\\/naturalvanilla.ae\\\/pk\\\/shop\\\/vanilla-sugar\\\/#breadcrumb\",\"itemListElement\":[{\"@type\":\"ListItem\",\"position\":1,\"name\":\"Home\",\"item\":\"https:\\\/\\\/naturalvanilla.ae\\\/kw\\\/\"},{\"@type\":\"ListItem\",\"position\":2,\"name\":\"Shop\",\"item\":\"https:\\\/\\\/naturalvanilla.ae\\\/tr\\\/shop\\\/\"},{\"@type\":\"ListItem\",\"position\":3,\"name\":\"Vanilla Sugar\"}]},{\"@type\":\"WebSite\",\"@id\":\"https:\\\/\\\/naturalvanilla.ae\\\/kw\\\/#website\",\"url\":\"https:\\\/\\\/naturalvanilla.ae\\\/kw\\\/\",\"name\":\"Natural Vanilla Store\",\"description\":\"Leading Middle East Supplier of Quality Vanilla\",\"publisher\":{\"@id\":\"https:\\\/\\\/naturalvanilla.ae\\\/kw\\\/#organization\"},\"potentialAction\":[{\"@type\":\"SearchAction\",\"target\":{\"@type\":\"EntryPoint\",\"urlTemplate\":\"https:\\\/\\\/naturalvanilla.ae\\\/kw\\\/?s={search_term_string}\"},\"query-input\":{\"@type\":\"PropertyValueSpecification\",\"valueRequired\":true,\"valueName\":\"search_term_string\"}}],\"inLanguage\":\"tr\"},{\"@type\":\"Organization\",\"@id\":\"https:\\\/\\\/naturalvanilla.ae\\\/kw\\\/#organization\",\"name\":\"Natural Vanilla Store\",\"url\":\"https:\\\/\\\/naturalvanilla.ae\\\/kw\\\/\",\"logo\":{\"@type\":\"ImageObject\",\"inLanguage\":\"tr\",\"@id\":\"https:\\\/\\\/naturalvanilla.ae\\\/kw\\\/#\\\/schema\\\/logo\\\/image\\\/\",\"url\":\"https:\\\/\\\/naturalvanilla.ae\\\/wp-content\\\/uploads\\\/2022\\\/12\\\/Natural-Vanilla-Seal-CMYK.png\",\"contentUrl\":\"https:\\\/\\\/naturalvanilla.ae\\\/wp-content\\\/uploads\\\/2022\\\/12\\\/Natural-Vanilla-Seal-CMYK.png\",\"width\":591,\"height\":591,\"caption\":\"Natural Vanilla Store\"},\"image\":{\"@id\":\"https:\\\/\\\/naturalvanilla.ae\\\/kw\\\/#\\\/schema\\\/logo\\\/image\\\/\"},\"sameAs\":[\"https:\\\/\\\/www.facebook.com\\\/naturalvanilla.com.au\",\"https:\\\/\\\/www.instagram.com\\\/natural_vanilla_store\",\"https:\\\/\\\/www.linkedin.com\\\/company\\\/natural-vanilla-pty-ltd\\\/\",\"https:\\\/\\\/www.pinterest.com\\\/natural_vanilla_store\"]}]}<\/script>\n<!-- \/ Yoast SEO plugin. -->","yoast_head_json":{"title":"Vanilya \u015eekeri - Do\u011fal Vanilya Orta Do\u011fu","description":"Koruyucu ve alerjen i\u00e7ermeyen, kahverengi \u015feker tozu ile kar\u0131\u015ft\u0131r\u0131lm\u0131\u015f kurutulmu\u015f A s\u0131n\u0131f\u0131 \u00f6\u011f\u00fct\u00fclm\u00fc\u015f vanilya \u00e7ubu\u011fu tozu. Vanilyal\u0131 \u015feker toptan toplu tedarik.","robots":{"index":"index","follow":"follow","max-snippet":"max-snippet:-1","max-image-preview":"max-image-preview:large","max-video-preview":"max-video-preview:-1"},"canonical":"https:\/\/naturalvanilla.ae\/tr\/shop\/vanilinli-seker\/","og_locale":"tr_TR","og_type":"article","og_title":"Vanilla Sugar - Natural Vanilla Middle East","og_description":"Dried grade A ground vanilla bean powder blended with brown sugar powder with no preservatives and no allergens. Vanilla sugar bulk wholesale supply.","og_url":"https:\/\/naturalvanilla.ae\/tr\/shop\/vanilinli-seker\/","og_site_name":"Natural Vanilla Middle East","article_publisher":"https:\/\/www.facebook.com\/naturalvanilla.com.au","article_modified_time":"2023-08-11T03:45:23+00:00","og_image":[{"width":1600,"height":1600,"url":"https:\/\/naturalvanilla.ae\/wp-content\/uploads\/2023\/08\/Natural-Vanilla-Ground-Vanilla-Powder-Blend-Range.jpg","type":"image\/jpeg"}],"twitter_card":"summary_large_image","twitter_misc":{"Tahmini okuma s\u00fcresi":"1 dakika"},"schema":{"@context":"https:\/\/schema.org","@graph":[{"@type":"WebPage","@id":"https:\/\/naturalvanilla.ae\/pk\/shop\/vanilla-sugar\/","url":"https:\/\/naturalvanilla.ae\/pk\/shop\/vanilla-sugar\/","name":"Vanilya \u015eekeri - Do\u011fal Vanilya Orta Do\u011fu","isPartOf":{"@id":"https:\/\/naturalvanilla.ae\/kw\/#website"},"primaryImageOfPage":{"@id":"https:\/\/naturalvanilla.ae\/pk\/shop\/vanilla-sugar\/#primaryimage"},"image":{"@id":"https:\/\/naturalvanilla.ae\/pk\/shop\/vanilla-sugar\/#primaryimage"},"thumbnailUrl":"https:\/\/naturalvanilla.ae\/wp-content\/uploads\/2023\/08\/Natural-Vanilla-Ground-Vanilla-Powder-Blend-Range.jpg","datePublished":"2023-08-11T03:41:39+00:00","dateModified":"2023-08-11T03:45:23+00:00","description":"Koruyucu ve alerjen i\u00e7ermeyen, kahverengi \u015feker tozu ile kar\u0131\u015ft\u0131r\u0131lm\u0131\u015f kurutulmu\u015f A s\u0131n\u0131f\u0131 \u00f6\u011f\u00fct\u00fclm\u00fc\u015f vanilya \u00e7ubu\u011fu tozu. Vanilyal\u0131 \u015feker toptan toplu tedarik.","breadcrumb":{"@id":"https:\/\/naturalvanilla.ae\/pk\/shop\/vanilla-sugar\/#breadcrumb"},"inLanguage":"tr","potentialAction":[{"@type":"ReadAction","target":["https:\/\/naturalvanilla.ae\/pk\/shop\/vanilla-sugar\/"]}]},{"@type":"ImageObject","inLanguage":"tr","@id":"https:\/\/naturalvanilla.ae\/pk\/shop\/vanilla-sugar\/#primaryimage","url":"https:\/\/naturalvanilla.ae\/wp-content\/uploads\/2023\/08\/Natural-Vanilla-Ground-Vanilla-Powder-Blend-Range.jpg","contentUrl":"https:\/\/naturalvanilla.ae\/wp-content\/uploads\/2023\/08\/Natural-Vanilla-Ground-Vanilla-Powder-Blend-Range.jpg","width":1600,"height":1600,"caption":"Natural-Vanilla-Ground-Vanilla-Powder-Blend-Range.jpg"},{"@type":"BreadcrumbList","@id":"https:\/\/naturalvanilla.ae\/pk\/shop\/vanilla-sugar\/#breadcrumb","itemListElement":[{"@type":"ListItem","position":1,"name":"Home","item":"https:\/\/naturalvanilla.ae\/kw\/"},{"@type":"ListItem","position":2,"name":"Shop","item":"https:\/\/naturalvanilla.ae\/tr\/shop\/"},{"@type":"ListItem","position":3,"name":"Vanilla Sugar"}]},{"@type":"WebSite","@id":"https:\/\/naturalvanilla.ae\/kw\/#website","url":"https:\/\/naturalvanilla.ae\/kw\/","name":"Do\u011fal Vanilya D\u00fckkan\u0131","description":"Kaliteli Vanilyan\u0131n Ortado\u011fu'daki \u00d6nde Gelen Tedarik\u00e7isi","publisher":{"@id":"https:\/\/naturalvanilla.ae\/kw\/#organization"},"potentialAction":[{"@type":"SearchAction","target":{"@type":"EntryPoint","urlTemplate":"https:\/\/naturalvanilla.ae\/kw\/?s={search_term_string}"},"query-input":{"@type":"PropertyValueSpecification","valueRequired":true,"valueName":"search_term_string"}}],"inLanguage":"tr"},{"@type":"Organization","@id":"https:\/\/naturalvanilla.ae\/kw\/#organization","name":"Do\u011fal Vanilya D\u00fckkan\u0131","url":"https:\/\/naturalvanilla.ae\/kw\/","logo":{"@type":"ImageObject","inLanguage":"tr","@id":"https:\/\/naturalvanilla.ae\/kw\/#\/schema\/logo\/image\/","url":"https:\/\/naturalvanilla.ae\/wp-content\/uploads\/2022\/12\/Natural-Vanilla-Seal-CMYK.png","contentUrl":"https:\/\/naturalvanilla.ae\/wp-content\/uploads\/2022\/12\/Natural-Vanilla-Seal-CMYK.png","width":591,"height":591,"caption":"Natural Vanilla Store"},"image":{"@id":"https:\/\/naturalvanilla.ae\/kw\/#\/schema\/logo\/image\/"},"sameAs":["https:\/\/www.facebook.com\/naturalvanilla.com.au","https:\/\/www.instagram.com\/natural_vanilla_store","https:\/\/www.linkedin.com\/company\/natural-vanilla-pty-ltd\/","https:\/\/www.pinterest.com\/natural_vanilla_store"]}]}},"uagb_featured_image_src":{"full":["https:\/\/naturalvanilla.ae\/wp-content\/uploads\/2023\/08\/Natural-Vanilla-Ground-Vanilla-Powder-Blend-Range.jpg",1600,1600,false],"thumbnail":["https:\/\/naturalvanilla.ae\/wp-content\/uploads\/2023\/08\/Natural-Vanilla-Ground-Vanilla-Powder-Blend-Range-150x150.jpg",150,150,true],"medium":["https:\/\/naturalvanilla.ae\/wp-content\/uploads\/2023\/08\/Natural-Vanilla-Ground-Vanilla-Powder-Blend-Range-300x300.jpg",300,300,true],"medium_large":["https:\/\/naturalvanilla.ae\/wp-content\/uploads\/2023\/08\/Natural-Vanilla-Ground-Vanilla-Powder-Blend-Range-768x768.jpg",768,768,true],"large":["https:\/\/naturalvanilla.ae\/wp-content\/uploads\/2023\/08\/Natural-Vanilla-Ground-Vanilla-Powder-Blend-Range-1024x1024.jpg",1024,1024,true],"1536x1536":["https:\/\/naturalvanilla.ae\/wp-content\/uploads\/2023\/08\/Natural-Vanilla-Ground-Vanilla-Powder-Blend-Range-1536x1536.jpg",1536,1536,true],"2048x2048":["https:\/\/naturalvanilla.ae\/wp-content\/uploads\/2023\/08\/Natural-Vanilla-Ground-Vanilla-Powder-Blend-Range.jpg",1600,1600,false],"trp-custom-language-flag":["https:\/\/naturalvanilla.ae\/wp-content\/uploads\/2023\/08\/Natural-Vanilla-Ground-Vanilla-Powder-Blend-Range.jpg",12,12,false],"woocommerce_thumbnail":["https:\/\/naturalvanilla.ae\/wp-content\/uploads\/2023\/08\/Natural-Vanilla-Ground-Vanilla-Powder-Blend-Range-1000x1000.jpg",1000,1000,true],"woocommerce_single":["https:\/\/naturalvanilla.ae\/wp-content\/uploads\/2023\/08\/Natural-Vanilla-Ground-Vanilla-Powder-Blend-Range-1000x1000.jpg",1000,1000,true],"woocommerce_gallery_thumbnail":["https:\/\/naturalvanilla.ae\/wp-content\/uploads\/2023\/08\/Natural-Vanilla-Ground-Vanilla-Powder-Blend-Range-100x100.jpg",100,100,true]},"uagb_author_info":{"display_name":"Natural Vanilla Store","author_link":"https:\/\/naturalvanilla.ae\/tr\/author\/"},"uagb_comment_info":0,"uagb_excerpt":"Product description: Fine ground vanilla bean powder produced from fresh natural vanilla pods blended with brown sugar powder. This product has a pleasant vanilla aroma and taste with a subtle sweetness coming from the natural raw sugar used within the blend. Vanilla pods used for making ground vanilla blend are fresh non-spent vanilla that are&hellip;","_links":{"self":[{"href":"https:\/\/naturalvanilla.ae\/tr\/wp-json\/wp\/v2\/product\/5026","targetHints":{"allow":["GET"]}}],"collection":[{"href":"https:\/\/naturalvanilla.ae\/tr\/wp-json\/wp\/v2\/product"}],"about":[{"href":"https:\/\/naturalvanilla.ae\/tr\/wp-json\/wp\/v2\/types\/product"}],"wp:featuredmedia":[{"embeddable":true,"href":"https:\/\/naturalvanilla.ae\/tr\/wp-json\/wp\/v2\/media\/5056"}],"wp:attachment":[{"href":"https:\/\/naturalvanilla.ae\/tr\/wp-json\/wp\/v2\/media?parent=5026"}],"wp:term":[{"taxonomy":"product_brand","embeddable":true,"href":"https:\/\/naturalvanilla.ae\/tr\/wp-json\/wp\/v2\/product_brand?post=5026"},{"taxonomy":"product_cat","embeddable":true,"href":"https:\/\/naturalvanilla.ae\/tr\/wp-json\/wp\/v2\/product_cat?post=5026"},{"taxonomy":"product_tag","embeddable":true,"href":"https:\/\/naturalvanilla.ae\/tr\/wp-json\/wp\/v2\/product_tag?post=5026"}],"curies":[{"name":"wp","href":"https:\/\/api.w.org\/{rel}","templated":true}]}}