{"id":5027,"date":"2023-08-11T11:41:39","date_gmt":"2023-08-11T03:41:39","guid":{"rendered":"https:\/\/naturalvanilla.ae\/?post_type=product&#038;p=5027"},"modified":"2024-06-11T08:42:51","modified_gmt":"2024-06-11T00:42:51","slug":"bireysel-ornekler","status":"publish","type":"product","link":"https:\/\/naturalvanilla.ae\/tr\/shop\/individual-samples\/","title":{"rendered":"Bireysel \u00d6rnekler"},"content":{"rendered":"<p>Natural Vanilla Store'un y\u00fcksek kaliteli \u00fcr\u00fcnlerinden \u00e7e\u015fitli \u00f6rnek se\u00e7kisi.<\/p>\n<p>\u00dcr\u00fcnlerin daha b\u00fcy\u00fck miktarlarda sat\u0131n al\u0131nmadan \u00f6nce gereksinimlerinize uygunlu\u011funu do\u011frulamak \u00fczere test ve denemelerin yap\u0131labilmesi i\u00e7in numune boyutunda sat\u0131n alman\u0131z\u0131 \u00f6neririz.<\/p>\n<p>30 ml'lik numune se\u00e7imimiz a\u015fa\u011f\u0131dakileri i\u00e7ermektedir:<\/p>\n<ul>\n<li>\u00d6\u011f\u00fct\u00fclm\u00fc\u015f Vanilya \u2013 A S\u0131n\u0131f\u0131<\/li>\n<li>\u00d6\u011f\u00fct\u00fclm\u00fc\u015f Vanilya \u2013 B S\u0131n\u0131f\u0131<\/li>\n<li>Vanilya \u015eekeri<\/li>\n<li>Do\u011fal Vanilya \u00d6z\u00fct\u00fc \u2013 Geleneksel Stil<\/li>\n<li>Alkol \u0130\u00e7ermeyen Do\u011fal Vanilya \u00d6z\u00fct\u00fc<\/li>\n<li>Do\u011fal Vanilya \u00d6z\u00fct\u00fc \u2013 \u015eekersiz<\/li>\n<li>Do\u011fal Vanilya Ezmesi \u2013 Geleneksel Stil<\/li>\n<li>Do\u011fal Vanilya Ezmesi \u2013 Alkol \u0130\u00e7ermez<\/li>\n<li>Vanilya Tohumu Havyar Macunu<\/li>\n<li>Vanilya Tohumu Havyar\u0131 Kurutulmu\u015f<\/li>\n<li>Do\u011fal Vanilya Ekstrakt\u0131 Tozu<\/li>\n<\/ul>","protected":false},"excerpt":{"rendered":"<p>Selection of various samples of Natural Vanilla Store high quality products. We recommend purchasing the sample size so that testing and trials can be conducted to confirm the products suitability to your requirements prior to purchasing larger quantities. The selection of our 30ml samples include the following: Ground Vanilla &#8211; Grade A Ground Vanilla &#8211; [&hellip;]<\/p>\n","protected":false},"featured_media":5057,"template":"","meta":{"_uag_custom_page_level_css":"","site-sidebar-layout":"default","site-content-layout":"default","ast-site-content-layout":"default","site-content-style":"default","site-sidebar-style":"default","ast-global-header-display":"","ast-banner-title-visibility":"","ast-main-header-display":"","ast-hfb-above-header-display":"","ast-hfb-below-header-display":"","ast-hfb-mobile-header-display":"","site-post-title":"","ast-breadcrumbs-content":"","ast-featured-img":"","footer-sml-layout":"","ast-disable-related-posts":"","theme-transparent-header-meta":"default","adv-header-id-meta":"","stick-header-meta":"","header-above-stick-meta":"","header-main-stick-meta":"","header-below-stick-meta":"","astra-migrate-meta-layouts":"set","ast-page-background-enabled":"default","ast-page-background-meta":{"desktop":{"background-color":"","background-image":"","background-repeat":"repeat","background-position":"center center","background-size":"auto","background-attachment":"scroll","background-type":"","background-media":"","overlay-type":"","overlay-color":"","overlay-opacity":"","overlay-gradient":""},"tablet":{"background-color":"","background-image":"","background-repeat":"repeat","background-position":"center center","background-size":"auto","background-attachment":"scroll","background-type":"","background-media":"","overlay-type":"","overlay-color":"","overlay-opacity":"","overlay-gradient":""},"mobile":{"background-color":"","background-image":"","background-repeat":"repeat","background-position":"center center","background-size":"auto","background-attachment":"scroll","background-type":"","background-media":"","overlay-type":"","overlay-color":"","overlay-opacity":"","overlay-gradient":""}},"ast-content-background-meta":{"desktop":{"background-color":"var(--ast-global-color-5)","background-image":"","background-repeat":"repeat","background-position":"center center","background-size":"auto","background-attachment":"scroll","background-type":"","background-media":"","overlay-type":"","overlay-color":"","overlay-opacity":"","overlay-gradient":""},"tablet":{"background-color":"var(--ast-global-color-5)","background-image":"","background-repeat":"repeat","background-position":"center center","background-size":"auto","background-attachment":"scroll","background-type":"","background-media":"","overlay-type":"","overlay-color":"","overlay-opacity":"","overlay-gradient":""},"mobile":{"background-color":"var(--ast-global-color-5)","background-image":"","background-repeat":"repeat","background-position":"center center","background-size":"auto","background-attachment":"scroll","background-type":"","background-media":"","overlay-type":"","overlay-color":"","overlay-opacity":"","overlay-gradient":""}}},"product_brand":[],"product_cat":[317],"product_tag":[322],"class_list":{"0":"post-5027","1":"product","2":"type-product","3":"status-publish","4":"has-post-thumbnail","6":"product_cat-products","7":"product_tag-individual-samples","8":"desktop-align-left","9":"tablet-align-left","10":"mobile-align-left","12":"first","13":"instock","14":"sold-individually","15":"shipping-taxable","16":"purchasable","17":"product-type-variable"},"yoast_head":"<!-- This site is optimized with the Yoast SEO plugin v27.4 - https:\/\/yoast.com\/product\/yoast-seo-wordpress\/ -->\n<title>Individual Samples - Natural Vanilla Middle East<\/title>\n<meta name=\"description\" content=\"Natural ground vanilla pod samples. Selection of individual samples of dry ground vanilla bean products or vanilla bean extracts and pastes.\" \/>\n<meta name=\"robots\" content=\"index, follow, max-snippet:-1, max-image-preview:large, max-video-preview:-1\" \/>\n<link rel=\"canonical\" href=\"https:\/\/naturalvanilla.ae\/tr\/shop\/bireysel-ornekler\/\" \/>\n<meta property=\"og:locale\" content=\"tr_TR\" \/>\n<meta property=\"og:type\" content=\"article\" \/>\n<meta property=\"og:title\" content=\"Individual Samples - Natural Vanilla Middle East\" \/>\n<meta property=\"og:description\" content=\"Natural ground vanilla pod samples. Selection of individual samples of dry ground vanilla bean products or vanilla bean extracts and pastes.\" \/>\n<meta property=\"og:url\" content=\"https:\/\/naturalvanilla.ae\/tr\/shop\/bireysel-ornekler\/\" \/>\n<meta property=\"og:site_name\" content=\"Natural Vanilla Middle East\" \/>\n<meta property=\"article:publisher\" content=\"https:\/\/www.facebook.com\/naturalvanilla.com.au\" \/>\n<meta property=\"article:modified_time\" content=\"2024-06-11T00:42:51+00:00\" \/>\n<meta property=\"og:image\" content=\"https:\/\/naturalvanilla.ae\/wp-content\/uploads\/2023\/08\/Natural-Vanilla-Samples-1-scaled-1.jpg\" \/>\n\t<meta property=\"og:image:width\" content=\"1600\" \/>\n\t<meta property=\"og:image:height\" content=\"1600\" \/>\n\t<meta property=\"og:image:type\" content=\"image\/jpeg\" \/>\n<meta name=\"twitter:card\" content=\"summary_large_image\" \/>\n<meta name=\"twitter:label1\" content=\"Tahmini okuma s\u00fcresi\" \/>\n\t<meta name=\"twitter:data1\" content=\"1 dakika\" \/>\n<script type=\"application\/ld+json\" class=\"yoast-schema-graph\">{\"@context\":\"https:\\\/\\\/schema.org\",\"@graph\":[{\"@type\":\"WebPage\",\"@id\":\"https:\\\/\\\/naturalvanilla.ae\\\/tr\\\/shop\\\/individual-samples\\\/\",\"url\":\"https:\\\/\\\/naturalvanilla.ae\\\/tr\\\/shop\\\/individual-samples\\\/\",\"name\":\"Individual Samples - Natural Vanilla Middle East\",\"isPartOf\":{\"@id\":\"https:\\\/\\\/naturalvanilla.ae\\\/om\\\/#website\"},\"primaryImageOfPage\":{\"@id\":\"https:\\\/\\\/naturalvanilla.ae\\\/tr\\\/shop\\\/individual-samples\\\/#primaryimage\"},\"image\":{\"@id\":\"https:\\\/\\\/naturalvanilla.ae\\\/tr\\\/shop\\\/individual-samples\\\/#primaryimage\"},\"thumbnailUrl\":\"https:\\\/\\\/naturalvanilla.ae\\\/wp-content\\\/uploads\\\/2023\\\/08\\\/Natural-Vanilla-Samples-1-scaled-1.jpg\",\"datePublished\":\"2023-08-11T03:41:39+00:00\",\"dateModified\":\"2024-06-11T00:42:51+00:00\",\"description\":\"Natural ground vanilla pod samples. Selection of individual samples of dry ground vanilla bean products or vanilla bean extracts and pastes.\",\"breadcrumb\":{\"@id\":\"https:\\\/\\\/naturalvanilla.ae\\\/tr\\\/shop\\\/individual-samples\\\/#breadcrumb\"},\"inLanguage\":\"tr\",\"potentialAction\":[{\"@type\":\"ReadAction\",\"target\":[\"https:\\\/\\\/naturalvanilla.ae\\\/tr\\\/shop\\\/individual-samples\\\/\"]}]},{\"@type\":\"ImageObject\",\"inLanguage\":\"tr\",\"@id\":\"https:\\\/\\\/naturalvanilla.ae\\\/tr\\\/shop\\\/individual-samples\\\/#primaryimage\",\"url\":\"https:\\\/\\\/naturalvanilla.ae\\\/wp-content\\\/uploads\\\/2023\\\/08\\\/Natural-Vanilla-Samples-1-scaled-1.jpg\",\"contentUrl\":\"https:\\\/\\\/naturalvanilla.ae\\\/wp-content\\\/uploads\\\/2023\\\/08\\\/Natural-Vanilla-Samples-1-scaled-1.jpg\",\"width\":1600,\"height\":1600,\"caption\":\"Natural-Vanilla-Samples-1-scaled-1.jpg\"},{\"@type\":\"BreadcrumbList\",\"@id\":\"https:\\\/\\\/naturalvanilla.ae\\\/tr\\\/shop\\\/individual-samples\\\/#breadcrumb\",\"itemListElement\":[{\"@type\":\"ListItem\",\"position\":1,\"name\":\"Home\",\"item\":\"https:\\\/\\\/naturalvanilla.ae\\\/om\\\/\"},{\"@type\":\"ListItem\",\"position\":2,\"name\":\"Shop\",\"item\":\"https:\\\/\\\/naturalvanilla.ae\\\/shop\\\/\"},{\"@type\":\"ListItem\",\"position\":3,\"name\":\"Individual Samples\"}]},{\"@type\":\"WebSite\",\"@id\":\"https:\\\/\\\/naturalvanilla.ae\\\/om\\\/#website\",\"url\":\"https:\\\/\\\/naturalvanilla.ae\\\/om\\\/\",\"name\":\"Natural Vanilla Store\",\"description\":\"Leading Middle East Supplier of Quality Vanilla\",\"publisher\":{\"@id\":\"https:\\\/\\\/naturalvanilla.ae\\\/om\\\/#organization\"},\"potentialAction\":[{\"@type\":\"SearchAction\",\"target\":{\"@type\":\"EntryPoint\",\"urlTemplate\":\"https:\\\/\\\/naturalvanilla.ae\\\/om\\\/?s={search_term_string}\"},\"query-input\":{\"@type\":\"PropertyValueSpecification\",\"valueRequired\":true,\"valueName\":\"search_term_string\"}}],\"inLanguage\":\"tr\"},{\"@type\":\"Organization\",\"@id\":\"https:\\\/\\\/naturalvanilla.ae\\\/om\\\/#organization\",\"name\":\"Natural Vanilla Store\",\"url\":\"https:\\\/\\\/naturalvanilla.ae\\\/om\\\/\",\"logo\":{\"@type\":\"ImageObject\",\"inLanguage\":\"tr\",\"@id\":\"https:\\\/\\\/naturalvanilla.ae\\\/om\\\/#\\\/schema\\\/logo\\\/image\\\/\",\"url\":\"https:\\\/\\\/naturalvanilla.ae\\\/wp-content\\\/uploads\\\/2022\\\/12\\\/Natural-Vanilla-Seal-CMYK.png\",\"contentUrl\":\"https:\\\/\\\/naturalvanilla.ae\\\/wp-content\\\/uploads\\\/2022\\\/12\\\/Natural-Vanilla-Seal-CMYK.png\",\"width\":591,\"height\":591,\"caption\":\"Natural Vanilla Store\"},\"image\":{\"@id\":\"https:\\\/\\\/naturalvanilla.ae\\\/om\\\/#\\\/schema\\\/logo\\\/image\\\/\"},\"sameAs\":[\"https:\\\/\\\/www.facebook.com\\\/naturalvanilla.com.au\",\"https:\\\/\\\/www.instagram.com\\\/natural_vanilla_store\",\"https:\\\/\\\/www.linkedin.com\\\/company\\\/natural-vanilla-pty-ltd\\\/\",\"https:\\\/\\\/www.pinterest.com\\\/natural_vanilla_store\"]}]}<\/script>\n<!-- \/ Yoast SEO plugin. -->","yoast_head_json":{"title":"Bireysel \u00d6rnekler - Do\u011fal Vanilya Orta Do\u011fu","description":"Do\u011fal \u00f6\u011f\u00fct\u00fclm\u00fc\u015f vanilya \u00e7ubu\u011fu numuneleri. Kuru \u00f6\u011f\u00fct\u00fclm\u00fc\u015f vanilya \u00e7ubu\u011fu \u00fcr\u00fcnlerinin veya vanilya \u00e7ubu\u011fu \u00f6zlerinin ve ezmelerinin tekil numunelerinin se\u00e7imi.","robots":{"index":"index","follow":"follow","max-snippet":"max-snippet:-1","max-image-preview":"max-image-preview:large","max-video-preview":"max-video-preview:-1"},"canonical":"https:\/\/naturalvanilla.ae\/tr\/shop\/bireysel-ornekler\/","og_locale":"tr_TR","og_type":"article","og_title":"Individual Samples - Natural Vanilla Middle East","og_description":"Natural ground vanilla pod samples. Selection of individual samples of dry ground vanilla bean products or vanilla bean extracts and pastes.","og_url":"https:\/\/naturalvanilla.ae\/tr\/shop\/bireysel-ornekler\/","og_site_name":"Natural Vanilla Middle East","article_publisher":"https:\/\/www.facebook.com\/naturalvanilla.com.au","article_modified_time":"2024-06-11T00:42:51+00:00","og_image":[{"width":1600,"height":1600,"url":"https:\/\/naturalvanilla.ae\/wp-content\/uploads\/2023\/08\/Natural-Vanilla-Samples-1-scaled-1.jpg","type":"image\/jpeg"}],"twitter_card":"summary_large_image","twitter_misc":{"Tahmini okuma s\u00fcresi":"1 dakika"},"schema":{"@context":"https:\/\/schema.org","@graph":[{"@type":"WebPage","@id":"https:\/\/naturalvanilla.ae\/tr\/shop\/individual-samples\/","url":"https:\/\/naturalvanilla.ae\/tr\/shop\/individual-samples\/","name":"Bireysel \u00d6rnekler - Do\u011fal Vanilya Orta Do\u011fu","isPartOf":{"@id":"https:\/\/naturalvanilla.ae\/om\/#website"},"primaryImageOfPage":{"@id":"https:\/\/naturalvanilla.ae\/tr\/shop\/individual-samples\/#primaryimage"},"image":{"@id":"https:\/\/naturalvanilla.ae\/tr\/shop\/individual-samples\/#primaryimage"},"thumbnailUrl":"https:\/\/naturalvanilla.ae\/wp-content\/uploads\/2023\/08\/Natural-Vanilla-Samples-1-scaled-1.jpg","datePublished":"2023-08-11T03:41:39+00:00","dateModified":"2024-06-11T00:42:51+00:00","description":"Do\u011fal \u00f6\u011f\u00fct\u00fclm\u00fc\u015f vanilya \u00e7ubu\u011fu numuneleri. Kuru \u00f6\u011f\u00fct\u00fclm\u00fc\u015f vanilya \u00e7ubu\u011fu \u00fcr\u00fcnlerinin veya vanilya \u00e7ubu\u011fu \u00f6zlerinin ve ezmelerinin tekil numunelerinin se\u00e7imi.","breadcrumb":{"@id":"https:\/\/naturalvanilla.ae\/tr\/shop\/individual-samples\/#breadcrumb"},"inLanguage":"tr","potentialAction":[{"@type":"ReadAction","target":["https:\/\/naturalvanilla.ae\/tr\/shop\/individual-samples\/"]}]},{"@type":"ImageObject","inLanguage":"tr","@id":"https:\/\/naturalvanilla.ae\/tr\/shop\/individual-samples\/#primaryimage","url":"https:\/\/naturalvanilla.ae\/wp-content\/uploads\/2023\/08\/Natural-Vanilla-Samples-1-scaled-1.jpg","contentUrl":"https:\/\/naturalvanilla.ae\/wp-content\/uploads\/2023\/08\/Natural-Vanilla-Samples-1-scaled-1.jpg","width":1600,"height":1600,"caption":"Natural-Vanilla-Samples-1-scaled-1.jpg"},{"@type":"BreadcrumbList","@id":"https:\/\/naturalvanilla.ae\/tr\/shop\/individual-samples\/#breadcrumb","itemListElement":[{"@type":"ListItem","position":1,"name":"Home","item":"https:\/\/naturalvanilla.ae\/om\/"},{"@type":"ListItem","position":2,"name":"Shop","item":"https:\/\/naturalvanilla.ae\/shop\/"},{"@type":"ListItem","position":3,"name":"Individual Samples"}]},{"@type":"WebSite","@id":"https:\/\/naturalvanilla.ae\/om\/#website","url":"https:\/\/naturalvanilla.ae\/om\/","name":"Do\u011fal Vanilya D\u00fckkan\u0131","description":"Kaliteli Vanilyan\u0131n Ortado\u011fu'daki \u00d6nde Gelen Tedarik\u00e7isi","publisher":{"@id":"https:\/\/naturalvanilla.ae\/om\/#organization"},"potentialAction":[{"@type":"SearchAction","target":{"@type":"EntryPoint","urlTemplate":"https:\/\/naturalvanilla.ae\/om\/?s={search_term_string}"},"query-input":{"@type":"PropertyValueSpecification","valueRequired":true,"valueName":"search_term_string"}}],"inLanguage":"tr"},{"@type":"Organization","@id":"https:\/\/naturalvanilla.ae\/om\/#organization","name":"Do\u011fal Vanilya D\u00fckkan\u0131","url":"https:\/\/naturalvanilla.ae\/om\/","logo":{"@type":"ImageObject","inLanguage":"tr","@id":"https:\/\/naturalvanilla.ae\/om\/#\/schema\/logo\/image\/","url":"https:\/\/naturalvanilla.ae\/wp-content\/uploads\/2022\/12\/Natural-Vanilla-Seal-CMYK.png","contentUrl":"https:\/\/naturalvanilla.ae\/wp-content\/uploads\/2022\/12\/Natural-Vanilla-Seal-CMYK.png","width":591,"height":591,"caption":"Natural Vanilla Store"},"image":{"@id":"https:\/\/naturalvanilla.ae\/om\/#\/schema\/logo\/image\/"},"sameAs":["https:\/\/www.facebook.com\/naturalvanilla.com.au","https:\/\/www.instagram.com\/natural_vanilla_store","https:\/\/www.linkedin.com\/company\/natural-vanilla-pty-ltd\/","https:\/\/www.pinterest.com\/natural_vanilla_store"]}]}},"uagb_featured_image_src":{"full":["https:\/\/naturalvanilla.ae\/wp-content\/uploads\/2023\/08\/Natural-Vanilla-Samples-1-scaled-1.jpg",1600,1600,false],"thumbnail":["https:\/\/naturalvanilla.ae\/wp-content\/uploads\/2023\/08\/Natural-Vanilla-Samples-1-scaled-1-150x150.jpg",150,150,true],"medium":["https:\/\/naturalvanilla.ae\/wp-content\/uploads\/2023\/08\/Natural-Vanilla-Samples-1-scaled-1-300x300.jpg",300,300,true],"medium_large":["https:\/\/naturalvanilla.ae\/wp-content\/uploads\/2023\/08\/Natural-Vanilla-Samples-1-scaled-1-768x768.jpg",768,768,true],"large":["https:\/\/naturalvanilla.ae\/wp-content\/uploads\/2023\/08\/Natural-Vanilla-Samples-1-scaled-1-1024x1024.jpg",1024,1024,true],"1536x1536":["https:\/\/naturalvanilla.ae\/wp-content\/uploads\/2023\/08\/Natural-Vanilla-Samples-1-scaled-1-1536x1536.jpg",1536,1536,true],"2048x2048":["https:\/\/naturalvanilla.ae\/wp-content\/uploads\/2023\/08\/Natural-Vanilla-Samples-1-scaled-1.jpg",1600,1600,false],"trp-custom-language-flag":["https:\/\/naturalvanilla.ae\/wp-content\/uploads\/2023\/08\/Natural-Vanilla-Samples-1-scaled-1.jpg",12,12,false],"woocommerce_thumbnail":["https:\/\/naturalvanilla.ae\/wp-content\/uploads\/2023\/08\/Natural-Vanilla-Samples-1-scaled-1-1000x1000.jpg",1000,1000,true],"woocommerce_single":["https:\/\/naturalvanilla.ae\/wp-content\/uploads\/2023\/08\/Natural-Vanilla-Samples-1-scaled-1-1000x1000.jpg",1000,1000,true],"woocommerce_gallery_thumbnail":["https:\/\/naturalvanilla.ae\/wp-content\/uploads\/2023\/08\/Natural-Vanilla-Samples-1-scaled-1-100x100.jpg",100,100,true]},"uagb_author_info":{"display_name":"Natural Vanilla Store","author_link":"https:\/\/naturalvanilla.ae\/tr\/author\/"},"uagb_comment_info":0,"uagb_excerpt":"Selection of various samples of Natural Vanilla Store high quality products. We recommend purchasing the sample size so that testing and trials can be conducted to confirm the products suitability to your requirements prior to purchasing larger quantities. The selection of our 30ml samples include the following: Ground Vanilla &#8211; Grade A Ground Vanilla &#8211;&hellip;","_links":{"self":[{"href":"https:\/\/naturalvanilla.ae\/tr\/wp-json\/wp\/v2\/product\/5027","targetHints":{"allow":["GET"]}}],"collection":[{"href":"https:\/\/naturalvanilla.ae\/tr\/wp-json\/wp\/v2\/product"}],"about":[{"href":"https:\/\/naturalvanilla.ae\/tr\/wp-json\/wp\/v2\/types\/product"}],"wp:featuredmedia":[{"embeddable":true,"href":"https:\/\/naturalvanilla.ae\/tr\/wp-json\/wp\/v2\/media\/5057"}],"wp:attachment":[{"href":"https:\/\/naturalvanilla.ae\/tr\/wp-json\/wp\/v2\/media?parent=5027"}],"wp:term":[{"taxonomy":"product_brand","embeddable":true,"href":"https:\/\/naturalvanilla.ae\/tr\/wp-json\/wp\/v2\/product_brand?post=5027"},{"taxonomy":"product_cat","embeddable":true,"href":"https:\/\/naturalvanilla.ae\/tr\/wp-json\/wp\/v2\/product_cat?post=5027"},{"taxonomy":"product_tag","embeddable":true,"href":"https:\/\/naturalvanilla.ae\/tr\/wp-json\/wp\/v2\/product_tag?post=5027"}],"curies":[{"name":"wp","href":"https:\/\/api.w.org\/{rel}","templated":true}]}}