{"id":5028,"date":"2023-08-11T11:41:39","date_gmt":"2023-08-11T03:41:39","guid":{"rendered":"https:\/\/naturalvanilla.ae\/?post_type=product&#038;p=5028"},"modified":"2023-08-11T11:45:21","modified_gmt":"2023-08-11T03:45:21","slug":"vanilya-cubuklari-a-sinifi-burbon-cesidi","status":"publish","type":"product","link":"https:\/\/naturalvanilla.ae\/tr\/shop\/vanilla-pods-grade-a-bourbon-variety\/","title":{"rendered":"Vanilya \u00c7ubuklar\u0131 A Kalite \u2013 Bourbon \u00c7e\u015fidi"},"content":{"rendered":"<table>\n<tbody>\n<tr>\n<td width=\"168\"><strong>\u00dcr\u00fcn a\u00e7\u0131klamas\u0131:<\/strong><\/td>\n<td colspan=\"2\" width=\"489\">Yo\u011fun lezzet profiline, g\u00fc\u00e7l\u00fc aromalara sahip ve koyu kahverengi ya\u011fl\u0131 bir g\u00f6r\u00fcn\u00fcme sahip A s\u0131n\u0131f\u0131 vanilya \u00e7ubuklar\u0131. Dolgun ve yumu\u015fak yap\u0131da olup g\u00f6rsel olarak \u00e7ekici g\u00f6r\u00fcn\u00fcyorlar.<\/p>\n<p>Bourbon \u00e7e\u015fitleri vanilya \u00e7ubuklar\u0131 Planifolia olarak da bilinir. Zengin d\u00fcnyevi vanilya aromalar\u0131yla tan\u0131n\u0131rlar ve dondurma, tatl\u0131lar ve unlu mamullere tereya\u011fl\u0131 karamel ve tar\u00e7\u0131n tatlar\u0131 katarlar.<\/td>\n<\/tr>\n<tr>\n<td width=\"168\"><strong>\u00c7e\u015fit \/ K\u00f6ken:<\/strong><\/td>\n<td colspan=\"2\" width=\"489\">Bourbon (Planifolia) \u00e7e\u015fit vanilya \u00e7ubuklar\u0131. Papua Yeni Gine men\u015feli.<\/td>\n<\/tr>\n<tr>\n<td width=\"168\"><strong>Kalite<\/strong><\/td>\n<td colspan=\"2\" width=\"489\">A s\u0131n\u0131f\u0131 vanilya \u00e7ubuklar\u0131 (gurme olarak da adland\u0131r\u0131l\u0131r). Vanilya g\u00f6rsel olarak \u00e7ekicidir, bu da onu gurme mutfakta \u00f6ne \u00e7\u0131kan bir malzeme haline getirebilir. Daha az s\u00fcrede daha fazla lezzet i\u00e7in daha az \u00e7ubuk gerekir, bu y\u00fczden bir\u00e7ok ba\u015f a\u015f\u00e7\u0131, usta birac\u0131 ve dam\u0131t\u0131c\u0131 A s\u0131n\u0131f\u0131 vanilya \u00e7ubuklar\u0131n\u0131 tercih eder.<\/td>\n<\/tr>\n<tr>\n<td width=\"168\"><strong>Garanti<\/strong><\/td>\n<td colspan=\"2\" width=\"489\">Vanilya \u00e7ubuklar\u0131 pestisitsizdir ve yapay g\u00fcbreler kullan\u0131lmadan organik olarak yeti\u015ftirilir. \u00c7ubuklar, yaln\u0131zca en y\u00fcksek kaliteli vanilya \u00e7ubuklar\u0131n\u0131n se\u00e7ilmesini sa\u011flamak i\u00e7in elle ayr\u0131l\u0131r.<\/td>\n<\/tr>\n<tr>\n<td width=\"168\"><strong>Uzunluk<\/strong><\/td>\n<td colspan=\"2\" width=\"489\">Bourbon (Planifolia) \u00e7e\u015fidi i\u00e7in vanilya \u00e7ubuklar\u0131n\u0131n asgari uzunlu\u011fu 16 cm'dir.<\/td>\n<\/tr>\n<tr>\n<td width=\"168\"><strong>Vanilin \u0130\u00e7eri\u011fi \/ Nem \u0130\u00e7eri\u011fi: <\/strong><\/td>\n<td colspan=\"2\" width=\"489\">1,8% \u2013 2,0% vanilin \/ minimum % nem<\/td>\n<\/tr>\n<tr>\n<td width=\"168\"><strong>Mikrobiyoloji:<\/strong><\/td>\n<td width=\"265\">Standart Plaka Say\u0131m\u0131 CFU\/g:<\/p>\n<p>Toplam Maya Say\u0131s\u0131 CFU\/g:<\/p>\n<p>Toplam k\u00fcf say\u0131s\u0131 CFU\/g:<\/p>\n<p>Koag\u00fclaz Pozitif Stafilokoklar\/g<\/p>\n<p>Coliform MPN\/g:<\/p>\n<p>E.coli MPN\/g<\/p>\n<p>25g ba\u015f\u0131na Salmonella:<\/p>\n<p>Listeria per 25g:<\/td>\n<td width=\"225\">20.000. Limit: 1.000.000<\/p>\n<p>100'den az<\/p>\n<p>100'den az<\/p>\n<p>100'den az<\/p>\n<p>&lt;3<\/p>\n<p>&lt;3<\/p>\n<p>Tespit Edilmedi<\/p>\n<p>Tespit Edilmedi<\/td>\n<\/tr>\n<tr>\n<td width=\"168\"><strong>Uygulamalar<\/strong><\/td>\n<td colspan=\"2\" width=\"489\">Dondurmalar, hamur i\u015fleri, unlu mamuller, tatl\u0131lar, i\u00e7ecekler, \u015fekerlemeler vb. Egzotik g\u00fcve\u00e7ler, hamurlar, anglaise ve soslar i\u00e7in lezzetlendiriciler. Bira ve i\u00e7ki \u00fcretimi i\u00e7in lezzetlendiriciler.<\/td>\n<\/tr>\n<tr>\n<td width=\"168\"><strong>\u00d6nerilen Dozaj:<\/strong><\/td>\n<td colspan=\"2\" width=\"489\">Genel kullan\u0131m i\u00e7in kg ba\u015f\u0131na 1 vanilya \u00e7ubu\u011fu. Bira ve dam\u0131tma uygulamalar\u0131 i\u00e7in 1000 litre ba\u015f\u0131na 2-3 kg kullan\u0131n.<\/td>\n<\/tr>\n<tr>\n<td width=\"168\"><strong>Raf \u00d6mr\u00fc<\/strong><\/td>\n<td colspan=\"2\" width=\"489\">A\u00e7\u0131lmam\u0131\u015f vakum paketinde 24 ay, 20\u00b0C alt\u0131nda<\/td>\n<\/tr>\n<\/tbody>\n<\/table>","protected":false},"excerpt":{"rendered":"<p>Product description: Grade A vanilla pods with an intense flavour profile, strong aromatics and dark brown oily appearance. They are plump and supple and look visually attractive. Bourbon variety vanilla pods are also known as Planifolia. They are renowned for their rich earthy vanilla aroma and bringing buttery caramel and cinnamon flavours into ice cream, [&hellip;]<\/p>\n","protected":false},"featured_media":5063,"template":"","meta":{"_uag_custom_page_level_css":"","site-sidebar-layout":"default","site-content-layout":"default","ast-site-content-layout":"default","site-content-style":"default","site-sidebar-style":"default","ast-global-header-display":"","ast-banner-title-visibility":"","ast-main-header-display":"","ast-hfb-above-header-display":"","ast-hfb-below-header-display":"","ast-hfb-mobile-header-display":"","site-post-title":"","ast-breadcrumbs-content":"","ast-featured-img":"","footer-sml-layout":"","ast-disable-related-posts":"","theme-transparent-header-meta":"default","adv-header-id-meta":"","stick-header-meta":"","header-above-stick-meta":"","header-main-stick-meta":"","header-below-stick-meta":"","astra-migrate-meta-layouts":"default","ast-page-background-enabled":"default","ast-page-background-meta":{"desktop":{"background-color":"","background-image":"","background-repeat":"repeat","background-position":"center center","background-size":"auto","background-attachment":"scroll","background-type":"","background-media":"","overlay-type":"","overlay-color":"","overlay-opacity":"","overlay-gradient":""},"tablet":{"background-color":"","background-image":"","background-repeat":"repeat","background-position":"center center","background-size":"auto","background-attachment":"scroll","background-type":"","background-media":"","overlay-type":"","overlay-color":"","overlay-opacity":"","overlay-gradient":""},"mobile":{"background-color":"","background-image":"","background-repeat":"repeat","background-position":"center center","background-size":"auto","background-attachment":"scroll","background-type":"","background-media":"","overlay-type":"","overlay-color":"","overlay-opacity":"","overlay-gradient":""}},"ast-content-background-meta":{"desktop":{"background-color":"var(--ast-global-color-5)","background-image":"","background-repeat":"repeat","background-position":"center center","background-size":"auto","background-attachment":"scroll","background-type":"","background-media":"","overlay-type":"","overlay-color":"","overlay-opacity":"","overlay-gradient":""},"tablet":{"background-color":"var(--ast-global-color-5)","background-image":"","background-repeat":"repeat","background-position":"center center","background-size":"auto","background-attachment":"scroll","background-type":"","background-media":"","overlay-type":"","overlay-color":"","overlay-opacity":"","overlay-gradient":""},"mobile":{"background-color":"var(--ast-global-color-5)","background-image":"","background-repeat":"repeat","background-position":"center center","background-size":"auto","background-attachment":"scroll","background-type":"","background-media":"","overlay-type":"","overlay-color":"","overlay-opacity":"","overlay-gradient":""}}},"product_brand":[],"product_cat":[317],"product_tag":[355],"class_list":{"0":"post-5028","1":"product","2":"type-product","3":"status-publish","4":"has-post-thumbnail","6":"product_cat-products","7":"product_tag-vanilla-pods-a-bourbon","8":"desktop-align-left","9":"tablet-align-left","10":"mobile-align-left","12":"first","13":"instock","14":"shipping-taxable","15":"purchasable","16":"product-type-variable"},"yoast_head":"<!-- This site is optimized with the Yoast SEO plugin v27.4 - https:\/\/yoast.com\/product\/yoast-seo-wordpress\/ -->\n<title>Vanilla Pods Grade A - Bourbon Variety - Natural Vanilla Middle East<\/title>\n<meta name=\"description\" content=\"Vanilla Beans Bourbon Variety: Bourbon (Planifolia), Origin: Papua New Guinea, Quality: Grade A Gourmet oily strong aromatic, supple bulk wholesale supply\" \/>\n<meta name=\"robots\" content=\"index, follow, max-snippet:-1, max-image-preview:large, max-video-preview:-1\" \/>\n<link rel=\"canonical\" href=\"https:\/\/naturalvanilla.ae\/tr\/shop\/vanilya-cubuklari-a-sinifi-burbon-cesidi\/\" \/>\n<meta property=\"og:locale\" content=\"tr_TR\" \/>\n<meta property=\"og:type\" content=\"article\" \/>\n<meta property=\"og:title\" content=\"Vanilla Pods Grade A - Bourbon Variety - Natural Vanilla Middle East\" \/>\n<meta property=\"og:description\" content=\"Vanilla Beans Bourbon Variety: Bourbon (Planifolia), Origin: Papua New Guinea, Quality: Grade A Gourmet oily strong aromatic, supple bulk wholesale supply\" \/>\n<meta property=\"og:url\" content=\"https:\/\/naturalvanilla.ae\/tr\/shop\/vanilya-cubuklari-a-sinifi-burbon-cesidi\/\" \/>\n<meta property=\"og:site_name\" content=\"Natural Vanilla Middle East\" \/>\n<meta property=\"article:publisher\" content=\"https:\/\/www.facebook.com\/naturalvanilla.com.au\" \/>\n<meta property=\"article:modified_time\" content=\"2023-08-11T03:45:21+00:00\" \/>\n<meta property=\"og:image\" content=\"https:\/\/naturalvanilla.ae\/wp-content\/uploads\/2023\/08\/Vanilla-Pods-Grade-A-Tahitian-Gourmet.jpg\" \/>\n\t<meta property=\"og:image:width\" content=\"1140\" \/>\n\t<meta property=\"og:image:height\" content=\"1140\" \/>\n\t<meta property=\"og:image:type\" content=\"image\/jpeg\" \/>\n<meta name=\"twitter:card\" content=\"summary_large_image\" \/>\n<meta name=\"twitter:label1\" content=\"Tahmini okuma s\u00fcresi\" \/>\n\t<meta name=\"twitter:data1\" content=\"2 dakika\" \/>\n<script type=\"application\/ld+json\" class=\"yoast-schema-graph\">{\"@context\":\"https:\\\/\\\/schema.org\",\"@graph\":[{\"@type\":\"WebPage\",\"@id\":\"https:\\\/\\\/naturalvanilla.ae\\\/ae\\\/shop\\\/vanilla-pods-grade-a-bourbon-variety\\\/\",\"url\":\"https:\\\/\\\/naturalvanilla.ae\\\/ae\\\/shop\\\/vanilla-pods-grade-a-bourbon-variety\\\/\",\"name\":\"Vanilla Pods Grade A - Bourbon Variety - Natural Vanilla Middle East\",\"isPartOf\":{\"@id\":\"https:\\\/\\\/naturalvanilla.ae\\\/kw\\\/#website\"},\"primaryImageOfPage\":{\"@id\":\"https:\\\/\\\/naturalvanilla.ae\\\/ae\\\/shop\\\/vanilla-pods-grade-a-bourbon-variety\\\/#primaryimage\"},\"image\":{\"@id\":\"https:\\\/\\\/naturalvanilla.ae\\\/ae\\\/shop\\\/vanilla-pods-grade-a-bourbon-variety\\\/#primaryimage\"},\"thumbnailUrl\":\"https:\\\/\\\/naturalvanilla.ae\\\/wp-content\\\/uploads\\\/2023\\\/08\\\/Vanilla-Pods-Grade-A-Tahitian-Gourmet.jpg\",\"datePublished\":\"2023-08-11T03:41:39+00:00\",\"dateModified\":\"2023-08-11T03:45:21+00:00\",\"description\":\"Vanilla Beans Bourbon Variety: Bourbon (Planifolia), Origin: Papua New Guinea, Quality: Grade A Gourmet oily strong aromatic, supple bulk wholesale supply\",\"breadcrumb\":{\"@id\":\"https:\\\/\\\/naturalvanilla.ae\\\/ae\\\/shop\\\/vanilla-pods-grade-a-bourbon-variety\\\/#breadcrumb\"},\"inLanguage\":\"tr\",\"potentialAction\":[{\"@type\":\"ReadAction\",\"target\":[\"https:\\\/\\\/naturalvanilla.ae\\\/ae\\\/shop\\\/vanilla-pods-grade-a-bourbon-variety\\\/\"]}]},{\"@type\":\"ImageObject\",\"inLanguage\":\"tr\",\"@id\":\"https:\\\/\\\/naturalvanilla.ae\\\/ae\\\/shop\\\/vanilla-pods-grade-a-bourbon-variety\\\/#primaryimage\",\"url\":\"https:\\\/\\\/naturalvanilla.ae\\\/wp-content\\\/uploads\\\/2023\\\/08\\\/Vanilla-Pods-Grade-A-Tahitian-Gourmet.jpg\",\"contentUrl\":\"https:\\\/\\\/naturalvanilla.ae\\\/wp-content\\\/uploads\\\/2023\\\/08\\\/Vanilla-Pods-Grade-A-Tahitian-Gourmet.jpg\",\"width\":1140,\"height\":1140,\"caption\":\"Vanilla-Pods-Grade-A-Tahitian-Gourmet.jpg\"},{\"@type\":\"BreadcrumbList\",\"@id\":\"https:\\\/\\\/naturalvanilla.ae\\\/ae\\\/shop\\\/vanilla-pods-grade-a-bourbon-variety\\\/#breadcrumb\",\"itemListElement\":[{\"@type\":\"ListItem\",\"position\":1,\"name\":\"Home\",\"item\":\"https:\\\/\\\/naturalvanilla.ae\\\/kw\\\/\"},{\"@type\":\"ListItem\",\"position\":2,\"name\":\"Shop\",\"item\":\"https:\\\/\\\/naturalvanilla.ae\\\/tr\\\/shop\\\/\"},{\"@type\":\"ListItem\",\"position\":3,\"name\":\"Vanilla Pods Grade A &#8211; Bourbon Variety\"}]},{\"@type\":\"WebSite\",\"@id\":\"https:\\\/\\\/naturalvanilla.ae\\\/kw\\\/#website\",\"url\":\"https:\\\/\\\/naturalvanilla.ae\\\/kw\\\/\",\"name\":\"Natural Vanilla Store\",\"description\":\"Leading Middle East Supplier of Quality Vanilla\",\"publisher\":{\"@id\":\"https:\\\/\\\/naturalvanilla.ae\\\/kw\\\/#organization\"},\"potentialAction\":[{\"@type\":\"SearchAction\",\"target\":{\"@type\":\"EntryPoint\",\"urlTemplate\":\"https:\\\/\\\/naturalvanilla.ae\\\/kw\\\/?s={search_term_string}\"},\"query-input\":{\"@type\":\"PropertyValueSpecification\",\"valueRequired\":true,\"valueName\":\"search_term_string\"}}],\"inLanguage\":\"tr\"},{\"@type\":\"Organization\",\"@id\":\"https:\\\/\\\/naturalvanilla.ae\\\/kw\\\/#organization\",\"name\":\"Natural Vanilla Store\",\"url\":\"https:\\\/\\\/naturalvanilla.ae\\\/kw\\\/\",\"logo\":{\"@type\":\"ImageObject\",\"inLanguage\":\"tr\",\"@id\":\"https:\\\/\\\/naturalvanilla.ae\\\/kw\\\/#\\\/schema\\\/logo\\\/image\\\/\",\"url\":\"https:\\\/\\\/naturalvanilla.ae\\\/wp-content\\\/uploads\\\/2022\\\/12\\\/Natural-Vanilla-Seal-CMYK.png\",\"contentUrl\":\"https:\\\/\\\/naturalvanilla.ae\\\/wp-content\\\/uploads\\\/2022\\\/12\\\/Natural-Vanilla-Seal-CMYK.png\",\"width\":591,\"height\":591,\"caption\":\"Natural Vanilla Store\"},\"image\":{\"@id\":\"https:\\\/\\\/naturalvanilla.ae\\\/kw\\\/#\\\/schema\\\/logo\\\/image\\\/\"},\"sameAs\":[\"https:\\\/\\\/www.facebook.com\\\/naturalvanilla.com.au\",\"https:\\\/\\\/www.instagram.com\\\/natural_vanilla_store\",\"https:\\\/\\\/www.linkedin.com\\\/company\\\/natural-vanilla-pty-ltd\\\/\",\"https:\\\/\\\/www.pinterest.com\\\/natural_vanilla_store\"]}]}<\/script>\n<!-- \/ Yoast SEO plugin. -->","yoast_head_json":{"title":"Vanilya \u00c7ubuklar\u0131 A S\u0131n\u0131f\u0131 - Bourbon \u00c7e\u015fit - Do\u011fal Vanilya Orta Do\u011fu","description":"Vanilya \u00c7ubuklar\u0131 Bourbon \u00c7e\u015fitleri: Bourbon (Planifolia), Men\u015fe: Papua Yeni Gine, Kalite: S\u0131n\u0131f A Gurme ya\u011fl\u0131 g\u00fc\u00e7l\u00fc aromatik, esnek toptan tedarik","robots":{"index":"index","follow":"follow","max-snippet":"max-snippet:-1","max-image-preview":"max-image-preview:large","max-video-preview":"max-video-preview:-1"},"canonical":"https:\/\/naturalvanilla.ae\/tr\/shop\/vanilya-cubuklari-a-sinifi-burbon-cesidi\/","og_locale":"tr_TR","og_type":"article","og_title":"Vanilla Pods Grade A - Bourbon Variety - Natural Vanilla Middle East","og_description":"Vanilla Beans Bourbon Variety: Bourbon (Planifolia), Origin: Papua New Guinea, Quality: Grade A Gourmet oily strong aromatic, supple bulk wholesale supply","og_url":"https:\/\/naturalvanilla.ae\/tr\/shop\/vanilya-cubuklari-a-sinifi-burbon-cesidi\/","og_site_name":"Natural Vanilla Middle East","article_publisher":"https:\/\/www.facebook.com\/naturalvanilla.com.au","article_modified_time":"2023-08-11T03:45:21+00:00","og_image":[{"width":1140,"height":1140,"url":"https:\/\/naturalvanilla.ae\/wp-content\/uploads\/2023\/08\/Vanilla-Pods-Grade-A-Tahitian-Gourmet.jpg","type":"image\/jpeg"}],"twitter_card":"summary_large_image","twitter_misc":{"Tahmini okuma s\u00fcresi":"2 dakika"},"schema":{"@context":"https:\/\/schema.org","@graph":[{"@type":"WebPage","@id":"https:\/\/naturalvanilla.ae\/ae\/shop\/vanilla-pods-grade-a-bourbon-variety\/","url":"https:\/\/naturalvanilla.ae\/ae\/shop\/vanilla-pods-grade-a-bourbon-variety\/","name":"Vanilya \u00c7ubuklar\u0131 A S\u0131n\u0131f\u0131 - Bourbon \u00c7e\u015fit - Do\u011fal Vanilya Orta Do\u011fu","isPartOf":{"@id":"https:\/\/naturalvanilla.ae\/kw\/#website"},"primaryImageOfPage":{"@id":"https:\/\/naturalvanilla.ae\/ae\/shop\/vanilla-pods-grade-a-bourbon-variety\/#primaryimage"},"image":{"@id":"https:\/\/naturalvanilla.ae\/ae\/shop\/vanilla-pods-grade-a-bourbon-variety\/#primaryimage"},"thumbnailUrl":"https:\/\/naturalvanilla.ae\/wp-content\/uploads\/2023\/08\/Vanilla-Pods-Grade-A-Tahitian-Gourmet.jpg","datePublished":"2023-08-11T03:41:39+00:00","dateModified":"2023-08-11T03:45:21+00:00","description":"Vanilya \u00c7ubuklar\u0131 Bourbon \u00c7e\u015fitleri: Bourbon (Planifolia), Men\u015fe: Papua Yeni Gine, Kalite: S\u0131n\u0131f A Gurme ya\u011fl\u0131 g\u00fc\u00e7l\u00fc aromatik, esnek toptan tedarik","breadcrumb":{"@id":"https:\/\/naturalvanilla.ae\/ae\/shop\/vanilla-pods-grade-a-bourbon-variety\/#breadcrumb"},"inLanguage":"tr","potentialAction":[{"@type":"ReadAction","target":["https:\/\/naturalvanilla.ae\/ae\/shop\/vanilla-pods-grade-a-bourbon-variety\/"]}]},{"@type":"ImageObject","inLanguage":"tr","@id":"https:\/\/naturalvanilla.ae\/ae\/shop\/vanilla-pods-grade-a-bourbon-variety\/#primaryimage","url":"https:\/\/naturalvanilla.ae\/wp-content\/uploads\/2023\/08\/Vanilla-Pods-Grade-A-Tahitian-Gourmet.jpg","contentUrl":"https:\/\/naturalvanilla.ae\/wp-content\/uploads\/2023\/08\/Vanilla-Pods-Grade-A-Tahitian-Gourmet.jpg","width":1140,"height":1140,"caption":"Vanilla-Pods-Grade-A-Tahitian-Gourmet.jpg"},{"@type":"BreadcrumbList","@id":"https:\/\/naturalvanilla.ae\/ae\/shop\/vanilla-pods-grade-a-bourbon-variety\/#breadcrumb","itemListElement":[{"@type":"ListItem","position":1,"name":"Home","item":"https:\/\/naturalvanilla.ae\/kw\/"},{"@type":"ListItem","position":2,"name":"Shop","item":"https:\/\/naturalvanilla.ae\/tr\/shop\/"},{"@type":"ListItem","position":3,"name":"Vanilla Pods Grade A &#8211; Bourbon Variety"}]},{"@type":"WebSite","@id":"https:\/\/naturalvanilla.ae\/kw\/#website","url":"https:\/\/naturalvanilla.ae\/kw\/","name":"Do\u011fal Vanilya D\u00fckkan\u0131","description":"Kaliteli Vanilyan\u0131n Ortado\u011fu'daki \u00d6nde Gelen Tedarik\u00e7isi","publisher":{"@id":"https:\/\/naturalvanilla.ae\/kw\/#organization"},"potentialAction":[{"@type":"SearchAction","target":{"@type":"EntryPoint","urlTemplate":"https:\/\/naturalvanilla.ae\/kw\/?s={search_term_string}"},"query-input":{"@type":"PropertyValueSpecification","valueRequired":true,"valueName":"search_term_string"}}],"inLanguage":"tr"},{"@type":"Organization","@id":"https:\/\/naturalvanilla.ae\/kw\/#organization","name":"Do\u011fal Vanilya D\u00fckkan\u0131","url":"https:\/\/naturalvanilla.ae\/kw\/","logo":{"@type":"ImageObject","inLanguage":"tr","@id":"https:\/\/naturalvanilla.ae\/kw\/#\/schema\/logo\/image\/","url":"https:\/\/naturalvanilla.ae\/wp-content\/uploads\/2022\/12\/Natural-Vanilla-Seal-CMYK.png","contentUrl":"https:\/\/naturalvanilla.ae\/wp-content\/uploads\/2022\/12\/Natural-Vanilla-Seal-CMYK.png","width":591,"height":591,"caption":"Natural Vanilla Store"},"image":{"@id":"https:\/\/naturalvanilla.ae\/kw\/#\/schema\/logo\/image\/"},"sameAs":["https:\/\/www.facebook.com\/naturalvanilla.com.au","https:\/\/www.instagram.com\/natural_vanilla_store","https:\/\/www.linkedin.com\/company\/natural-vanilla-pty-ltd\/","https:\/\/www.pinterest.com\/natural_vanilla_store"]}]}},"uagb_featured_image_src":{"full":["https:\/\/naturalvanilla.ae\/wp-content\/uploads\/2023\/08\/Vanilla-Pods-Grade-A-Tahitian-Gourmet.jpg",1140,1140,false],"thumbnail":["https:\/\/naturalvanilla.ae\/wp-content\/uploads\/2023\/08\/Vanilla-Pods-Grade-A-Tahitian-Gourmet-150x150.jpg",150,150,true],"medium":["https:\/\/naturalvanilla.ae\/wp-content\/uploads\/2023\/08\/Vanilla-Pods-Grade-A-Tahitian-Gourmet-300x300.jpg",300,300,true],"medium_large":["https:\/\/naturalvanilla.ae\/wp-content\/uploads\/2023\/08\/Vanilla-Pods-Grade-A-Tahitian-Gourmet-768x768.jpg",768,768,true],"large":["https:\/\/naturalvanilla.ae\/wp-content\/uploads\/2023\/08\/Vanilla-Pods-Grade-A-Tahitian-Gourmet-1024x1024.jpg",1024,1024,true],"1536x1536":["https:\/\/naturalvanilla.ae\/wp-content\/uploads\/2023\/08\/Vanilla-Pods-Grade-A-Tahitian-Gourmet.jpg",1140,1140,false],"2048x2048":["https:\/\/naturalvanilla.ae\/wp-content\/uploads\/2023\/08\/Vanilla-Pods-Grade-A-Tahitian-Gourmet.jpg",1140,1140,false],"trp-custom-language-flag":["https:\/\/naturalvanilla.ae\/wp-content\/uploads\/2023\/08\/Vanilla-Pods-Grade-A-Tahitian-Gourmet.jpg",12,12,false],"woocommerce_thumbnail":["https:\/\/naturalvanilla.ae\/wp-content\/uploads\/2023\/08\/Vanilla-Pods-Grade-A-Tahitian-Gourmet-1000x1000.jpg",1000,1000,true],"woocommerce_single":["https:\/\/naturalvanilla.ae\/wp-content\/uploads\/2023\/08\/Vanilla-Pods-Grade-A-Tahitian-Gourmet-1000x1000.jpg",1000,1000,true],"woocommerce_gallery_thumbnail":["https:\/\/naturalvanilla.ae\/wp-content\/uploads\/2023\/08\/Vanilla-Pods-Grade-A-Tahitian-Gourmet-100x100.jpg",100,100,true]},"uagb_author_info":{"display_name":"Natural Vanilla Store","author_link":"https:\/\/naturalvanilla.ae\/tr\/author\/"},"uagb_comment_info":0,"uagb_excerpt":"Product description: Grade A vanilla pods with an intense flavour profile, strong aromatics and dark brown oily appearance. They are plump and supple and look visually attractive. Bourbon variety vanilla pods are also known as Planifolia. They are renowned for their rich earthy vanilla aroma and bringing buttery caramel and cinnamon flavours into ice cream,&hellip;","_links":{"self":[{"href":"https:\/\/naturalvanilla.ae\/tr\/wp-json\/wp\/v2\/product\/5028","targetHints":{"allow":["GET"]}}],"collection":[{"href":"https:\/\/naturalvanilla.ae\/tr\/wp-json\/wp\/v2\/product"}],"about":[{"href":"https:\/\/naturalvanilla.ae\/tr\/wp-json\/wp\/v2\/types\/product"}],"wp:featuredmedia":[{"embeddable":true,"href":"https:\/\/naturalvanilla.ae\/tr\/wp-json\/wp\/v2\/media\/5063"}],"wp:attachment":[{"href":"https:\/\/naturalvanilla.ae\/tr\/wp-json\/wp\/v2\/media?parent=5028"}],"wp:term":[{"taxonomy":"product_brand","embeddable":true,"href":"https:\/\/naturalvanilla.ae\/tr\/wp-json\/wp\/v2\/product_brand?post=5028"},{"taxonomy":"product_cat","embeddable":true,"href":"https:\/\/naturalvanilla.ae\/tr\/wp-json\/wp\/v2\/product_cat?post=5028"},{"taxonomy":"product_tag","embeddable":true,"href":"https:\/\/naturalvanilla.ae\/tr\/wp-json\/wp\/v2\/product_tag?post=5028"}],"curies":[{"name":"wp","href":"https:\/\/api.w.org\/{rel}","templated":true}]}}