{"id":5095,"date":"2023-08-11T11:42:36","date_gmt":"2023-08-11T03:42:36","guid":{"rendered":"https:\/\/naturalvanilla.ae\/?post_type=product&#038;p=5095"},"modified":"2023-08-11T11:45:19","modified_gmt":"2023-08-11T03:45:19","slug":"dogal-vanilya-ozutu-tozu","status":"publish","type":"product","link":"https:\/\/naturalvanilla.ae\/tr\/shop\/natural-vanilla-extract-powder\/","title":{"rendered":"Do\u011fal Vanilya Ekstrakt\u0131 Tozu"},"content":{"rendered":"<table border=\"1\" cellspacing=\"0\" cellpadding=\"0\">\n<tbody>\n<tr>\n<td valign=\"top\" width=\"168\"><b>\u00dcr\u00fcn a\u00e7\u0131klamas\u0131:<\/b><\/td>\n<td colspan=\"2\" valign=\"top\" width=\"489\">Taze vanilya \u00e7ubuklar\u0131n\u0131n bir \u00e7\u00f6zeltiye bat\u0131r\u0131lmas\u0131yla elde edilen, geleneksel bir vanilya \u00f6z\u00fct\u00fc \u00fcreten, kremsi renkte, suda \u00e7\u00f6z\u00fcn\u00fcr, do\u011fal vanilya \u00f6z\u00fc tozu, ince bir toz olu\u015fturmak i\u00e7in sprey kurutma tekni\u011fi kullan\u0131larak kurutulur.<\/td>\n<\/tr>\n<tr>\n<td valign=\"top\" width=\"168\"><b>Konsantrasyon<\/b><\/td>\n<td colspan=\"2\" valign=\"top\" width=\"489\">1 kat konsantrasyon, kilogram ba\u015f\u0131na 100 gr vanilya \u00e7ekirde\u011fine e\u015fittir.<\/td>\n<\/tr>\n<tr>\n<td valign=\"top\" width=\"168\"><b>Malzemeler:<\/b><\/td>\n<td colspan=\"2\" valign=\"top\" width=\"489\">Taze vanilya \u00e7ubuklar\u0131, maltodekstrin, su ile demlenmi\u015f. Tamamen do\u011fal bile\u015fenler, koruyucu i\u00e7ermez, renklendirici madde i\u00e7ermez, k\u0131s\u0131tlanm\u0131\u015f madde i\u00e7ermez, alerjen i\u00e7ermez.<\/td>\n<\/tr>\n<tr>\n<td valign=\"top\" width=\"168\"><b>Garanti<\/b><\/td>\n<td colspan=\"2\" valign=\"top\" width=\"489\">Bu \u00fcr\u00fcn kimyasallar ve yapay bile\u015fenler i\u00e7ermez. Bu \u00fcr\u00fcn\u00fc yapmak i\u00e7in kullan\u0131lan do\u011fal vanilya \u00e7ubuklar\u0131, kimyasal veya yapay g\u00fcbre kullan\u0131lmadan organik olarak yeti\u015ftirilmi\u015ftir.<\/td>\n<\/tr>\n<tr>\n<td valign=\"top\" width=\"168\"><b>Fiziksel:<\/b><\/td>\n<td colspan=\"2\" valign=\"top\" width=\"489\">Nem i\u00e7eri\u011fi %7'den az olan ince taneli, a\u00e7\u0131k krem renkli toz.%hacim yo\u011funlu\u011fu 0,2 \u2013 0,4 g\/ml olan suda \u00e7\u00f6z\u00fcn\u00fcr.<\/td>\n<\/tr>\n<tr>\n<td valign=\"top\" width=\"168\"><b>Mikrobiyoloji:<\/b><\/td>\n<td valign=\"top\" width=\"265\">Standart Plaka Say\u0131m\u0131 CFU\/g:<br \/>\nKoliform KOB\/g:<br \/>\nE.coli KOB\/g<br \/>\nMaya CFU\/g:<br \/>\nK\u00fcf KT\u00dc\/g:<br \/>\n25g ba\u015f\u0131na Salmonella:<\/td>\n<td valign=\"top\" width=\"225\">10.000. Limit: &lt;1.000.000<br \/>\n10'dan az: &lt;10<br \/>\n10'dan az: &lt;10<br \/>\n100'den Az: 1.000'dan Az<br \/>\n100'den Az: 1.000'dan Az<br \/>\nOlumsuz<\/td>\n<\/tr>\n<tr>\n<td valign=\"top\" width=\"168\"><b>Uygulamalar<\/b><\/td>\n<td colspan=\"2\" valign=\"top\" width=\"489\">\u0130\u00e7eceklerde, s\u00fct \u00fcr\u00fcnlerinde, dondurmalar, hamur i\u015fleri vb. gibi \u00fcr\u00fcnlerde do\u011fal vanilya aromas\u0131 sa\u011flamak i\u00e7in kullan\u0131l\u0131r<\/td>\n<\/tr>\n<tr>\n<td valign=\"top\" width=\"168\"><b>\u00d6nerilen Dozaj:<\/b><\/td>\n<td colspan=\"2\" valign=\"top\" width=\"489\">1 kg ba\u015f\u0131na 45 gr vanilya \u00f6z\u00fct\u00fc tozu<\/td>\n<\/tr>\n<tr>\n<td valign=\"top\" width=\"168\"><b>Raf \u00d6mr\u00fc<\/b><\/td>\n<td colspan=\"2\" valign=\"top\" width=\"489\">18 ay, a\u00e7\u0131lmam\u0131\u015f @ 20 \u00b0C'nin alt\u0131nda<\/td>\n<\/tr>\n<\/tbody>\n<\/table>","protected":false},"excerpt":{"rendered":"<p>Product description: Creamy coloured water soluble natural vanilla extract powder created from infusing fresh vanilla beans in solution to produce a traditional vanilla extract that is dried using a spray drying technique to form a fine powder. Concentration: 1 fold concentration equal to 100g vanilla beans per kilogram of vanilla extract powder. Ingredients: Infused fresh [&hellip;]<\/p>\n","protected":false},"featured_media":5110,"template":"","meta":{"_uag_custom_page_level_css":"","site-sidebar-layout":"default","site-content-layout":"default","ast-site-content-layout":"default","site-content-style":"default","site-sidebar-style":"default","ast-global-header-display":"","ast-banner-title-visibility":"","ast-main-header-display":"","ast-hfb-above-header-display":"","ast-hfb-below-header-display":"","ast-hfb-mobile-header-display":"","site-post-title":"","ast-breadcrumbs-content":"","ast-featured-img":"","footer-sml-layout":"","ast-disable-related-posts":"","theme-transparent-header-meta":"default","adv-header-id-meta":"","stick-header-meta":"","header-above-stick-meta":"","header-main-stick-meta":"","header-below-stick-meta":"","astra-migrate-meta-layouts":"default","ast-page-background-enabled":"default","ast-page-background-meta":{"desktop":{"background-color":"","background-image":"","background-repeat":"repeat","background-position":"center center","background-size":"auto","background-attachment":"scroll","background-type":"","background-media":"","overlay-type":"","overlay-color":"","overlay-opacity":"","overlay-gradient":""},"tablet":{"background-color":"","background-image":"","background-repeat":"repeat","background-position":"center center","background-size":"auto","background-attachment":"scroll","background-type":"","background-media":"","overlay-type":"","overlay-color":"","overlay-opacity":"","overlay-gradient":""},"mobile":{"background-color":"","background-image":"","background-repeat":"repeat","background-position":"center center","background-size":"auto","background-attachment":"scroll","background-type":"","background-media":"","overlay-type":"","overlay-color":"","overlay-opacity":"","overlay-gradient":""}},"ast-content-background-meta":{"desktop":{"background-color":"var(--ast-global-color-5)","background-image":"","background-repeat":"repeat","background-position":"center center","background-size":"auto","background-attachment":"scroll","background-type":"","background-media":"","overlay-type":"","overlay-color":"","overlay-opacity":"","overlay-gradient":""},"tablet":{"background-color":"var(--ast-global-color-5)","background-image":"","background-repeat":"repeat","background-position":"center center","background-size":"auto","background-attachment":"scroll","background-type":"","background-media":"","overlay-type":"","overlay-color":"","overlay-opacity":"","overlay-gradient":""},"mobile":{"background-color":"var(--ast-global-color-5)","background-image":"","background-repeat":"repeat","background-position":"center center","background-size":"auto","background-attachment":"scroll","background-type":"","background-media":"","overlay-type":"","overlay-color":"","overlay-opacity":"","overlay-gradient":""}}},"product_brand":[],"product_cat":[317],"product_tag":[332],"class_list":{"0":"post-5095","1":"product","2":"type-product","3":"status-publish","4":"has-post-thumbnail","6":"product_cat-products","7":"product_tag-vanilla-extract-powder","8":"desktop-align-left","9":"tablet-align-left","10":"mobile-align-left","12":"first","13":"instock","14":"shipping-taxable","15":"purchasable","16":"product-type-variable"},"yoast_head":"<!-- This site is optimized with the Yoast SEO plugin v27.4 - https:\/\/yoast.com\/product\/yoast-seo-wordpress\/ -->\n<title>Natural Vanilla Extract Powder - Natural Vanilla Middle East<\/title>\n<meta name=\"description\" content=\"Pure natural vanilla extract powder. Made from spray dried vanilla extract one fold concentration 100g vanilla pods per 1kg of powder bulk wholesale supply.\" \/>\n<meta name=\"robots\" content=\"index, follow, max-snippet:-1, max-image-preview:large, max-video-preview:-1\" \/>\n<link rel=\"canonical\" href=\"https:\/\/naturalvanilla.ae\/tr\/shop\/dogal-vanilya-ozutu-tozu\/\" \/>\n<meta property=\"og:locale\" content=\"tr_TR\" \/>\n<meta property=\"og:type\" content=\"article\" \/>\n<meta property=\"og:title\" content=\"Natural Vanilla Extract Powder - Natural Vanilla Middle East\" \/>\n<meta property=\"og:description\" content=\"Pure natural vanilla extract powder. Made from spray dried vanilla extract one fold concentration 100g vanilla pods per 1kg of powder bulk wholesale supply.\" \/>\n<meta property=\"og:url\" content=\"https:\/\/naturalvanilla.ae\/tr\/shop\/dogal-vanilya-ozutu-tozu\/\" \/>\n<meta property=\"og:site_name\" content=\"Natural Vanilla Middle East\" \/>\n<meta property=\"article:publisher\" content=\"https:\/\/www.facebook.com\/naturalvanilla.com.au\" \/>\n<meta property=\"article:modified_time\" content=\"2023-08-11T03:45:19+00:00\" \/>\n<meta property=\"og:image\" content=\"https:\/\/naturalvanilla.ae\/wp-content\/uploads\/2023\/08\/Natural-Vanilla-Vanilla-Extract-Powder-range.jpg\" \/>\n\t<meta property=\"og:image:width\" content=\"1600\" \/>\n\t<meta property=\"og:image:height\" content=\"1600\" \/>\n\t<meta property=\"og:image:type\" content=\"image\/jpeg\" \/>\n<meta name=\"twitter:card\" content=\"summary_large_image\" \/>\n<meta name=\"twitter:label1\" content=\"Tahmini okuma s\u00fcresi\" \/>\n\t<meta name=\"twitter:data1\" content=\"1 dakika\" \/>\n<script type=\"application\/ld+json\" class=\"yoast-schema-graph\">{\"@context\":\"https:\\\/\\\/schema.org\",\"@graph\":[{\"@type\":\"WebPage\",\"@id\":\"https:\\\/\\\/naturalvanilla.ae\\\/tr\\\/shop\\\/dogal-vanilya-ozutu-tozu\\\/\",\"url\":\"https:\\\/\\\/naturalvanilla.ae\\\/tr\\\/shop\\\/dogal-vanilya-ozutu-tozu\\\/\",\"name\":\"Natural Vanilla Extract Powder - Natural Vanilla Middle East\",\"isPartOf\":{\"@id\":\"https:\\\/\\\/naturalvanilla.ae\\\/kw\\\/#website\"},\"primaryImageOfPage\":{\"@id\":\"https:\\\/\\\/naturalvanilla.ae\\\/tr\\\/shop\\\/dogal-vanilya-ozutu-tozu\\\/#primaryimage\"},\"image\":{\"@id\":\"https:\\\/\\\/naturalvanilla.ae\\\/tr\\\/shop\\\/dogal-vanilya-ozutu-tozu\\\/#primaryimage\"},\"thumbnailUrl\":\"https:\\\/\\\/naturalvanilla.ae\\\/wp-content\\\/uploads\\\/2023\\\/08\\\/Natural-Vanilla-Vanilla-Extract-Powder-range.jpg\",\"datePublished\":\"2023-08-11T03:42:36+00:00\",\"dateModified\":\"2023-08-11T03:45:19+00:00\",\"description\":\"Pure natural vanilla extract powder. Made from spray dried vanilla extract one fold concentration 100g vanilla pods per 1kg of powder bulk wholesale supply.\",\"breadcrumb\":{\"@id\":\"https:\\\/\\\/naturalvanilla.ae\\\/tr\\\/shop\\\/dogal-vanilya-ozutu-tozu\\\/#breadcrumb\"},\"inLanguage\":\"tr\",\"potentialAction\":[{\"@type\":\"ReadAction\",\"target\":[\"https:\\\/\\\/naturalvanilla.ae\\\/tr\\\/shop\\\/dogal-vanilya-ozutu-tozu\\\/\"]}]},{\"@type\":\"ImageObject\",\"inLanguage\":\"tr\",\"@id\":\"https:\\\/\\\/naturalvanilla.ae\\\/tr\\\/shop\\\/dogal-vanilya-ozutu-tozu\\\/#primaryimage\",\"url\":\"https:\\\/\\\/naturalvanilla.ae\\\/wp-content\\\/uploads\\\/2023\\\/08\\\/Natural-Vanilla-Vanilla-Extract-Powder-range.jpg\",\"contentUrl\":\"https:\\\/\\\/naturalvanilla.ae\\\/wp-content\\\/uploads\\\/2023\\\/08\\\/Natural-Vanilla-Vanilla-Extract-Powder-range.jpg\",\"width\":1600,\"height\":1600,\"caption\":\"Natural-Vanilla-Vanilla-Extract-Powder-range.jpg\"},{\"@type\":\"BreadcrumbList\",\"@id\":\"https:\\\/\\\/naturalvanilla.ae\\\/tr\\\/shop\\\/dogal-vanilya-ozutu-tozu\\\/#breadcrumb\",\"itemListElement\":[{\"@type\":\"ListItem\",\"position\":1,\"name\":\"Home\",\"item\":\"https:\\\/\\\/naturalvanilla.ae\\\/kw\\\/\"},{\"@type\":\"ListItem\",\"position\":2,\"name\":\"Shop\",\"item\":\"https:\\\/\\\/naturalvanilla.ae\\\/tr\\\/shop\\\/\"},{\"@type\":\"ListItem\",\"position\":3,\"name\":\"Natural Vanilla Extract Powder\"}]},{\"@type\":\"WebSite\",\"@id\":\"https:\\\/\\\/naturalvanilla.ae\\\/kw\\\/#website\",\"url\":\"https:\\\/\\\/naturalvanilla.ae\\\/kw\\\/\",\"name\":\"Natural Vanilla Store\",\"description\":\"Leading Middle East Supplier of Quality Vanilla\",\"publisher\":{\"@id\":\"https:\\\/\\\/naturalvanilla.ae\\\/kw\\\/#organization\"},\"potentialAction\":[{\"@type\":\"SearchAction\",\"target\":{\"@type\":\"EntryPoint\",\"urlTemplate\":\"https:\\\/\\\/naturalvanilla.ae\\\/kw\\\/?s={search_term_string}\"},\"query-input\":{\"@type\":\"PropertyValueSpecification\",\"valueRequired\":true,\"valueName\":\"search_term_string\"}}],\"inLanguage\":\"tr\"},{\"@type\":\"Organization\",\"@id\":\"https:\\\/\\\/naturalvanilla.ae\\\/kw\\\/#organization\",\"name\":\"Natural Vanilla Store\",\"url\":\"https:\\\/\\\/naturalvanilla.ae\\\/kw\\\/\",\"logo\":{\"@type\":\"ImageObject\",\"inLanguage\":\"tr\",\"@id\":\"https:\\\/\\\/naturalvanilla.ae\\\/kw\\\/#\\\/schema\\\/logo\\\/image\\\/\",\"url\":\"https:\\\/\\\/naturalvanilla.ae\\\/wp-content\\\/uploads\\\/2022\\\/12\\\/Natural-Vanilla-Seal-CMYK.png\",\"contentUrl\":\"https:\\\/\\\/naturalvanilla.ae\\\/wp-content\\\/uploads\\\/2022\\\/12\\\/Natural-Vanilla-Seal-CMYK.png\",\"width\":591,\"height\":591,\"caption\":\"Natural Vanilla Store\"},\"image\":{\"@id\":\"https:\\\/\\\/naturalvanilla.ae\\\/kw\\\/#\\\/schema\\\/logo\\\/image\\\/\"},\"sameAs\":[\"https:\\\/\\\/www.facebook.com\\\/naturalvanilla.com.au\",\"https:\\\/\\\/www.instagram.com\\\/natural_vanilla_store\",\"https:\\\/\\\/www.linkedin.com\\\/company\\\/natural-vanilla-pty-ltd\\\/\",\"https:\\\/\\\/www.pinterest.com\\\/natural_vanilla_store\"]}]}<\/script>\n<!-- \/ Yoast SEO plugin. -->","yoast_head_json":{"title":"Do\u011fal Vanilya \u00d6z\u00fct\u00fc Tozu - Do\u011fal Vanilya Ortado\u011fu","description":"Saf do\u011fal vanilya ekstrakt\u0131 tozu. Sprey kurutulmu\u015f vanilya ekstrakt\u0131ndan yap\u0131lm\u0131\u015ft\u0131r, bir kat konsantrasyon, 100 gr vanilya \u00e7ubu\u011fu ba\u015f\u0131na 1 kg toz, toplu toptan sat\u0131\u015f.","robots":{"index":"index","follow":"follow","max-snippet":"max-snippet:-1","max-image-preview":"max-image-preview:large","max-video-preview":"max-video-preview:-1"},"canonical":"https:\/\/naturalvanilla.ae\/tr\/shop\/dogal-vanilya-ozutu-tozu\/","og_locale":"tr_TR","og_type":"article","og_title":"Natural Vanilla Extract Powder - Natural Vanilla Middle East","og_description":"Pure natural vanilla extract powder. Made from spray dried vanilla extract one fold concentration 100g vanilla pods per 1kg of powder bulk wholesale supply.","og_url":"https:\/\/naturalvanilla.ae\/tr\/shop\/dogal-vanilya-ozutu-tozu\/","og_site_name":"Natural Vanilla Middle East","article_publisher":"https:\/\/www.facebook.com\/naturalvanilla.com.au","article_modified_time":"2023-08-11T03:45:19+00:00","og_image":[{"width":1600,"height":1600,"url":"https:\/\/naturalvanilla.ae\/wp-content\/uploads\/2023\/08\/Natural-Vanilla-Vanilla-Extract-Powder-range.jpg","type":"image\/jpeg"}],"twitter_card":"summary_large_image","twitter_misc":{"Tahmini okuma s\u00fcresi":"1 dakika"},"schema":{"@context":"https:\/\/schema.org","@graph":[{"@type":"WebPage","@id":"https:\/\/naturalvanilla.ae\/tr\/shop\/dogal-vanilya-ozutu-tozu\/","url":"https:\/\/naturalvanilla.ae\/tr\/shop\/dogal-vanilya-ozutu-tozu\/","name":"Do\u011fal Vanilya \u00d6z\u00fct\u00fc Tozu - Do\u011fal Vanilya Ortado\u011fu","isPartOf":{"@id":"https:\/\/naturalvanilla.ae\/kw\/#website"},"primaryImageOfPage":{"@id":"https:\/\/naturalvanilla.ae\/tr\/shop\/dogal-vanilya-ozutu-tozu\/#primaryimage"},"image":{"@id":"https:\/\/naturalvanilla.ae\/tr\/shop\/dogal-vanilya-ozutu-tozu\/#primaryimage"},"thumbnailUrl":"https:\/\/naturalvanilla.ae\/wp-content\/uploads\/2023\/08\/Natural-Vanilla-Vanilla-Extract-Powder-range.jpg","datePublished":"2023-08-11T03:42:36+00:00","dateModified":"2023-08-11T03:45:19+00:00","description":"Saf do\u011fal vanilya ekstrakt\u0131 tozu. Sprey kurutulmu\u015f vanilya ekstrakt\u0131ndan yap\u0131lm\u0131\u015ft\u0131r, bir kat konsantrasyon, 100 gr vanilya \u00e7ubu\u011fu ba\u015f\u0131na 1 kg toz, toplu toptan sat\u0131\u015f.","breadcrumb":{"@id":"https:\/\/naturalvanilla.ae\/tr\/shop\/dogal-vanilya-ozutu-tozu\/#breadcrumb"},"inLanguage":"tr","potentialAction":[{"@type":"ReadAction","target":["https:\/\/naturalvanilla.ae\/tr\/shop\/dogal-vanilya-ozutu-tozu\/"]}]},{"@type":"ImageObject","inLanguage":"tr","@id":"https:\/\/naturalvanilla.ae\/tr\/shop\/dogal-vanilya-ozutu-tozu\/#primaryimage","url":"https:\/\/naturalvanilla.ae\/wp-content\/uploads\/2023\/08\/Natural-Vanilla-Vanilla-Extract-Powder-range.jpg","contentUrl":"https:\/\/naturalvanilla.ae\/wp-content\/uploads\/2023\/08\/Natural-Vanilla-Vanilla-Extract-Powder-range.jpg","width":1600,"height":1600,"caption":"Natural-Vanilla-Vanilla-Extract-Powder-range.jpg"},{"@type":"BreadcrumbList","@id":"https:\/\/naturalvanilla.ae\/tr\/shop\/dogal-vanilya-ozutu-tozu\/#breadcrumb","itemListElement":[{"@type":"ListItem","position":1,"name":"Home","item":"https:\/\/naturalvanilla.ae\/kw\/"},{"@type":"ListItem","position":2,"name":"Shop","item":"https:\/\/naturalvanilla.ae\/tr\/shop\/"},{"@type":"ListItem","position":3,"name":"Natural Vanilla Extract Powder"}]},{"@type":"WebSite","@id":"https:\/\/naturalvanilla.ae\/kw\/#website","url":"https:\/\/naturalvanilla.ae\/kw\/","name":"Do\u011fal Vanilya D\u00fckkan\u0131","description":"Kaliteli Vanilyan\u0131n Ortado\u011fu'daki \u00d6nde Gelen Tedarik\u00e7isi","publisher":{"@id":"https:\/\/naturalvanilla.ae\/kw\/#organization"},"potentialAction":[{"@type":"SearchAction","target":{"@type":"EntryPoint","urlTemplate":"https:\/\/naturalvanilla.ae\/kw\/?s={search_term_string}"},"query-input":{"@type":"PropertyValueSpecification","valueRequired":true,"valueName":"search_term_string"}}],"inLanguage":"tr"},{"@type":"Organization","@id":"https:\/\/naturalvanilla.ae\/kw\/#organization","name":"Do\u011fal Vanilya D\u00fckkan\u0131","url":"https:\/\/naturalvanilla.ae\/kw\/","logo":{"@type":"ImageObject","inLanguage":"tr","@id":"https:\/\/naturalvanilla.ae\/kw\/#\/schema\/logo\/image\/","url":"https:\/\/naturalvanilla.ae\/wp-content\/uploads\/2022\/12\/Natural-Vanilla-Seal-CMYK.png","contentUrl":"https:\/\/naturalvanilla.ae\/wp-content\/uploads\/2022\/12\/Natural-Vanilla-Seal-CMYK.png","width":591,"height":591,"caption":"Natural Vanilla Store"},"image":{"@id":"https:\/\/naturalvanilla.ae\/kw\/#\/schema\/logo\/image\/"},"sameAs":["https:\/\/www.facebook.com\/naturalvanilla.com.au","https:\/\/www.instagram.com\/natural_vanilla_store","https:\/\/www.linkedin.com\/company\/natural-vanilla-pty-ltd\/","https:\/\/www.pinterest.com\/natural_vanilla_store"]}]}},"uagb_featured_image_src":{"full":["https:\/\/naturalvanilla.ae\/wp-content\/uploads\/2023\/08\/Natural-Vanilla-Vanilla-Extract-Powder-range.jpg",1600,1600,false],"thumbnail":["https:\/\/naturalvanilla.ae\/wp-content\/uploads\/2023\/08\/Natural-Vanilla-Vanilla-Extract-Powder-range-150x150.jpg",150,150,true],"medium":["https:\/\/naturalvanilla.ae\/wp-content\/uploads\/2023\/08\/Natural-Vanilla-Vanilla-Extract-Powder-range-300x300.jpg",300,300,true],"medium_large":["https:\/\/naturalvanilla.ae\/wp-content\/uploads\/2023\/08\/Natural-Vanilla-Vanilla-Extract-Powder-range-768x768.jpg",768,768,true],"large":["https:\/\/naturalvanilla.ae\/wp-content\/uploads\/2023\/08\/Natural-Vanilla-Vanilla-Extract-Powder-range-1024x1024.jpg",1024,1024,true],"1536x1536":["https:\/\/naturalvanilla.ae\/wp-content\/uploads\/2023\/08\/Natural-Vanilla-Vanilla-Extract-Powder-range-1536x1536.jpg",1536,1536,true],"2048x2048":["https:\/\/naturalvanilla.ae\/wp-content\/uploads\/2023\/08\/Natural-Vanilla-Vanilla-Extract-Powder-range.jpg",1600,1600,false],"trp-custom-language-flag":["https:\/\/naturalvanilla.ae\/wp-content\/uploads\/2023\/08\/Natural-Vanilla-Vanilla-Extract-Powder-range.jpg",12,12,false],"woocommerce_thumbnail":["https:\/\/naturalvanilla.ae\/wp-content\/uploads\/2023\/08\/Natural-Vanilla-Vanilla-Extract-Powder-range-1000x1000.jpg",1000,1000,true],"woocommerce_single":["https:\/\/naturalvanilla.ae\/wp-content\/uploads\/2023\/08\/Natural-Vanilla-Vanilla-Extract-Powder-range-1000x1000.jpg",1000,1000,true],"woocommerce_gallery_thumbnail":["https:\/\/naturalvanilla.ae\/wp-content\/uploads\/2023\/08\/Natural-Vanilla-Vanilla-Extract-Powder-range-100x100.jpg",100,100,true]},"uagb_author_info":{"display_name":"Natural Vanilla Store","author_link":"https:\/\/naturalvanilla.ae\/tr\/author\/"},"uagb_comment_info":0,"uagb_excerpt":"Product description: Creamy coloured water soluble natural vanilla extract powder created from infusing fresh vanilla beans in solution to produce a traditional vanilla extract that is dried using a spray drying technique to form a fine powder. Concentration: 1 fold concentration equal to 100g vanilla beans per kilogram of vanilla extract powder. Ingredients: Infused fresh&hellip;","_links":{"self":[{"href":"https:\/\/naturalvanilla.ae\/tr\/wp-json\/wp\/v2\/product\/5095","targetHints":{"allow":["GET"]}}],"collection":[{"href":"https:\/\/naturalvanilla.ae\/tr\/wp-json\/wp\/v2\/product"}],"about":[{"href":"https:\/\/naturalvanilla.ae\/tr\/wp-json\/wp\/v2\/types\/product"}],"wp:featuredmedia":[{"embeddable":true,"href":"https:\/\/naturalvanilla.ae\/tr\/wp-json\/wp\/v2\/media\/5110"}],"wp:attachment":[{"href":"https:\/\/naturalvanilla.ae\/tr\/wp-json\/wp\/v2\/media?parent=5095"}],"wp:term":[{"taxonomy":"product_brand","embeddable":true,"href":"https:\/\/naturalvanilla.ae\/tr\/wp-json\/wp\/v2\/product_brand?post=5095"},{"taxonomy":"product_cat","embeddable":true,"href":"https:\/\/naturalvanilla.ae\/tr\/wp-json\/wp\/v2\/product_cat?post=5095"},{"taxonomy":"product_tag","embeddable":true,"href":"https:\/\/naturalvanilla.ae\/tr\/wp-json\/wp\/v2\/product_tag?post=5095"}],"curies":[{"name":"wp","href":"https:\/\/api.w.org\/{rel}","templated":true}]}}