{"id":5126,"date":"2023-08-11T11:42:46","date_gmt":"2023-08-11T03:42:46","guid":{"rendered":"https:\/\/naturalvanilla.ae\/?post_type=product&#038;p=5126"},"modified":"2023-08-11T11:45:23","modified_gmt":"2023-08-11T03:45:23","slug":"vanilya-cubuklari-a-sinifi-tahiti-cesidi","status":"publish","type":"product","link":"https:\/\/naturalvanilla.ae\/tr\/shop\/vanilla-pods-grade-a-tahitian-variety\/","title":{"rendered":"Vanilya \u00c7ubuklar\u0131 A S\u0131n\u0131f\u0131 \u2013 Tahiti T\u00fcr\u00fc"},"content":{"rendered":"<table style=\"height: 982px;\" width=\"1361\">\n<tbody>\n<tr>\n<td width=\"168\"><strong>\u00dcr\u00fcn a\u00e7\u0131klamas\u0131:<\/strong><\/td>\n<td colspan=\"2\" width=\"489\">Yo\u011fun lezzet profiline, g\u00fc\u00e7l\u00fc aromalara sahip ve koyu kahverengi ya\u011fl\u0131 bir g\u00f6r\u00fcn\u00fcme sahip A s\u0131n\u0131f\u0131 vanilya \u00e7ubuklar\u0131. Dolgun ve yumu\u015fak yap\u0131da olup g\u00f6rsel olarak \u00e7ekici g\u00f6r\u00fcn\u00fcyorlar.<\/p>\n<p>Tahiti vanilya \u00e7e\u015fitleri, tatl\u0131 aromalar\u0131yla \u00fcnl\u00fcd\u00fcr ve hamur i\u015flerine ve so\u011fuk tatl\u0131lara \u00e7i\u00e7eksi, meyveli, kiraz tatlar\u0131 katar.<\/td>\n<\/tr>\n<tr>\n<td width=\"168\"><strong>\u00c7e\u015fit \/ K\u00f6ken:<\/strong><\/td>\n<td colspan=\"2\" width=\"489\">Tahiti varite vanilya \u00e7ubuklar\u0131. Papua Yeni Gine men\u015feli.<\/td>\n<\/tr>\n<tr>\n<td width=\"168\"><strong>Kalite<\/strong><\/td>\n<td colspan=\"2\" width=\"489\">A s\u0131n\u0131f\u0131 vanilya \u00e7ubuklar\u0131 (gurme olarak da adland\u0131r\u0131l\u0131r). Vanilya g\u00f6rsel olarak \u00e7ekicidir, bu da onu gurme mutfakta \u00f6ne \u00e7\u0131kan bir malzeme haline getirebilir. Daha az s\u00fcrede daha fazla lezzet i\u00e7in daha az \u00e7ubuk gerekir, bu y\u00fczden bir\u00e7ok ba\u015f a\u015f\u00e7\u0131, usta birac\u0131 ve dam\u0131t\u0131c\u0131 A s\u0131n\u0131f\u0131 vanilya \u00e7ubuklar\u0131n\u0131 tercih eder.<\/td>\n<\/tr>\n<tr>\n<td width=\"168\"><strong>Garanti<\/strong><\/td>\n<td colspan=\"2\" width=\"489\">Vanilya \u00e7ubuklar\u0131 pestisitsizdir ve yapay g\u00fcbreler kullan\u0131lmadan organik olarak yeti\u015ftirilir. \u00c7ubuklar, yaln\u0131zca en y\u00fcksek kaliteli vanilya \u00e7ubuklar\u0131n\u0131n se\u00e7ilmesini sa\u011flamak i\u00e7in elle ayr\u0131l\u0131r.<\/td>\n<\/tr>\n<tr>\n<td width=\"168\"><strong>Uzunluk<\/strong><\/td>\n<td colspan=\"2\" width=\"489\">Tahitian vanilya t\u00fcr\u00fc i\u00e7in minimum uzunluk 12 cm'dir.<\/td>\n<\/tr>\n<tr>\n<td width=\"168\"><strong>Vanilin \/ Nem: <\/strong><\/td>\n<td colspan=\"2\" width=\"489\">1,8% \u2013 2,0% vanilin \/ minimum % nem<\/td>\n<\/tr>\n<tr>\n<td width=\"168\"><strong>Mikrobiyoloji:<\/strong><\/td>\n<td width=\"265\">Standart Plaka Say\u0131m\u0131 CFU\/g:<br \/>\nKoliform KOB\/g:<br \/>\nE.coli KOB\/g<br \/>\nMaya CFU\/g:<br \/>\nK\u00fcf KT\u00dc\/g:<br \/>\n25g ba\u015f\u0131na Salmonella:<\/td>\n<td width=\"225\">92.000. Limit: &lt;1.000.000<br \/>\n10'dan az: &lt;10<br \/>\n10'dan az: &lt;10<br \/>\n500'den az. S\u0131n\u0131r: 1.000'den az<br \/>\n100'den Az: 1.000'dan Az<br \/>\nOlumsuz<\/td>\n<\/tr>\n<tr>\n<td width=\"168\"><strong>Uygulamalar<\/strong><\/td>\n<td colspan=\"2\" width=\"489\">Dondurmalar, hamur i\u015fleri, so\u011fuk tatl\u0131lar, i\u00e7ecekler, \u015fekerlemeler vb. Egzotik g\u00fcve\u00e7ler, hamurlar, anglaise ve soslar i\u00e7in tatland\u0131r\u0131c\u0131. Bira ve i\u00e7ki yap\u0131m\u0131 i\u00e7in tatland\u0131r\u0131c\u0131.<\/td>\n<\/tr>\n<tr>\n<td width=\"168\"><strong>\u00d6nerilen Dozaj:<\/strong><\/td>\n<td colspan=\"2\" width=\"489\">Genel kullan\u0131m i\u00e7in kg ba\u015f\u0131na 1 vanilya \u00e7ubu\u011fu. Bira ve dam\u0131tma uygulamalar\u0131 i\u00e7in 1000 litre ba\u015f\u0131na 2-3 kg kullan\u0131n.<\/td>\n<\/tr>\n<tr>\n<td width=\"168\"><strong>Raf \u00d6mr\u00fc<\/strong><\/td>\n<td colspan=\"2\" width=\"489\">A\u00e7\u0131lmam\u0131\u015f vakum paketinde 24 ay, 20\u00b0C alt\u0131nda<\/td>\n<\/tr>\n<\/tbody>\n<\/table>","protected":false},"excerpt":{"rendered":"<p>Product description: Grade A vanilla pods with an intense flavour profile, strong aromatics and dark brown oily appearance. They are plump and supple and look visually attractive. Tahitian variety vanilla pods are renowned for their sweet aroma and bringing floral, fruity, cherry flavours into pastries and cold desserts. Variety \/ Origin: Tahitian variety vanilla pods. [&hellip;]<\/p>\n","protected":false},"featured_media":5142,"template":"","meta":{"_uag_custom_page_level_css":"","site-sidebar-layout":"default","site-content-layout":"default","ast-site-content-layout":"default","site-content-style":"default","site-sidebar-style":"default","ast-global-header-display":"","ast-banner-title-visibility":"","ast-main-header-display":"","ast-hfb-above-header-display":"","ast-hfb-below-header-display":"","ast-hfb-mobile-header-display":"","site-post-title":"","ast-breadcrumbs-content":"","ast-featured-img":"","footer-sml-layout":"","ast-disable-related-posts":"","theme-transparent-header-meta":"default","adv-header-id-meta":"","stick-header-meta":"","header-above-stick-meta":"","header-main-stick-meta":"","header-below-stick-meta":"","astra-migrate-meta-layouts":"default","ast-page-background-enabled":"default","ast-page-background-meta":{"desktop":{"background-color":"","background-image":"","background-repeat":"repeat","background-position":"center center","background-size":"auto","background-attachment":"scroll","background-type":"","background-media":"","overlay-type":"","overlay-color":"","overlay-opacity":"","overlay-gradient":""},"tablet":{"background-color":"","background-image":"","background-repeat":"repeat","background-position":"center center","background-size":"auto","background-attachment":"scroll","background-type":"","background-media":"","overlay-type":"","overlay-color":"","overlay-opacity":"","overlay-gradient":""},"mobile":{"background-color":"","background-image":"","background-repeat":"repeat","background-position":"center center","background-size":"auto","background-attachment":"scroll","background-type":"","background-media":"","overlay-type":"","overlay-color":"","overlay-opacity":"","overlay-gradient":""}},"ast-content-background-meta":{"desktop":{"background-color":"var(--ast-global-color-5)","background-image":"","background-repeat":"repeat","background-position":"center center","background-size":"auto","background-attachment":"scroll","background-type":"","background-media":"","overlay-type":"","overlay-color":"","overlay-opacity":"","overlay-gradient":""},"tablet":{"background-color":"var(--ast-global-color-5)","background-image":"","background-repeat":"repeat","background-position":"center center","background-size":"auto","background-attachment":"scroll","background-type":"","background-media":"","overlay-type":"","overlay-color":"","overlay-opacity":"","overlay-gradient":""},"mobile":{"background-color":"var(--ast-global-color-5)","background-image":"","background-repeat":"repeat","background-position":"center center","background-size":"auto","background-attachment":"scroll","background-type":"","background-media":"","overlay-type":"","overlay-color":"","overlay-opacity":"","overlay-gradient":""}}},"product_brand":[],"product_cat":[317],"product_tag":[360],"class_list":{"0":"post-5126","1":"product","2":"type-product","3":"status-publish","4":"has-post-thumbnail","6":"product_cat-products","7":"product_tag-vanilla-pods-a-tahitian","8":"desktop-align-left","9":"tablet-align-left","10":"mobile-align-left","12":"first","13":"instock","14":"shipping-taxable","15":"purchasable","16":"product-type-variable"},"yoast_head":"<!-- This site is optimized with the Yoast SEO plugin v27.4 - https:\/\/yoast.com\/product\/yoast-seo-wordpress\/ -->\n<title>Vanilla Pods Grade A - Tahitian Variety - Natural Vanilla Middle East<\/title>\n<meta name=\"description\" content=\"Vanilla Beans Variety: Tahitian, Origin: Papua New Guinea, Quality: Grade A Gourmet, Description: Black, oily, strong aromatic, supple bulk wholesale supply\" \/>\n<meta name=\"robots\" content=\"index, follow, max-snippet:-1, max-image-preview:large, max-video-preview:-1\" \/>\n<link rel=\"canonical\" href=\"https:\/\/naturalvanilla.ae\/tr\/shop\/vanilya-cubuklari-a-sinifi-tahiti-cesidi\/\" \/>\n<meta property=\"og:locale\" content=\"tr_TR\" \/>\n<meta property=\"og:type\" content=\"article\" \/>\n<meta property=\"og:title\" content=\"Vanilla Pods Grade A - Tahitian Variety - Natural Vanilla Middle East\" \/>\n<meta property=\"og:description\" content=\"Vanilla Beans Variety: Tahitian, Origin: Papua New Guinea, Quality: Grade A Gourmet, Description: Black, oily, strong aromatic, supple bulk wholesale supply\" \/>\n<meta property=\"og:url\" content=\"https:\/\/naturalvanilla.ae\/tr\/shop\/vanilya-cubuklari-a-sinifi-tahiti-cesidi\/\" \/>\n<meta property=\"og:site_name\" content=\"Natural Vanilla Middle East\" \/>\n<meta property=\"article:publisher\" content=\"https:\/\/www.facebook.com\/naturalvanilla.com.au\" \/>\n<meta property=\"article:modified_time\" content=\"2023-08-11T03:45:23+00:00\" \/>\n<meta property=\"og:image\" content=\"https:\/\/naturalvanilla.ae\/wp-content\/uploads\/2023\/08\/Vanilla-Pods-Grade-A-Bourbon-Planifolia-Gourmet.jpg\" \/>\n\t<meta property=\"og:image:width\" content=\"1140\" \/>\n\t<meta property=\"og:image:height\" content=\"1140\" \/>\n\t<meta property=\"og:image:type\" content=\"image\/jpeg\" \/>\n<meta name=\"twitter:card\" content=\"summary_large_image\" \/>\n<meta name=\"twitter:label1\" content=\"Tahmini okuma s\u00fcresi\" \/>\n\t<meta name=\"twitter:data1\" content=\"1 dakika\" \/>\n<script type=\"application\/ld+json\" class=\"yoast-schema-graph\">{\"@context\":\"https:\\\/\\\/schema.org\",\"@graph\":[{\"@type\":\"WebPage\",\"@id\":\"https:\\\/\\\/naturalvanilla.ae\\\/ae\\\/shop\\\/%d9%82%d8%b1%d9%88%d9%86-%d8%a7%d9%84%d9%81%d8%a7%d9%86%d9%8a%d9%84%d9%8a%d8%a7-%d8%a7%d9%84%d8%af%d8%b1%d8%ac%d8%a9-%d8%a7%d9%84%d8%a3%d9%88%d9%84%d9%89%d8%8c-%d8%aa%d9%86%d9%88%d8%b9-%d8%aa%d8%a7\\\/\",\"url\":\"https:\\\/\\\/naturalvanilla.ae\\\/ae\\\/shop\\\/%d9%82%d8%b1%d9%88%d9%86-%d8%a7%d9%84%d9%81%d8%a7%d9%86%d9%8a%d9%84%d9%8a%d8%a7-%d8%a7%d9%84%d8%af%d8%b1%d8%ac%d8%a9-%d8%a7%d9%84%d8%a3%d9%88%d9%84%d9%89%d8%8c-%d8%aa%d9%86%d9%88%d8%b9-%d8%aa%d8%a7\\\/\",\"name\":\"Vanilla Pods Grade A - Tahitian Variety - Natural Vanilla Middle East\",\"isPartOf\":{\"@id\":\"https:\\\/\\\/naturalvanilla.ae\\\/kw\\\/#website\"},\"primaryImageOfPage\":{\"@id\":\"https:\\\/\\\/naturalvanilla.ae\\\/ae\\\/shop\\\/%d9%82%d8%b1%d9%88%d9%86-%d8%a7%d9%84%d9%81%d8%a7%d9%86%d9%8a%d9%84%d9%8a%d8%a7-%d8%a7%d9%84%d8%af%d8%b1%d8%ac%d8%a9-%d8%a7%d9%84%d8%a3%d9%88%d9%84%d9%89%d8%8c-%d8%aa%d9%86%d9%88%d8%b9-%d8%aa%d8%a7\\\/#primaryimage\"},\"image\":{\"@id\":\"https:\\\/\\\/naturalvanilla.ae\\\/ae\\\/shop\\\/%d9%82%d8%b1%d9%88%d9%86-%d8%a7%d9%84%d9%81%d8%a7%d9%86%d9%8a%d9%84%d9%8a%d8%a7-%d8%a7%d9%84%d8%af%d8%b1%d8%ac%d8%a9-%d8%a7%d9%84%d8%a3%d9%88%d9%84%d9%89%d8%8c-%d8%aa%d9%86%d9%88%d8%b9-%d8%aa%d8%a7\\\/#primaryimage\"},\"thumbnailUrl\":\"https:\\\/\\\/naturalvanilla.ae\\\/wp-content\\\/uploads\\\/2023\\\/08\\\/Vanilla-Pods-Grade-A-Bourbon-Planifolia-Gourmet.jpg\",\"datePublished\":\"2023-08-11T03:42:46+00:00\",\"dateModified\":\"2023-08-11T03:45:23+00:00\",\"description\":\"Vanilla Beans Variety: Tahitian, Origin: Papua New Guinea, Quality: Grade A Gourmet, Description: Black, oily, strong aromatic, supple bulk wholesale supply\",\"breadcrumb\":{\"@id\":\"https:\\\/\\\/naturalvanilla.ae\\\/ae\\\/shop\\\/%d9%82%d8%b1%d9%88%d9%86-%d8%a7%d9%84%d9%81%d8%a7%d9%86%d9%8a%d9%84%d9%8a%d8%a7-%d8%a7%d9%84%d8%af%d8%b1%d8%ac%d8%a9-%d8%a7%d9%84%d8%a3%d9%88%d9%84%d9%89%d8%8c-%d8%aa%d9%86%d9%88%d8%b9-%d8%aa%d8%a7\\\/#breadcrumb\"},\"inLanguage\":\"tr\",\"potentialAction\":[{\"@type\":\"ReadAction\",\"target\":[\"https:\\\/\\\/naturalvanilla.ae\\\/ae\\\/shop\\\/%d9%82%d8%b1%d9%88%d9%86-%d8%a7%d9%84%d9%81%d8%a7%d9%86%d9%8a%d9%84%d9%8a%d8%a7-%d8%a7%d9%84%d8%af%d8%b1%d8%ac%d8%a9-%d8%a7%d9%84%d8%a3%d9%88%d9%84%d9%89%d8%8c-%d8%aa%d9%86%d9%88%d8%b9-%d8%aa%d8%a7\\\/\"]}]},{\"@type\":\"ImageObject\",\"inLanguage\":\"tr\",\"@id\":\"https:\\\/\\\/naturalvanilla.ae\\\/ae\\\/shop\\\/%d9%82%d8%b1%d9%88%d9%86-%d8%a7%d9%84%d9%81%d8%a7%d9%86%d9%8a%d9%84%d9%8a%d8%a7-%d8%a7%d9%84%d8%af%d8%b1%d8%ac%d8%a9-%d8%a7%d9%84%d8%a3%d9%88%d9%84%d9%89%d8%8c-%d8%aa%d9%86%d9%88%d8%b9-%d8%aa%d8%a7\\\/#primaryimage\",\"url\":\"https:\\\/\\\/naturalvanilla.ae\\\/wp-content\\\/uploads\\\/2023\\\/08\\\/Vanilla-Pods-Grade-A-Bourbon-Planifolia-Gourmet.jpg\",\"contentUrl\":\"https:\\\/\\\/naturalvanilla.ae\\\/wp-content\\\/uploads\\\/2023\\\/08\\\/Vanilla-Pods-Grade-A-Bourbon-Planifolia-Gourmet.jpg\",\"width\":1140,\"height\":1140,\"caption\":\"Vanilla-Pods-Grade-A-Bourbon-Planifolia-Gourmet.jpg\"},{\"@type\":\"BreadcrumbList\",\"@id\":\"https:\\\/\\\/naturalvanilla.ae\\\/ae\\\/shop\\\/%d9%82%d8%b1%d9%88%d9%86-%d8%a7%d9%84%d9%81%d8%a7%d9%86%d9%8a%d9%84%d9%8a%d8%a7-%d8%a7%d9%84%d8%af%d8%b1%d8%ac%d8%a9-%d8%a7%d9%84%d8%a3%d9%88%d9%84%d9%89%d8%8c-%d8%aa%d9%86%d9%88%d8%b9-%d8%aa%d8%a7\\\/#breadcrumb\",\"itemListElement\":[{\"@type\":\"ListItem\",\"position\":1,\"name\":\"Home\",\"item\":\"https:\\\/\\\/naturalvanilla.ae\\\/kw\\\/\"},{\"@type\":\"ListItem\",\"position\":2,\"name\":\"Shop\",\"item\":\"https:\\\/\\\/naturalvanilla.ae\\\/tr\\\/shop\\\/\"},{\"@type\":\"ListItem\",\"position\":3,\"name\":\"Vanilla Pods Grade A &#8211; Tahitian Variety\"}]},{\"@type\":\"WebSite\",\"@id\":\"https:\\\/\\\/naturalvanilla.ae\\\/kw\\\/#website\",\"url\":\"https:\\\/\\\/naturalvanilla.ae\\\/kw\\\/\",\"name\":\"Natural Vanilla Store\",\"description\":\"Leading Middle East Supplier of Quality Vanilla\",\"publisher\":{\"@id\":\"https:\\\/\\\/naturalvanilla.ae\\\/kw\\\/#organization\"},\"potentialAction\":[{\"@type\":\"SearchAction\",\"target\":{\"@type\":\"EntryPoint\",\"urlTemplate\":\"https:\\\/\\\/naturalvanilla.ae\\\/kw\\\/?s={search_term_string}\"},\"query-input\":{\"@type\":\"PropertyValueSpecification\",\"valueRequired\":true,\"valueName\":\"search_term_string\"}}],\"inLanguage\":\"tr\"},{\"@type\":\"Organization\",\"@id\":\"https:\\\/\\\/naturalvanilla.ae\\\/kw\\\/#organization\",\"name\":\"Natural Vanilla Store\",\"url\":\"https:\\\/\\\/naturalvanilla.ae\\\/kw\\\/\",\"logo\":{\"@type\":\"ImageObject\",\"inLanguage\":\"tr\",\"@id\":\"https:\\\/\\\/naturalvanilla.ae\\\/kw\\\/#\\\/schema\\\/logo\\\/image\\\/\",\"url\":\"https:\\\/\\\/naturalvanilla.ae\\\/wp-content\\\/uploads\\\/2022\\\/12\\\/Natural-Vanilla-Seal-CMYK.png\",\"contentUrl\":\"https:\\\/\\\/naturalvanilla.ae\\\/wp-content\\\/uploads\\\/2022\\\/12\\\/Natural-Vanilla-Seal-CMYK.png\",\"width\":591,\"height\":591,\"caption\":\"Natural Vanilla Store\"},\"image\":{\"@id\":\"https:\\\/\\\/naturalvanilla.ae\\\/kw\\\/#\\\/schema\\\/logo\\\/image\\\/\"},\"sameAs\":[\"https:\\\/\\\/www.facebook.com\\\/naturalvanilla.com.au\",\"https:\\\/\\\/www.instagram.com\\\/natural_vanilla_store\",\"https:\\\/\\\/www.linkedin.com\\\/company\\\/natural-vanilla-pty-ltd\\\/\",\"https:\\\/\\\/www.pinterest.com\\\/natural_vanilla_store\"]}]}<\/script>\n<!-- \/ Yoast SEO plugin. -->","yoast_head_json":{"title":"Vanilya \u00c7ubuklar\u0131 A S\u0131n\u0131f\u0131 - Tahiti \u00c7e\u015fidi - Do\u011fal Vanilya Ortado\u011fu","description":"Vanilya \u00c7ubuklar\u0131 \u00c7e\u015fit: Tahiti, K\u00f6ken: Papua Yeni Gine, Kalite: A S\u0131n\u0131f\u0131 Gurme, A\u00e7\u0131klama: Siyah, ya\u011fl\u0131, g\u00fc\u00e7l\u00fc aromatik, esnek toplu toptan tedarik","robots":{"index":"index","follow":"follow","max-snippet":"max-snippet:-1","max-image-preview":"max-image-preview:large","max-video-preview":"max-video-preview:-1"},"canonical":"https:\/\/naturalvanilla.ae\/tr\/shop\/vanilya-cubuklari-a-sinifi-tahiti-cesidi\/","og_locale":"tr_TR","og_type":"article","og_title":"Vanilla Pods Grade A - Tahitian Variety - Natural Vanilla Middle East","og_description":"Vanilla Beans Variety: Tahitian, Origin: Papua New Guinea, Quality: Grade A Gourmet, Description: Black, oily, strong aromatic, supple bulk wholesale supply","og_url":"https:\/\/naturalvanilla.ae\/tr\/shop\/vanilya-cubuklari-a-sinifi-tahiti-cesidi\/","og_site_name":"Natural Vanilla Middle East","article_publisher":"https:\/\/www.facebook.com\/naturalvanilla.com.au","article_modified_time":"2023-08-11T03:45:23+00:00","og_image":[{"width":1140,"height":1140,"url":"https:\/\/naturalvanilla.ae\/wp-content\/uploads\/2023\/08\/Vanilla-Pods-Grade-A-Bourbon-Planifolia-Gourmet.jpg","type":"image\/jpeg"}],"twitter_card":"summary_large_image","twitter_misc":{"Tahmini okuma s\u00fcresi":"1 dakika"},"schema":{"@context":"https:\/\/schema.org","@graph":[{"@type":"WebPage","@id":"https:\/\/naturalvanilla.ae\/ae\/shop\/%d9%82%d8%b1%d9%88%d9%86-%d8%a7%d9%84%d9%81%d8%a7%d9%86%d9%8a%d9%84%d9%8a%d8%a7-%d8%a7%d9%84%d8%af%d8%b1%d8%ac%d8%a9-%d8%a7%d9%84%d8%a3%d9%88%d9%84%d9%89%d8%8c-%d8%aa%d9%86%d9%88%d8%b9-%d8%aa%d8%a7\/","url":"https:\/\/naturalvanilla.ae\/ae\/shop\/%d9%82%d8%b1%d9%88%d9%86-%d8%a7%d9%84%d9%81%d8%a7%d9%86%d9%8a%d9%84%d9%8a%d8%a7-%d8%a7%d9%84%d8%af%d8%b1%d8%ac%d8%a9-%d8%a7%d9%84%d8%a3%d9%88%d9%84%d9%89%d8%8c-%d8%aa%d9%86%d9%88%d8%b9-%d8%aa%d8%a7\/","name":"Vanilya \u00c7ubuklar\u0131 A S\u0131n\u0131f\u0131 - Tahiti \u00c7e\u015fidi - Do\u011fal Vanilya Ortado\u011fu","isPartOf":{"@id":"https:\/\/naturalvanilla.ae\/kw\/#website"},"primaryImageOfPage":{"@id":"https:\/\/naturalvanilla.ae\/ae\/shop\/%d9%82%d8%b1%d9%88%d9%86-%d8%a7%d9%84%d9%81%d8%a7%d9%86%d9%8a%d9%84%d9%8a%d8%a7-%d8%a7%d9%84%d8%af%d8%b1%d8%ac%d8%a9-%d8%a7%d9%84%d8%a3%d9%88%d9%84%d9%89%d8%8c-%d8%aa%d9%86%d9%88%d8%b9-%d8%aa%d8%a7\/#primaryimage"},"image":{"@id":"https:\/\/naturalvanilla.ae\/ae\/shop\/%d9%82%d8%b1%d9%88%d9%86-%d8%a7%d9%84%d9%81%d8%a7%d9%86%d9%8a%d9%84%d9%8a%d8%a7-%d8%a7%d9%84%d8%af%d8%b1%d8%ac%d8%a9-%d8%a7%d9%84%d8%a3%d9%88%d9%84%d9%89%d8%8c-%d8%aa%d9%86%d9%88%d8%b9-%d8%aa%d8%a7\/#primaryimage"},"thumbnailUrl":"https:\/\/naturalvanilla.ae\/wp-content\/uploads\/2023\/08\/Vanilla-Pods-Grade-A-Bourbon-Planifolia-Gourmet.jpg","datePublished":"2023-08-11T03:42:46+00:00","dateModified":"2023-08-11T03:45:23+00:00","description":"Vanilya \u00c7ubuklar\u0131 \u00c7e\u015fit: Tahiti, K\u00f6ken: Papua Yeni Gine, Kalite: A S\u0131n\u0131f\u0131 Gurme, A\u00e7\u0131klama: Siyah, ya\u011fl\u0131, g\u00fc\u00e7l\u00fc aromatik, esnek toplu toptan tedarik","breadcrumb":{"@id":"https:\/\/naturalvanilla.ae\/ae\/shop\/%d9%82%d8%b1%d9%88%d9%86-%d8%a7%d9%84%d9%81%d8%a7%d9%86%d9%8a%d9%84%d9%8a%d8%a7-%d8%a7%d9%84%d8%af%d8%b1%d8%ac%d8%a9-%d8%a7%d9%84%d8%a3%d9%88%d9%84%d9%89%d8%8c-%d8%aa%d9%86%d9%88%d8%b9-%d8%aa%d8%a7\/#breadcrumb"},"inLanguage":"tr","potentialAction":[{"@type":"ReadAction","target":["https:\/\/naturalvanilla.ae\/ae\/shop\/%d9%82%d8%b1%d9%88%d9%86-%d8%a7%d9%84%d9%81%d8%a7%d9%86%d9%8a%d9%84%d9%8a%d8%a7-%d8%a7%d9%84%d8%af%d8%b1%d8%ac%d8%a9-%d8%a7%d9%84%d8%a3%d9%88%d9%84%d9%89%d8%8c-%d8%aa%d9%86%d9%88%d8%b9-%d8%aa%d8%a7\/"]}]},{"@type":"ImageObject","inLanguage":"tr","@id":"https:\/\/naturalvanilla.ae\/ae\/shop\/%d9%82%d8%b1%d9%88%d9%86-%d8%a7%d9%84%d9%81%d8%a7%d9%86%d9%8a%d9%84%d9%8a%d8%a7-%d8%a7%d9%84%d8%af%d8%b1%d8%ac%d8%a9-%d8%a7%d9%84%d8%a3%d9%88%d9%84%d9%89%d8%8c-%d8%aa%d9%86%d9%88%d8%b9-%d8%aa%d8%a7\/#primaryimage","url":"https:\/\/naturalvanilla.ae\/wp-content\/uploads\/2023\/08\/Vanilla-Pods-Grade-A-Bourbon-Planifolia-Gourmet.jpg","contentUrl":"https:\/\/naturalvanilla.ae\/wp-content\/uploads\/2023\/08\/Vanilla-Pods-Grade-A-Bourbon-Planifolia-Gourmet.jpg","width":1140,"height":1140,"caption":"Vanilla-Pods-Grade-A-Bourbon-Planifolia-Gourmet.jpg"},{"@type":"BreadcrumbList","@id":"https:\/\/naturalvanilla.ae\/ae\/shop\/%d9%82%d8%b1%d9%88%d9%86-%d8%a7%d9%84%d9%81%d8%a7%d9%86%d9%8a%d9%84%d9%8a%d8%a7-%d8%a7%d9%84%d8%af%d8%b1%d8%ac%d8%a9-%d8%a7%d9%84%d8%a3%d9%88%d9%84%d9%89%d8%8c-%d8%aa%d9%86%d9%88%d8%b9-%d8%aa%d8%a7\/#breadcrumb","itemListElement":[{"@type":"ListItem","position":1,"name":"Home","item":"https:\/\/naturalvanilla.ae\/kw\/"},{"@type":"ListItem","position":2,"name":"Shop","item":"https:\/\/naturalvanilla.ae\/tr\/shop\/"},{"@type":"ListItem","position":3,"name":"Vanilla Pods Grade A &#8211; Tahitian Variety"}]},{"@type":"WebSite","@id":"https:\/\/naturalvanilla.ae\/kw\/#website","url":"https:\/\/naturalvanilla.ae\/kw\/","name":"Do\u011fal Vanilya D\u00fckkan\u0131","description":"Kaliteli Vanilyan\u0131n Ortado\u011fu'daki \u00d6nde Gelen Tedarik\u00e7isi","publisher":{"@id":"https:\/\/naturalvanilla.ae\/kw\/#organization"},"potentialAction":[{"@type":"SearchAction","target":{"@type":"EntryPoint","urlTemplate":"https:\/\/naturalvanilla.ae\/kw\/?s={search_term_string}"},"query-input":{"@type":"PropertyValueSpecification","valueRequired":true,"valueName":"search_term_string"}}],"inLanguage":"tr"},{"@type":"Organization","@id":"https:\/\/naturalvanilla.ae\/kw\/#organization","name":"Do\u011fal Vanilya D\u00fckkan\u0131","url":"https:\/\/naturalvanilla.ae\/kw\/","logo":{"@type":"ImageObject","inLanguage":"tr","@id":"https:\/\/naturalvanilla.ae\/kw\/#\/schema\/logo\/image\/","url":"https:\/\/naturalvanilla.ae\/wp-content\/uploads\/2022\/12\/Natural-Vanilla-Seal-CMYK.png","contentUrl":"https:\/\/naturalvanilla.ae\/wp-content\/uploads\/2022\/12\/Natural-Vanilla-Seal-CMYK.png","width":591,"height":591,"caption":"Natural Vanilla Store"},"image":{"@id":"https:\/\/naturalvanilla.ae\/kw\/#\/schema\/logo\/image\/"},"sameAs":["https:\/\/www.facebook.com\/naturalvanilla.com.au","https:\/\/www.instagram.com\/natural_vanilla_store","https:\/\/www.linkedin.com\/company\/natural-vanilla-pty-ltd\/","https:\/\/www.pinterest.com\/natural_vanilla_store"]}]}},"uagb_featured_image_src":{"full":["https:\/\/naturalvanilla.ae\/wp-content\/uploads\/2023\/08\/Vanilla-Pods-Grade-A-Bourbon-Planifolia-Gourmet.jpg",1140,1140,false],"thumbnail":["https:\/\/naturalvanilla.ae\/wp-content\/uploads\/2023\/08\/Vanilla-Pods-Grade-A-Bourbon-Planifolia-Gourmet-150x150.jpg",150,150,true],"medium":["https:\/\/naturalvanilla.ae\/wp-content\/uploads\/2023\/08\/Vanilla-Pods-Grade-A-Bourbon-Planifolia-Gourmet-300x300.jpg",300,300,true],"medium_large":["https:\/\/naturalvanilla.ae\/wp-content\/uploads\/2023\/08\/Vanilla-Pods-Grade-A-Bourbon-Planifolia-Gourmet-768x768.jpg",768,768,true],"large":["https:\/\/naturalvanilla.ae\/wp-content\/uploads\/2023\/08\/Vanilla-Pods-Grade-A-Bourbon-Planifolia-Gourmet-1024x1024.jpg",1024,1024,true],"1536x1536":["https:\/\/naturalvanilla.ae\/wp-content\/uploads\/2023\/08\/Vanilla-Pods-Grade-A-Bourbon-Planifolia-Gourmet.jpg",1140,1140,false],"2048x2048":["https:\/\/naturalvanilla.ae\/wp-content\/uploads\/2023\/08\/Vanilla-Pods-Grade-A-Bourbon-Planifolia-Gourmet.jpg",1140,1140,false],"trp-custom-language-flag":["https:\/\/naturalvanilla.ae\/wp-content\/uploads\/2023\/08\/Vanilla-Pods-Grade-A-Bourbon-Planifolia-Gourmet.jpg",12,12,false],"woocommerce_thumbnail":["https:\/\/naturalvanilla.ae\/wp-content\/uploads\/2023\/08\/Vanilla-Pods-Grade-A-Bourbon-Planifolia-Gourmet-1000x1000.jpg",1000,1000,true],"woocommerce_single":["https:\/\/naturalvanilla.ae\/wp-content\/uploads\/2023\/08\/Vanilla-Pods-Grade-A-Bourbon-Planifolia-Gourmet-1000x1000.jpg",1000,1000,true],"woocommerce_gallery_thumbnail":["https:\/\/naturalvanilla.ae\/wp-content\/uploads\/2023\/08\/Vanilla-Pods-Grade-A-Bourbon-Planifolia-Gourmet-100x100.jpg",100,100,true]},"uagb_author_info":{"display_name":"Natural Vanilla Store","author_link":"https:\/\/naturalvanilla.ae\/tr\/author\/"},"uagb_comment_info":0,"uagb_excerpt":"Product description: Grade A vanilla pods with an intense flavour profile, strong aromatics and dark brown oily appearance. They are plump and supple and look visually attractive. Tahitian variety vanilla pods are renowned for their sweet aroma and bringing floral, fruity, cherry flavours into pastries and cold desserts. Variety \/ Origin: Tahitian variety vanilla pods.&hellip;","_links":{"self":[{"href":"https:\/\/naturalvanilla.ae\/tr\/wp-json\/wp\/v2\/product\/5126","targetHints":{"allow":["GET"]}}],"collection":[{"href":"https:\/\/naturalvanilla.ae\/tr\/wp-json\/wp\/v2\/product"}],"about":[{"href":"https:\/\/naturalvanilla.ae\/tr\/wp-json\/wp\/v2\/types\/product"}],"wp:featuredmedia":[{"embeddable":true,"href":"https:\/\/naturalvanilla.ae\/tr\/wp-json\/wp\/v2\/media\/5142"}],"wp:attachment":[{"href":"https:\/\/naturalvanilla.ae\/tr\/wp-json\/wp\/v2\/media?parent=5126"}],"wp:term":[{"taxonomy":"product_brand","embeddable":true,"href":"https:\/\/naturalvanilla.ae\/tr\/wp-json\/wp\/v2\/product_brand?post=5126"},{"taxonomy":"product_cat","embeddable":true,"href":"https:\/\/naturalvanilla.ae\/tr\/wp-json\/wp\/v2\/product_cat?post=5126"},{"taxonomy":"product_tag","embeddable":true,"href":"https:\/\/naturalvanilla.ae\/tr\/wp-json\/wp\/v2\/product_tag?post=5126"}],"curies":[{"name":"wp","href":"https:\/\/api.w.org\/{rel}","templated":true}]}}