{"id":5159,"date":"2023-08-11T11:43:04","date_gmt":"2023-08-11T03:43:04","guid":{"rendered":"https:\/\/naturalvanilla.ae\/?post_type=product&#038;p=5159"},"modified":"2023-08-11T11:45:26","modified_gmt":"2023-08-11T03:45:26","slug":"dogal-vanilya-ozu-kiti","status":"publish","type":"product","link":"https:\/\/naturalvanilla.ae\/tr\/shop\/natural-vanilla-extract-kit\/","title":{"rendered":"Do\u011fal Vanilya \u00d6z\u00fc \u2013 Kit"},"content":{"rendered":"<table style=\"height: 982px;\" width=\"1361\">\n<tbody>\n<tr>\n<td width=\"168\"><strong>\u00dcr\u00fcn a\u00e7\u0131klamas\u0131:<\/strong><\/td>\n<td colspan=\"2\" width=\"489\">Evde vanilya \u00f6z\u00fct\u00fc yapmak i\u00e7in kendin yap kiti, 25 gr vanilya \u00e7ubu\u011fu ve 250 ml kapakl\u0131 bo\u015f \u015fi\u015fe i\u00e7erir. Tam talimatlar \u015fi\u015fenin etiketinde yer al\u0131r ve alternatif bir ekspres y\u00f6ntem i\u00e7in QR kod ba\u011flant\u0131s\u0131 da bulunur.<\/td>\n<\/tr>\n<tr>\n<td width=\"168\"><strong>\u00c7e\u015fit \/ K\u00f6ken:<\/strong><\/td>\n<td colspan=\"2\" width=\"489\">Tahiti varite vanilya \u00e7ubuklar\u0131. Papua Yeni Gine men\u015feli.<\/td>\n<\/tr>\n<tr>\n<td width=\"168\"><strong>Kalite<\/strong><\/td>\n<td colspan=\"2\" width=\"489\">A s\u0131n\u0131f\u0131 vanilya \u00e7ubuklar\u0131 (gurme olarak da adland\u0131r\u0131l\u0131r). Vanilya g\u00f6rsel olarak \u00e7ekicidir, bu da onu gurme mutfakta \u00f6ne \u00e7\u0131kan bir malzeme haline getirebilir. Daha az s\u00fcrede daha fazla lezzet i\u00e7in daha az \u00e7ubuk gerekir, bu y\u00fczden bir\u00e7ok ba\u015f a\u015f\u00e7\u0131, usta birac\u0131 ve dam\u0131t\u0131c\u0131 A s\u0131n\u0131f\u0131 vanilya \u00e7ubuklar\u0131n\u0131 tercih eder.<\/td>\n<\/tr>\n<tr>\n<td width=\"168\"><strong>Garanti<\/strong><\/td>\n<td colspan=\"2\" width=\"489\">Vanilya \u00e7ubuklar\u0131 pestisitsizdir ve yapay g\u00fcbreler kullan\u0131lmadan organik olarak yeti\u015ftirilir. \u00c7ubuklar, yaln\u0131zca en y\u00fcksek kaliteli vanilya \u00e7ubuklar\u0131n\u0131n se\u00e7ilmesini sa\u011flamak i\u00e7in elle ayr\u0131l\u0131r.<\/td>\n<\/tr>\n<tr>\n<td width=\"168\"><strong>Uzunluk<\/strong><\/td>\n<td colspan=\"2\" width=\"489\">Tahitian vanilya t\u00fcr\u00fc i\u00e7in minimum uzunluk 12 cm'dir.<\/td>\n<\/tr>\n<tr>\n<td width=\"168\"><strong>Vanilin \u0130\u00e7eri\u011fi \/ Nem \u0130\u00e7eri\u011fi: <\/strong><\/td>\n<td colspan=\"2\" width=\"489\">1,8% \u2013 2,0% vanilin \/ minimum % nem<\/td>\n<\/tr>\n<tr>\n<td width=\"168\"><strong>Mikrobiyoloji:<\/strong><\/td>\n<td width=\"265\">Standart Plaka Say\u0131m\u0131 CFU\/g:<\/p>\n<p>Toplam Maya Say\u0131s\u0131 CFU\/g:<\/p>\n<p>Toplam k\u00fcf say\u0131s\u0131 CFU\/g:<\/p>\n<p>Koag\u00fclaz Pozitif Stafilokoklar\/g<\/p>\n<p>Coliform MPN\/g:<\/p>\n<p>E.coli MPN\/g<\/p>\n<p>25g ba\u015f\u0131na Salmonella:<\/p>\n<p>Listeria per 25g:<\/td>\n<td width=\"225\">20.000. Limit: 1.000.000<\/p>\n<p>100'den az<\/p>\n<p>100'den az<\/p>\n<p>100'den az<\/p>\n<p>&lt;3<\/p>\n<p>&lt;3<\/p>\n<p>Tespit Edilmedi<\/p>\n<p>Tespit Edilmedi<\/td>\n<\/tr>\n<tr>\n<td width=\"168\"><strong>Uygulamalar<\/strong><\/td>\n<td colspan=\"2\" width=\"489\">Ev yap\u0131m\u0131 vanilya \u00f6z\u00fct\u00fc, dondurma, hamur i\u015fleri, so\u011fuk tatl\u0131lar, i\u00e7ecekler ve \u015fekerlemelerde vanilya tatlar\u0131 olu\u015fturmak i\u00e7in kullan\u0131labilir. Egzotik g\u00fcve\u00e7ler, har\u00e7lar, \u0130ngiliz soslar\u0131 ve soslar i\u00e7in tatland\u0131r\u0131c\u0131. Demleme ve dam\u0131tma kullan\u0131mlar\u0131 i\u00e7in tatland\u0131r\u0131c\u0131.<\/td>\n<\/tr>\n<tr>\n<td width=\"168\"><strong>\u00d6nerilen Dozaj:<\/strong><\/td>\n<td colspan=\"2\" width=\"489\">Yiyecek haz\u0131rlama s\u0131ras\u0131nda kilogram ba\u015f\u0131na 10-16 gr ev yap\u0131m\u0131 vanilya \u00f6z\u00fct\u00fc.<\/td>\n<\/tr>\n<tr>\n<td width=\"168\"><strong>Raf \u00d6mr\u00fc<\/strong><\/td>\n<td colspan=\"2\" width=\"489\">24 ay, a\u00e7\u0131lmam\u0131\u015f, 20\u00b0C alt\u0131nda<\/td>\n<\/tr>\n<\/tbody>\n<\/table>","protected":false},"excerpt":{"rendered":"<p>Product description: Do it yourself kit for making vanilla extract at home including 25g of vanilla pods and 250ml swing top empty bottle. Full instructions are provided on the bottles label along with a QR code link to an alternative express method. Variety \/ Origin: Tahitian variety vanilla pods. Papua New Guinea origin. Quality: Grade [&hellip;]<\/p>\n","protected":false},"featured_media":5174,"template":"","meta":{"_uag_custom_page_level_css":"","site-sidebar-layout":"default","site-content-layout":"default","ast-site-content-layout":"default","site-content-style":"default","site-sidebar-style":"default","ast-global-header-display":"","ast-banner-title-visibility":"","ast-main-header-display":"","ast-hfb-above-header-display":"","ast-hfb-below-header-display":"","ast-hfb-mobile-header-display":"","site-post-title":"","ast-breadcrumbs-content":"","ast-featured-img":"","footer-sml-layout":"","ast-disable-related-posts":"","theme-transparent-header-meta":"default","adv-header-id-meta":"","stick-header-meta":"","header-above-stick-meta":"","header-main-stick-meta":"","header-below-stick-meta":"","astra-migrate-meta-layouts":"default","ast-page-background-enabled":"default","ast-page-background-meta":{"desktop":{"background-color":"","background-image":"","background-repeat":"repeat","background-position":"center center","background-size":"auto","background-attachment":"scroll","background-type":"","background-media":"","overlay-type":"","overlay-color":"","overlay-opacity":"","overlay-gradient":""},"tablet":{"background-color":"","background-image":"","background-repeat":"repeat","background-position":"center center","background-size":"auto","background-attachment":"scroll","background-type":"","background-media":"","overlay-type":"","overlay-color":"","overlay-opacity":"","overlay-gradient":""},"mobile":{"background-color":"","background-image":"","background-repeat":"repeat","background-position":"center center","background-size":"auto","background-attachment":"scroll","background-type":"","background-media":"","overlay-type":"","overlay-color":"","overlay-opacity":"","overlay-gradient":""}},"ast-content-background-meta":{"desktop":{"background-color":"var(--ast-global-color-5)","background-image":"","background-repeat":"repeat","background-position":"center center","background-size":"auto","background-attachment":"scroll","background-type":"","background-media":"","overlay-type":"","overlay-color":"","overlay-opacity":"","overlay-gradient":""},"tablet":{"background-color":"var(--ast-global-color-5)","background-image":"","background-repeat":"repeat","background-position":"center center","background-size":"auto","background-attachment":"scroll","background-type":"","background-media":"","overlay-type":"","overlay-color":"","overlay-opacity":"","overlay-gradient":""},"mobile":{"background-color":"var(--ast-global-color-5)","background-image":"","background-repeat":"repeat","background-position":"center center","background-size":"auto","background-attachment":"scroll","background-type":"","background-media":"","overlay-type":"","overlay-color":"","overlay-opacity":"","overlay-gradient":""}}},"product_brand":[],"product_cat":[317],"product_tag":[362],"class_list":{"0":"post-5159","1":"product","2":"type-product","3":"status-publish","4":"has-post-thumbnail","6":"product_cat-products","7":"product_tag-vanilla-extract-kit","8":"desktop-align-left","9":"tablet-align-left","10":"mobile-align-left","12":"first","13":"instock","14":"shipping-taxable","15":"purchasable","16":"product-type-variable"},"yoast_head":"<!-- This site is optimized with the Yoast SEO plugin v27.4 - https:\/\/yoast.com\/product\/yoast-seo-wordpress\/ -->\n<title>Natural Vanilla Extract - Kit - Natural Vanilla Middle East<\/title>\n<meta name=\"description\" content=\"Do it yourself kit for making vanilla extract at home including 25g of vanilla pods and 250ml swing top empty bottle. Full instructions are on the label.\" \/>\n<meta name=\"robots\" content=\"index, follow, max-snippet:-1, max-image-preview:large, max-video-preview:-1\" \/>\n<link rel=\"canonical\" href=\"https:\/\/naturalvanilla.ae\/tr\/shop\/dogal-vanilya-ozu-kiti\/\" \/>\n<meta property=\"og:locale\" content=\"tr_TR\" \/>\n<meta property=\"og:type\" content=\"article\" \/>\n<meta property=\"og:title\" content=\"Natural Vanilla Extract - Kit - Natural Vanilla Middle East\" \/>\n<meta property=\"og:description\" content=\"Do it yourself kit for making vanilla extract at home including 25g of vanilla pods and 250ml swing top empty bottle. Full instructions are on the label.\" \/>\n<meta property=\"og:url\" content=\"https:\/\/naturalvanilla.ae\/tr\/shop\/dogal-vanilya-ozu-kiti\/\" \/>\n<meta property=\"og:site_name\" content=\"Natural Vanilla Middle East\" \/>\n<meta property=\"article:publisher\" content=\"https:\/\/www.facebook.com\/naturalvanilla.com.au\" \/>\n<meta property=\"article:modified_time\" content=\"2023-08-11T03:45:26+00:00\" \/>\n<meta property=\"og:image\" content=\"https:\/\/naturalvanilla.ae\/wp-content\/uploads\/2023\/08\/Natural-Vanilla-Vanilla-Extract-Kit.jpeg\" \/>\n\t<meta property=\"og:image:width\" content=\"1600\" \/>\n\t<meta property=\"og:image:height\" content=\"1600\" \/>\n\t<meta property=\"og:image:type\" content=\"image\/jpeg\" \/>\n<meta name=\"twitter:card\" content=\"summary_large_image\" \/>\n<meta name=\"twitter:label1\" content=\"Tahmini okuma s\u00fcresi\" \/>\n\t<meta name=\"twitter:data1\" content=\"2 dakika\" \/>\n<script type=\"application\/ld+json\" class=\"yoast-schema-graph\">{\"@context\":\"https:\\\/\\\/schema.org\",\"@graph\":[{\"@type\":\"WebPage\",\"@id\":\"https:\\\/\\\/naturalvanilla.ae\\\/qa\\\/shop\\\/%d9%85%d8%ac%d9%85%d9%88%d8%b9%d8%a9-%d8%ae%d9%84%d8%a7%d8%b5%d8%a9-%d8%a7%d9%84%d9%81%d8%a7%d9%86%d9%8a%d9%84%d9%8a%d8%a7-%d8%a7%d9%84%d8%b7%d8%a8%d9%8a%d8%b9%d9%8a%d8%a9\\\/\",\"url\":\"https:\\\/\\\/naturalvanilla.ae\\\/qa\\\/shop\\\/%d9%85%d8%ac%d9%85%d9%88%d8%b9%d8%a9-%d8%ae%d9%84%d8%a7%d8%b5%d8%a9-%d8%a7%d9%84%d9%81%d8%a7%d9%86%d9%8a%d9%84%d9%8a%d8%a7-%d8%a7%d9%84%d8%b7%d8%a8%d9%8a%d8%b9%d9%8a%d8%a9\\\/\",\"name\":\"Natural Vanilla Extract - Kit - Natural Vanilla Middle East\",\"isPartOf\":{\"@id\":\"https:\\\/\\\/naturalvanilla.ae\\\/kw\\\/#website\"},\"primaryImageOfPage\":{\"@id\":\"https:\\\/\\\/naturalvanilla.ae\\\/qa\\\/shop\\\/%d9%85%d8%ac%d9%85%d9%88%d8%b9%d8%a9-%d8%ae%d9%84%d8%a7%d8%b5%d8%a9-%d8%a7%d9%84%d9%81%d8%a7%d9%86%d9%8a%d9%84%d9%8a%d8%a7-%d8%a7%d9%84%d8%b7%d8%a8%d9%8a%d8%b9%d9%8a%d8%a9\\\/#primaryimage\"},\"image\":{\"@id\":\"https:\\\/\\\/naturalvanilla.ae\\\/qa\\\/shop\\\/%d9%85%d8%ac%d9%85%d9%88%d8%b9%d8%a9-%d8%ae%d9%84%d8%a7%d8%b5%d8%a9-%d8%a7%d9%84%d9%81%d8%a7%d9%86%d9%8a%d9%84%d9%8a%d8%a7-%d8%a7%d9%84%d8%b7%d8%a8%d9%8a%d8%b9%d9%8a%d8%a9\\\/#primaryimage\"},\"thumbnailUrl\":\"https:\\\/\\\/naturalvanilla.ae\\\/wp-content\\\/uploads\\\/2023\\\/08\\\/Natural-Vanilla-Vanilla-Extract-Kit.jpeg\",\"datePublished\":\"2023-08-11T03:43:04+00:00\",\"dateModified\":\"2023-08-11T03:45:26+00:00\",\"description\":\"Do it yourself kit for making vanilla extract at home including 25g of vanilla pods and 250ml swing top empty bottle. Full instructions are on the label.\",\"breadcrumb\":{\"@id\":\"https:\\\/\\\/naturalvanilla.ae\\\/qa\\\/shop\\\/%d9%85%d8%ac%d9%85%d9%88%d8%b9%d8%a9-%d8%ae%d9%84%d8%a7%d8%b5%d8%a9-%d8%a7%d9%84%d9%81%d8%a7%d9%86%d9%8a%d9%84%d9%8a%d8%a7-%d8%a7%d9%84%d8%b7%d8%a8%d9%8a%d8%b9%d9%8a%d8%a9\\\/#breadcrumb\"},\"inLanguage\":\"tr\",\"potentialAction\":[{\"@type\":\"ReadAction\",\"target\":[\"https:\\\/\\\/naturalvanilla.ae\\\/qa\\\/shop\\\/%d9%85%d8%ac%d9%85%d9%88%d8%b9%d8%a9-%d8%ae%d9%84%d8%a7%d8%b5%d8%a9-%d8%a7%d9%84%d9%81%d8%a7%d9%86%d9%8a%d9%84%d9%8a%d8%a7-%d8%a7%d9%84%d8%b7%d8%a8%d9%8a%d8%b9%d9%8a%d8%a9\\\/\"]}]},{\"@type\":\"ImageObject\",\"inLanguage\":\"tr\",\"@id\":\"https:\\\/\\\/naturalvanilla.ae\\\/qa\\\/shop\\\/%d9%85%d8%ac%d9%85%d9%88%d8%b9%d8%a9-%d8%ae%d9%84%d8%a7%d8%b5%d8%a9-%d8%a7%d9%84%d9%81%d8%a7%d9%86%d9%8a%d9%84%d9%8a%d8%a7-%d8%a7%d9%84%d8%b7%d8%a8%d9%8a%d8%b9%d9%8a%d8%a9\\\/#primaryimage\",\"url\":\"https:\\\/\\\/naturalvanilla.ae\\\/wp-content\\\/uploads\\\/2023\\\/08\\\/Natural-Vanilla-Vanilla-Extract-Kit.jpeg\",\"contentUrl\":\"https:\\\/\\\/naturalvanilla.ae\\\/wp-content\\\/uploads\\\/2023\\\/08\\\/Natural-Vanilla-Vanilla-Extract-Kit.jpeg\",\"width\":1600,\"height\":1600,\"caption\":\"Natural-Vanilla-Vanilla-Extract-Kit.jpeg\"},{\"@type\":\"BreadcrumbList\",\"@id\":\"https:\\\/\\\/naturalvanilla.ae\\\/qa\\\/shop\\\/%d9%85%d8%ac%d9%85%d9%88%d8%b9%d8%a9-%d8%ae%d9%84%d8%a7%d8%b5%d8%a9-%d8%a7%d9%84%d9%81%d8%a7%d9%86%d9%8a%d9%84%d9%8a%d8%a7-%d8%a7%d9%84%d8%b7%d8%a8%d9%8a%d8%b9%d9%8a%d8%a9\\\/#breadcrumb\",\"itemListElement\":[{\"@type\":\"ListItem\",\"position\":1,\"name\":\"Home\",\"item\":\"https:\\\/\\\/naturalvanilla.ae\\\/kw\\\/\"},{\"@type\":\"ListItem\",\"position\":2,\"name\":\"Shop\",\"item\":\"https:\\\/\\\/naturalvanilla.ae\\\/tr\\\/shop\\\/\"},{\"@type\":\"ListItem\",\"position\":3,\"name\":\"Natural Vanilla Extract &#8211; Kit\"}]},{\"@type\":\"WebSite\",\"@id\":\"https:\\\/\\\/naturalvanilla.ae\\\/kw\\\/#website\",\"url\":\"https:\\\/\\\/naturalvanilla.ae\\\/kw\\\/\",\"name\":\"Natural Vanilla Store\",\"description\":\"Leading Middle East Supplier of Quality Vanilla\",\"publisher\":{\"@id\":\"https:\\\/\\\/naturalvanilla.ae\\\/kw\\\/#organization\"},\"potentialAction\":[{\"@type\":\"SearchAction\",\"target\":{\"@type\":\"EntryPoint\",\"urlTemplate\":\"https:\\\/\\\/naturalvanilla.ae\\\/kw\\\/?s={search_term_string}\"},\"query-input\":{\"@type\":\"PropertyValueSpecification\",\"valueRequired\":true,\"valueName\":\"search_term_string\"}}],\"inLanguage\":\"tr\"},{\"@type\":\"Organization\",\"@id\":\"https:\\\/\\\/naturalvanilla.ae\\\/kw\\\/#organization\",\"name\":\"Natural Vanilla Store\",\"url\":\"https:\\\/\\\/naturalvanilla.ae\\\/kw\\\/\",\"logo\":{\"@type\":\"ImageObject\",\"inLanguage\":\"tr\",\"@id\":\"https:\\\/\\\/naturalvanilla.ae\\\/kw\\\/#\\\/schema\\\/logo\\\/image\\\/\",\"url\":\"https:\\\/\\\/naturalvanilla.ae\\\/wp-content\\\/uploads\\\/2022\\\/12\\\/Natural-Vanilla-Seal-CMYK.png\",\"contentUrl\":\"https:\\\/\\\/naturalvanilla.ae\\\/wp-content\\\/uploads\\\/2022\\\/12\\\/Natural-Vanilla-Seal-CMYK.png\",\"width\":591,\"height\":591,\"caption\":\"Natural Vanilla Store\"},\"image\":{\"@id\":\"https:\\\/\\\/naturalvanilla.ae\\\/kw\\\/#\\\/schema\\\/logo\\\/image\\\/\"},\"sameAs\":[\"https:\\\/\\\/www.facebook.com\\\/naturalvanilla.com.au\",\"https:\\\/\\\/www.instagram.com\\\/natural_vanilla_store\",\"https:\\\/\\\/www.linkedin.com\\\/company\\\/natural-vanilla-pty-ltd\\\/\",\"https:\\\/\\\/www.pinterest.com\\\/natural_vanilla_store\"]}]}<\/script>\n<!-- \/ Yoast SEO plugin. -->","yoast_head_json":{"title":"Do\u011fal Vanilya \u00d6z\u00fct\u00fc - Kit - Natural Vanilla Middle East","description":"Evde vanilya \u00f6z\u00fct\u00fc yapmak i\u00e7in kendin yap seti, 25 gr vanilya \u00e7ubu\u011fu ve 250 ml mandall\u0131 kapakl\u0131 bo\u015f \u015fi\u015fe i\u00e7erir. Tam talimatlar etikette yer almaktad\u0131r.","robots":{"index":"index","follow":"follow","max-snippet":"max-snippet:-1","max-image-preview":"max-image-preview:large","max-video-preview":"max-video-preview:-1"},"canonical":"https:\/\/naturalvanilla.ae\/tr\/shop\/dogal-vanilya-ozu-kiti\/","og_locale":"tr_TR","og_type":"article","og_title":"Natural Vanilla Extract - Kit - Natural Vanilla Middle East","og_description":"Do it yourself kit for making vanilla extract at home including 25g of vanilla pods and 250ml swing top empty bottle. Full instructions are on the label.","og_url":"https:\/\/naturalvanilla.ae\/tr\/shop\/dogal-vanilya-ozu-kiti\/","og_site_name":"Natural Vanilla Middle East","article_publisher":"https:\/\/www.facebook.com\/naturalvanilla.com.au","article_modified_time":"2023-08-11T03:45:26+00:00","og_image":[{"width":1600,"height":1600,"url":"https:\/\/naturalvanilla.ae\/wp-content\/uploads\/2023\/08\/Natural-Vanilla-Vanilla-Extract-Kit.jpeg","type":"image\/jpeg"}],"twitter_card":"summary_large_image","twitter_misc":{"Tahmini okuma s\u00fcresi":"2 dakika"},"schema":{"@context":"https:\/\/schema.org","@graph":[{"@type":"WebPage","@id":"https:\/\/naturalvanilla.ae\/qa\/shop\/%d9%85%d8%ac%d9%85%d9%88%d8%b9%d8%a9-%d8%ae%d9%84%d8%a7%d8%b5%d8%a9-%d8%a7%d9%84%d9%81%d8%a7%d9%86%d9%8a%d9%84%d9%8a%d8%a7-%d8%a7%d9%84%d8%b7%d8%a8%d9%8a%d8%b9%d9%8a%d8%a9\/","url":"https:\/\/naturalvanilla.ae\/qa\/shop\/%d9%85%d8%ac%d9%85%d9%88%d8%b9%d8%a9-%d8%ae%d9%84%d8%a7%d8%b5%d8%a9-%d8%a7%d9%84%d9%81%d8%a7%d9%86%d9%8a%d9%84%d9%8a%d8%a7-%d8%a7%d9%84%d8%b7%d8%a8%d9%8a%d8%b9%d9%8a%d8%a9\/","name":"Do\u011fal Vanilya \u00d6z\u00fct\u00fc - Kit - Natural Vanilla Middle East","isPartOf":{"@id":"https:\/\/naturalvanilla.ae\/kw\/#website"},"primaryImageOfPage":{"@id":"https:\/\/naturalvanilla.ae\/qa\/shop\/%d9%85%d8%ac%d9%85%d9%88%d8%b9%d8%a9-%d8%ae%d9%84%d8%a7%d8%b5%d8%a9-%d8%a7%d9%84%d9%81%d8%a7%d9%86%d9%8a%d9%84%d9%8a%d8%a7-%d8%a7%d9%84%d8%b7%d8%a8%d9%8a%d8%b9%d9%8a%d8%a9\/#primaryimage"},"image":{"@id":"https:\/\/naturalvanilla.ae\/qa\/shop\/%d9%85%d8%ac%d9%85%d9%88%d8%b9%d8%a9-%d8%ae%d9%84%d8%a7%d8%b5%d8%a9-%d8%a7%d9%84%d9%81%d8%a7%d9%86%d9%8a%d9%84%d9%8a%d8%a7-%d8%a7%d9%84%d8%b7%d8%a8%d9%8a%d8%b9%d9%8a%d8%a9\/#primaryimage"},"thumbnailUrl":"https:\/\/naturalvanilla.ae\/wp-content\/uploads\/2023\/08\/Natural-Vanilla-Vanilla-Extract-Kit.jpeg","datePublished":"2023-08-11T03:43:04+00:00","dateModified":"2023-08-11T03:45:26+00:00","description":"Evde vanilya \u00f6z\u00fct\u00fc yapmak i\u00e7in kendin yap seti, 25 gr vanilya \u00e7ubu\u011fu ve 250 ml mandall\u0131 kapakl\u0131 bo\u015f \u015fi\u015fe i\u00e7erir. Tam talimatlar etikette yer almaktad\u0131r.","breadcrumb":{"@id":"https:\/\/naturalvanilla.ae\/qa\/shop\/%d9%85%d8%ac%d9%85%d9%88%d8%b9%d8%a9-%d8%ae%d9%84%d8%a7%d8%b5%d8%a9-%d8%a7%d9%84%d9%81%d8%a7%d9%86%d9%8a%d9%84%d9%8a%d8%a7-%d8%a7%d9%84%d8%b7%d8%a8%d9%8a%d8%b9%d9%8a%d8%a9\/#breadcrumb"},"inLanguage":"tr","potentialAction":[{"@type":"ReadAction","target":["https:\/\/naturalvanilla.ae\/qa\/shop\/%d9%85%d8%ac%d9%85%d9%88%d8%b9%d8%a9-%d8%ae%d9%84%d8%a7%d8%b5%d8%a9-%d8%a7%d9%84%d9%81%d8%a7%d9%86%d9%8a%d9%84%d9%8a%d8%a7-%d8%a7%d9%84%d8%b7%d8%a8%d9%8a%d8%b9%d9%8a%d8%a9\/"]}]},{"@type":"ImageObject","inLanguage":"tr","@id":"https:\/\/naturalvanilla.ae\/qa\/shop\/%d9%85%d8%ac%d9%85%d9%88%d8%b9%d8%a9-%d8%ae%d9%84%d8%a7%d8%b5%d8%a9-%d8%a7%d9%84%d9%81%d8%a7%d9%86%d9%8a%d9%84%d9%8a%d8%a7-%d8%a7%d9%84%d8%b7%d8%a8%d9%8a%d8%b9%d9%8a%d8%a9\/#primaryimage","url":"https:\/\/naturalvanilla.ae\/wp-content\/uploads\/2023\/08\/Natural-Vanilla-Vanilla-Extract-Kit.jpeg","contentUrl":"https:\/\/naturalvanilla.ae\/wp-content\/uploads\/2023\/08\/Natural-Vanilla-Vanilla-Extract-Kit.jpeg","width":1600,"height":1600,"caption":"Natural-Vanilla-Vanilla-Extract-Kit.jpeg"},{"@type":"BreadcrumbList","@id":"https:\/\/naturalvanilla.ae\/qa\/shop\/%d9%85%d8%ac%d9%85%d9%88%d8%b9%d8%a9-%d8%ae%d9%84%d8%a7%d8%b5%d8%a9-%d8%a7%d9%84%d9%81%d8%a7%d9%86%d9%8a%d9%84%d9%8a%d8%a7-%d8%a7%d9%84%d8%b7%d8%a8%d9%8a%d8%b9%d9%8a%d8%a9\/#breadcrumb","itemListElement":[{"@type":"ListItem","position":1,"name":"Home","item":"https:\/\/naturalvanilla.ae\/kw\/"},{"@type":"ListItem","position":2,"name":"Shop","item":"https:\/\/naturalvanilla.ae\/tr\/shop\/"},{"@type":"ListItem","position":3,"name":"Natural Vanilla Extract &#8211; Kit"}]},{"@type":"WebSite","@id":"https:\/\/naturalvanilla.ae\/kw\/#website","url":"https:\/\/naturalvanilla.ae\/kw\/","name":"Do\u011fal Vanilya D\u00fckkan\u0131","description":"Kaliteli Vanilyan\u0131n Ortado\u011fu'daki \u00d6nde Gelen Tedarik\u00e7isi","publisher":{"@id":"https:\/\/naturalvanilla.ae\/kw\/#organization"},"potentialAction":[{"@type":"SearchAction","target":{"@type":"EntryPoint","urlTemplate":"https:\/\/naturalvanilla.ae\/kw\/?s={search_term_string}"},"query-input":{"@type":"PropertyValueSpecification","valueRequired":true,"valueName":"search_term_string"}}],"inLanguage":"tr"},{"@type":"Organization","@id":"https:\/\/naturalvanilla.ae\/kw\/#organization","name":"Do\u011fal Vanilya D\u00fckkan\u0131","url":"https:\/\/naturalvanilla.ae\/kw\/","logo":{"@type":"ImageObject","inLanguage":"tr","@id":"https:\/\/naturalvanilla.ae\/kw\/#\/schema\/logo\/image\/","url":"https:\/\/naturalvanilla.ae\/wp-content\/uploads\/2022\/12\/Natural-Vanilla-Seal-CMYK.png","contentUrl":"https:\/\/naturalvanilla.ae\/wp-content\/uploads\/2022\/12\/Natural-Vanilla-Seal-CMYK.png","width":591,"height":591,"caption":"Natural Vanilla Store"},"image":{"@id":"https:\/\/naturalvanilla.ae\/kw\/#\/schema\/logo\/image\/"},"sameAs":["https:\/\/www.facebook.com\/naturalvanilla.com.au","https:\/\/www.instagram.com\/natural_vanilla_store","https:\/\/www.linkedin.com\/company\/natural-vanilla-pty-ltd\/","https:\/\/www.pinterest.com\/natural_vanilla_store"]}]}},"uagb_featured_image_src":{"full":["https:\/\/naturalvanilla.ae\/wp-content\/uploads\/2023\/08\/Natural-Vanilla-Vanilla-Extract-Kit.jpeg",1600,1600,false],"thumbnail":["https:\/\/naturalvanilla.ae\/wp-content\/uploads\/2023\/08\/Natural-Vanilla-Vanilla-Extract-Kit-150x150.jpeg",150,150,true],"medium":["https:\/\/naturalvanilla.ae\/wp-content\/uploads\/2023\/08\/Natural-Vanilla-Vanilla-Extract-Kit-300x300.jpeg",300,300,true],"medium_large":["https:\/\/naturalvanilla.ae\/wp-content\/uploads\/2023\/08\/Natural-Vanilla-Vanilla-Extract-Kit-768x768.jpeg",768,768,true],"large":["https:\/\/naturalvanilla.ae\/wp-content\/uploads\/2023\/08\/Natural-Vanilla-Vanilla-Extract-Kit-1024x1024.jpeg",1024,1024,true],"1536x1536":["https:\/\/naturalvanilla.ae\/wp-content\/uploads\/2023\/08\/Natural-Vanilla-Vanilla-Extract-Kit-1536x1536.jpeg",1536,1536,true],"2048x2048":["https:\/\/naturalvanilla.ae\/wp-content\/uploads\/2023\/08\/Natural-Vanilla-Vanilla-Extract-Kit.jpeg",1600,1600,false],"trp-custom-language-flag":["https:\/\/naturalvanilla.ae\/wp-content\/uploads\/2023\/08\/Natural-Vanilla-Vanilla-Extract-Kit.jpeg",12,12,false],"woocommerce_thumbnail":["https:\/\/naturalvanilla.ae\/wp-content\/uploads\/2023\/08\/Natural-Vanilla-Vanilla-Extract-Kit-1000x1000.jpeg",1000,1000,true],"woocommerce_single":["https:\/\/naturalvanilla.ae\/wp-content\/uploads\/2023\/08\/Natural-Vanilla-Vanilla-Extract-Kit-1000x1000.jpeg",1000,1000,true],"woocommerce_gallery_thumbnail":["https:\/\/naturalvanilla.ae\/wp-content\/uploads\/2023\/08\/Natural-Vanilla-Vanilla-Extract-Kit-100x100.jpeg",100,100,true]},"uagb_author_info":{"display_name":"Natural Vanilla Store","author_link":"https:\/\/naturalvanilla.ae\/tr\/author\/"},"uagb_comment_info":0,"uagb_excerpt":"Product description: Do it yourself kit for making vanilla extract at home including 25g of vanilla pods and 250ml swing top empty bottle. Full instructions are provided on the bottles label along with a QR code link to an alternative express method. Variety \/ Origin: Tahitian variety vanilla pods. Papua New Guinea origin. Quality: Grade&hellip;","_links":{"self":[{"href":"https:\/\/naturalvanilla.ae\/tr\/wp-json\/wp\/v2\/product\/5159","targetHints":{"allow":["GET"]}}],"collection":[{"href":"https:\/\/naturalvanilla.ae\/tr\/wp-json\/wp\/v2\/product"}],"about":[{"href":"https:\/\/naturalvanilla.ae\/tr\/wp-json\/wp\/v2\/types\/product"}],"wp:featuredmedia":[{"embeddable":true,"href":"https:\/\/naturalvanilla.ae\/tr\/wp-json\/wp\/v2\/media\/5174"}],"wp:attachment":[{"href":"https:\/\/naturalvanilla.ae\/tr\/wp-json\/wp\/v2\/media?parent=5159"}],"wp:term":[{"taxonomy":"product_brand","embeddable":true,"href":"https:\/\/naturalvanilla.ae\/tr\/wp-json\/wp\/v2\/product_brand?post=5159"},{"taxonomy":"product_cat","embeddable":true,"href":"https:\/\/naturalvanilla.ae\/tr\/wp-json\/wp\/v2\/product_cat?post=5159"},{"taxonomy":"product_tag","embeddable":true,"href":"https:\/\/naturalvanilla.ae\/tr\/wp-json\/wp\/v2\/product_tag?post=5159"}],"curies":[{"name":"wp","href":"https:\/\/api.w.org\/{rel}","templated":true}]}}