{"id":6860,"date":"2025-08-28T09:20:52","date_gmt":"2025-08-28T06:20:52","guid":{"rendered":"https:\/\/naturalvanilla.ae\/?post_type=product&#038;p=6860"},"modified":"2025-08-28T09:23:39","modified_gmt":"2025-08-28T06:23:39","slug":"vanilya-cubuklari-b-sinifi","status":"publish","type":"product","link":"https:\/\/naturalvanilla.ae\/tr\/shop\/vanilla-pods-grade-b\/","title":{"rendered":"Vanilya \u00c7ubuklar\u0131 B S\u0131n\u0131f\u0131"},"content":{"rendered":"<table>\n<tbody>\n<tr>\n<td width=\"168\"><strong>\u00dcr\u00fcn a\u00e7\u0131klamas\u0131:<\/strong><\/td>\n<td colspan=\"2\" width=\"489\">B S\u0131n\u0131f\u0131 Tahiti ve Bourbon vanilya \u00e7ubuklar\u0131, A S\u0131n\u0131f\u0131 vanilya \u00e7ubuklar\u0131na k\u0131yasla g\u00f6rsel olarak daha az \u00e7ekicidir, daha k\u00fc\u00e7\u00fckt\u00fcr ve kilogram ba\u015f\u0131na daha fazla say\u0131da vanilya \u00e7ubu\u011fu i\u00e7erir.<\/p>\n<p>B s\u0131n\u0131f\u0131 vanilya \u00e7ubuklar\u0131, vanilya \u00f6z\u00fc ve macunlar\u0131 yapmak, ayr\u0131ca bira ve alkoll\u00fc i\u00e7ki imalat\u0131nda tatland\u0131r\u0131c\u0131 olarak en pop\u00fcler se\u00e7enektir.<\/td>\n<\/tr>\n<tr>\n<td width=\"168\"><strong>\u00c7e\u015fit \/ K\u00f6ken:<\/strong><\/td>\n<td colspan=\"2\" width=\"489\">Tahiti vanilya \u00e7e\u015fitli vanilya \u00e7ubuklar\u0131, Papua Yeni Gine men\u015feli. Bourbon (Planifolia) \u00e7e\u015fitli vanilya \u00e7ubuklar\u0131, Papua Yeni Gine men\u015feli.<\/td>\n<\/tr>\n<tr>\n<td width=\"168\"><strong>Kalite<\/strong><\/td>\n<td colspan=\"2\" width=\"489\">B s\u0131n\u0131f\u0131 vanilya \u00e7ubuklar\u0131 g\u00f6rsel olarak daha az \u00e7ekicidir, bu nedenle g\u00f6r\u00fcn\u00fcm\u00fcn sorun olmad\u0131\u011f\u0131 durumlarda kullan\u0131l\u0131r. Bira, i\u00e7ki ve Thermomix m\u00fc\u015fterilerimiz aras\u0131nda en pop\u00fcler se\u00e7enektir ve b\u00fct\u00e7e ile kalite dengesi i\u00e7in iyi bir tercihtir.<\/td>\n<\/tr>\n<tr>\n<td width=\"168\"><strong>Garanti<\/strong><\/td>\n<td colspan=\"2\" width=\"489\">Vanilya \u00e7ubuklar\u0131 pestisit i\u00e7ermez ve yapay g\u00fcbreler kullan\u0131lmadan organik olarak yeti\u015ftirilir.<\/td>\n<\/tr>\n<tr>\n<td width=\"168\"><strong>Uzunluk<\/strong><\/td>\n<td colspan=\"2\" width=\"489\">B S\u0131n\u0131f\u0131 Tahiti ve Bourbon \u00e7e\u015fitleri vanilya \u00e7ubuklar\u0131n\u0131n minimum uzunlu\u011fu 10 cm'dir.<\/td>\n<\/tr>\n<tr>\n<td width=\"168\"><strong>Vanilin \/ Nem:<\/strong><\/td>\n<td colspan=\"2\" width=\"489\">1.0% \u2013 2.0% vanilin \/ % \u2013 % nem<\/td>\n<\/tr>\n<tr>\n<td width=\"168\"><strong>Mikrobiyoloji:<\/strong><\/td>\n<td width=\"265\">Standart Plaka Say\u0131m\u0131 CFU\/g:<br \/>\nKoliform KOB\/g:<br \/>\nE.coli KOB\/g<br \/>\nMaya CFU\/g:<br \/>\nK\u00fcf KT\u00dc\/g:<br \/>\n25g ba\u015f\u0131na Salmonella:<\/td>\n<td width=\"225\">92.000. Limit: &lt;1.000.000<br \/>\n10'dan az: &lt;10<br \/>\n10'dan az: &lt;10<br \/>\n500'den az. S\u0131n\u0131r: 1.000'den az<br \/>\n100'den Az: 1.000'dan Az<br \/>\nOlumsuz<\/td>\n<\/tr>\n<tr>\n<td width=\"168\"><strong>Uygulamalar<\/strong><\/td>\n<td colspan=\"2\" width=\"489\">Dondurma, hamur i\u015fleri, tatl\u0131lar, i\u00e7ecekler, \u015fekerlemeler vb. Bira ve dam\u0131t\u0131mevi kullan\u0131mlar\u0131 i\u00e7in tatland\u0131r\u0131c\u0131. \u00d6\u011f\u00fct\u00fclm\u00fc\u015f vanilya ve vanilya havyar\u0131 tohumlar\u0131 \u00fcretmek i\u00e7in yan \u00fcr\u00fcn kullan\u0131larak vanilya \u00f6z\u00fc ve vanilya ezmesi \u00fcretimi.<\/td>\n<\/tr>\n<tr>\n<td width=\"168\"><strong>\u00d6nerilen Dozaj:<\/strong><\/td>\n<td colspan=\"2\" width=\"489\">Her 1 kg i\u00e7in 1 Vanilya \u00c7ubu\u011fu genel kullan\u0131m i\u00e7in. Bira ve dam\u0131t\u0131mevi uygulamalar\u0131 i\u00e7in 1000 litre ba\u015f\u0131na 2-3 kg kullan\u0131n. Vanilya \u00f6z\u00fct\u00fc \/ vanilya ezmesi i\u00e7in litre ba\u015f\u0131na 100 gr vanilya \u00e7ubu\u011fu (1 kat konsantrasyon).<\/td>\n<\/tr>\n<tr>\n<td width=\"168\"><strong>Raf \u00d6mr\u00fc<\/strong><\/td>\n<td colspan=\"2\" width=\"489\">A\u00e7\u0131lmam\u0131\u015f, hava ge\u00e7irmez pakette 24 ay, 20\u00b0C alt\u0131nda<\/td>\n<\/tr>\n<\/tbody>\n<\/table>","protected":false},"excerpt":{"rendered":"<p>Product description: Grade B Tahitian and Bourbon variety vanilla pods compared to Grade A vanilla pods are visually less attractive, smaller in size and have a larger number of vanilla pods per kilogram. Grade B vanilla pods are the most popular choice for making vanilla extract and pastes and for flavouring in brewery and distillery [&hellip;]<\/p>\n","protected":false},"featured_media":6871,"template":"","meta":{"_uag_custom_page_level_css":"","site-sidebar-layout":"default","site-content-layout":"default","ast-site-content-layout":"default","site-content-style":"default","site-sidebar-style":"default","ast-global-header-display":"","ast-banner-title-visibility":"","ast-main-header-display":"","ast-hfb-above-header-display":"","ast-hfb-below-header-display":"","ast-hfb-mobile-header-display":"","site-post-title":"","ast-breadcrumbs-content":"","ast-featured-img":"","footer-sml-layout":"","ast-disable-related-posts":"","theme-transparent-header-meta":"default","adv-header-id-meta":"","stick-header-meta":"","header-above-stick-meta":"","header-main-stick-meta":"","header-below-stick-meta":"","astra-migrate-meta-layouts":"set","ast-page-background-enabled":"default","ast-page-background-meta":{"desktop":{"background-color":"","background-image":"","background-repeat":"repeat","background-position":"center center","background-size":"auto","background-attachment":"scroll","background-type":"","background-media":"","overlay-type":"","overlay-color":"","overlay-opacity":"","overlay-gradient":""},"tablet":{"background-color":"","background-image":"","background-repeat":"repeat","background-position":"center center","background-size":"auto","background-attachment":"scroll","background-type":"","background-media":"","overlay-type":"","overlay-color":"","overlay-opacity":"","overlay-gradient":""},"mobile":{"background-color":"","background-image":"","background-repeat":"repeat","background-position":"center center","background-size":"auto","background-attachment":"scroll","background-type":"","background-media":"","overlay-type":"","overlay-color":"","overlay-opacity":"","overlay-gradient":""}},"ast-content-background-meta":{"desktop":{"background-color":"var(--ast-global-color-5)","background-image":"","background-repeat":"repeat","background-position":"center center","background-size":"auto","background-attachment":"scroll","background-type":"","background-media":"","overlay-type":"","overlay-color":"","overlay-opacity":"","overlay-gradient":""},"tablet":{"background-color":"var(--ast-global-color-5)","background-image":"","background-repeat":"repeat","background-position":"center center","background-size":"auto","background-attachment":"scroll","background-type":"","background-media":"","overlay-type":"","overlay-color":"","overlay-opacity":"","overlay-gradient":""},"mobile":{"background-color":"var(--ast-global-color-5)","background-image":"","background-repeat":"repeat","background-position":"center center","background-size":"auto","background-attachment":"scroll","background-type":"","background-media":"","overlay-type":"","overlay-color":"","overlay-opacity":"","overlay-gradient":""}}},"product_brand":[],"product_cat":[317],"product_tag":[327],"class_list":{"0":"post-6860","1":"product","2":"type-product","3":"status-publish","4":"has-post-thumbnail","6":"product_cat-products","7":"product_tag-vanilla-pods-b","8":"desktop-align-left","9":"tablet-align-left","10":"mobile-align-left","12":"first","13":"instock","14":"shipping-taxable","15":"purchasable","16":"product-type-variable"},"yoast_head":"<!-- This site is optimized with the Yoast SEO plugin v27.4 - https:\/\/yoast.com\/product\/yoast-seo-wordpress\/ -->\n<title>Vanilla Pods Grade B - Natural Vanilla Middle East<\/title>\n<meta name=\"description\" content=\"Vanilla Pods Variety: Tahitian, Origin: Papua New Guinea, Quality: B Grade, Description: Dark Brown B Grade Vanilla Pods. Bulk wholesale supply.\" \/>\n<meta name=\"robots\" content=\"index, follow, max-snippet:-1, max-image-preview:large, max-video-preview:-1\" \/>\n<link rel=\"canonical\" href=\"https:\/\/naturalvanilla.ae\/tr\/shop\/vanilya-cubuklari-b-sinifi\/\" \/>\n<meta property=\"og:locale\" content=\"tr_TR\" \/>\n<meta property=\"og:type\" content=\"article\" \/>\n<meta property=\"og:title\" content=\"Vanilla Pods Grade B - Natural Vanilla Middle East\" \/>\n<meta property=\"og:description\" content=\"Vanilla Pods Variety: Tahitian, Origin: Papua New Guinea, Quality: B Grade, Description: Dark Brown B Grade Vanilla Pods. Bulk wholesale supply.\" \/>\n<meta property=\"og:url\" content=\"https:\/\/naturalvanilla.ae\/tr\/shop\/vanilya-cubuklari-b-sinifi\/\" \/>\n<meta property=\"og:site_name\" content=\"Natural Vanilla Middle East\" \/>\n<meta property=\"article:publisher\" content=\"https:\/\/www.facebook.com\/naturalvanilla.com.au\" \/>\n<meta property=\"article:modified_time\" content=\"2025-08-28T06:23:39+00:00\" \/>\n<meta property=\"og:image\" content=\"https:\/\/naturalvanilla.ae\/wp-content\/uploads\/2025\/08\/Vanilla-Pods-Grade-B-Tahitian.jpg\" \/>\n\t<meta property=\"og:image:width\" content=\"1140\" \/>\n\t<meta property=\"og:image:height\" content=\"1140\" \/>\n\t<meta property=\"og:image:type\" content=\"image\/jpeg\" \/>\n<meta name=\"twitter:card\" content=\"summary_large_image\" \/>\n<meta name=\"twitter:label1\" content=\"Tahmini okuma s\u00fcresi\" \/>\n\t<meta name=\"twitter:data1\" content=\"2 dakika\" \/>\n<script type=\"application\/ld+json\" class=\"yoast-schema-graph\">{\"@context\":\"https:\\\/\\\/schema.org\",\"@graph\":[{\"@type\":\"WebPage\",\"@id\":\"https:\\\/\\\/naturalvanilla.ae\\\/tr\\\/shop\\\/vanilla-pods-grade-b\\\/\",\"url\":\"https:\\\/\\\/naturalvanilla.ae\\\/tr\\\/shop\\\/vanilla-pods-grade-b\\\/\",\"name\":\"Vanilla Pods Grade B - Natural Vanilla Middle East\",\"isPartOf\":{\"@id\":\"https:\\\/\\\/naturalvanilla.ae\\\/kw\\\/#website\"},\"primaryImageOfPage\":{\"@id\":\"https:\\\/\\\/naturalvanilla.ae\\\/tr\\\/shop\\\/vanilla-pods-grade-b\\\/#primaryimage\"},\"image\":{\"@id\":\"https:\\\/\\\/naturalvanilla.ae\\\/tr\\\/shop\\\/vanilla-pods-grade-b\\\/#primaryimage\"},\"thumbnailUrl\":\"https:\\\/\\\/naturalvanilla.ae\\\/wp-content\\\/uploads\\\/2025\\\/08\\\/Vanilla-Pods-Grade-B-Tahitian.jpg\",\"datePublished\":\"2025-08-28T06:20:52+00:00\",\"dateModified\":\"2025-08-28T06:23:39+00:00\",\"description\":\"Vanilla Pods Variety: Tahitian, Origin: Papua New Guinea, Quality: B Grade, Description: Dark Brown B Grade Vanilla Pods. Bulk wholesale supply.\",\"breadcrumb\":{\"@id\":\"https:\\\/\\\/naturalvanilla.ae\\\/tr\\\/shop\\\/vanilla-pods-grade-b\\\/#breadcrumb\"},\"inLanguage\":\"tr\",\"potentialAction\":[{\"@type\":\"ReadAction\",\"target\":[\"https:\\\/\\\/naturalvanilla.ae\\\/tr\\\/shop\\\/vanilla-pods-grade-b\\\/\"]}]},{\"@type\":\"ImageObject\",\"inLanguage\":\"tr\",\"@id\":\"https:\\\/\\\/naturalvanilla.ae\\\/tr\\\/shop\\\/vanilla-pods-grade-b\\\/#primaryimage\",\"url\":\"https:\\\/\\\/naturalvanilla.ae\\\/wp-content\\\/uploads\\\/2025\\\/08\\\/Vanilla-Pods-Grade-B-Tahitian.jpg\",\"contentUrl\":\"https:\\\/\\\/naturalvanilla.ae\\\/wp-content\\\/uploads\\\/2025\\\/08\\\/Vanilla-Pods-Grade-B-Tahitian.jpg\",\"width\":1140,\"height\":1140},{\"@type\":\"BreadcrumbList\",\"@id\":\"https:\\\/\\\/naturalvanilla.ae\\\/tr\\\/shop\\\/vanilla-pods-grade-b\\\/#breadcrumb\",\"itemListElement\":[{\"@type\":\"ListItem\",\"position\":1,\"name\":\"Home\",\"item\":\"https:\\\/\\\/naturalvanilla.ae\\\/kw\\\/\"},{\"@type\":\"ListItem\",\"position\":2,\"name\":\"Shop\",\"item\":\"https:\\\/\\\/naturalvanilla.ae\\\/tr\\\/shop\\\/\"},{\"@type\":\"ListItem\",\"position\":3,\"name\":\"Vanilla Pods Grade B\"}]},{\"@type\":\"WebSite\",\"@id\":\"https:\\\/\\\/naturalvanilla.ae\\\/kw\\\/#website\",\"url\":\"https:\\\/\\\/naturalvanilla.ae\\\/kw\\\/\",\"name\":\"Natural Vanilla Store\",\"description\":\"Leading Middle East Supplier of Quality Vanilla\",\"publisher\":{\"@id\":\"https:\\\/\\\/naturalvanilla.ae\\\/kw\\\/#organization\"},\"potentialAction\":[{\"@type\":\"SearchAction\",\"target\":{\"@type\":\"EntryPoint\",\"urlTemplate\":\"https:\\\/\\\/naturalvanilla.ae\\\/kw\\\/?s={search_term_string}\"},\"query-input\":{\"@type\":\"PropertyValueSpecification\",\"valueRequired\":true,\"valueName\":\"search_term_string\"}}],\"inLanguage\":\"tr\"},{\"@type\":\"Organization\",\"@id\":\"https:\\\/\\\/naturalvanilla.ae\\\/kw\\\/#organization\",\"name\":\"Natural Vanilla Store\",\"url\":\"https:\\\/\\\/naturalvanilla.ae\\\/kw\\\/\",\"logo\":{\"@type\":\"ImageObject\",\"inLanguage\":\"tr\",\"@id\":\"https:\\\/\\\/naturalvanilla.ae\\\/kw\\\/#\\\/schema\\\/logo\\\/image\\\/\",\"url\":\"https:\\\/\\\/naturalvanilla.ae\\\/wp-content\\\/uploads\\\/2022\\\/12\\\/Natural-Vanilla-Seal-CMYK.png\",\"contentUrl\":\"https:\\\/\\\/naturalvanilla.ae\\\/wp-content\\\/uploads\\\/2022\\\/12\\\/Natural-Vanilla-Seal-CMYK.png\",\"width\":591,\"height\":591,\"caption\":\"Natural Vanilla Store\"},\"image\":{\"@id\":\"https:\\\/\\\/naturalvanilla.ae\\\/kw\\\/#\\\/schema\\\/logo\\\/image\\\/\"},\"sameAs\":[\"https:\\\/\\\/www.facebook.com\\\/naturalvanilla.com.au\",\"https:\\\/\\\/www.instagram.com\\\/natural_vanilla_store\",\"https:\\\/\\\/www.linkedin.com\\\/company\\\/natural-vanilla-pty-ltd\\\/\",\"https:\\\/\\\/www.pinterest.com\\\/natural_vanilla_store\"]}]}<\/script>\n<!-- \/ Yoast SEO plugin. -->","yoast_head_json":{"title":"Vanilya \u00c7ubuklar\u0131 B S\u0131n\u0131f\u0131 - Do\u011fal Vanilya Ortado\u011fu","description":"Vanilya \u00c7ubuklar\u0131 \u00c7e\u015fitleri: Tahitian, Men\u015fei: Papua Yeni Gine, Kalite: B S\u0131n\u0131f\u0131, A\u00e7\u0131klama: Koyu Kahverengi B S\u0131n\u0131f\u0131 Vanilya \u00c7ubuklar\u0131. Toplu toptan tedarik.","robots":{"index":"index","follow":"follow","max-snippet":"max-snippet:-1","max-image-preview":"max-image-preview:large","max-video-preview":"max-video-preview:-1"},"canonical":"https:\/\/naturalvanilla.ae\/tr\/shop\/vanilya-cubuklari-b-sinifi\/","og_locale":"tr_TR","og_type":"article","og_title":"Vanilla Pods Grade B - Natural Vanilla Middle East","og_description":"Vanilla Pods Variety: Tahitian, Origin: Papua New Guinea, Quality: B Grade, Description: Dark Brown B Grade Vanilla Pods. Bulk wholesale supply.","og_url":"https:\/\/naturalvanilla.ae\/tr\/shop\/vanilya-cubuklari-b-sinifi\/","og_site_name":"Natural Vanilla Middle East","article_publisher":"https:\/\/www.facebook.com\/naturalvanilla.com.au","article_modified_time":"2025-08-28T06:23:39+00:00","og_image":[{"width":1140,"height":1140,"url":"https:\/\/naturalvanilla.ae\/wp-content\/uploads\/2025\/08\/Vanilla-Pods-Grade-B-Tahitian.jpg","type":"image\/jpeg"}],"twitter_card":"summary_large_image","twitter_misc":{"Tahmini okuma s\u00fcresi":"2 dakika"},"schema":{"@context":"https:\/\/schema.org","@graph":[{"@type":"WebPage","@id":"https:\/\/naturalvanilla.ae\/tr\/shop\/vanilla-pods-grade-b\/","url":"https:\/\/naturalvanilla.ae\/tr\/shop\/vanilla-pods-grade-b\/","name":"Vanilya \u00c7ubuklar\u0131 B S\u0131n\u0131f\u0131 - Do\u011fal Vanilya Ortado\u011fu","isPartOf":{"@id":"https:\/\/naturalvanilla.ae\/kw\/#website"},"primaryImageOfPage":{"@id":"https:\/\/naturalvanilla.ae\/tr\/shop\/vanilla-pods-grade-b\/#primaryimage"},"image":{"@id":"https:\/\/naturalvanilla.ae\/tr\/shop\/vanilla-pods-grade-b\/#primaryimage"},"thumbnailUrl":"https:\/\/naturalvanilla.ae\/wp-content\/uploads\/2025\/08\/Vanilla-Pods-Grade-B-Tahitian.jpg","datePublished":"2025-08-28T06:20:52+00:00","dateModified":"2025-08-28T06:23:39+00:00","description":"Vanilya \u00c7ubuklar\u0131 \u00c7e\u015fitleri: Tahitian, Men\u015fei: Papua Yeni Gine, Kalite: B S\u0131n\u0131f\u0131, A\u00e7\u0131klama: Koyu Kahverengi B S\u0131n\u0131f\u0131 Vanilya \u00c7ubuklar\u0131. Toplu toptan tedarik.","breadcrumb":{"@id":"https:\/\/naturalvanilla.ae\/tr\/shop\/vanilla-pods-grade-b\/#breadcrumb"},"inLanguage":"tr","potentialAction":[{"@type":"ReadAction","target":["https:\/\/naturalvanilla.ae\/tr\/shop\/vanilla-pods-grade-b\/"]}]},{"@type":"ImageObject","inLanguage":"tr","@id":"https:\/\/naturalvanilla.ae\/tr\/shop\/vanilla-pods-grade-b\/#primaryimage","url":"https:\/\/naturalvanilla.ae\/wp-content\/uploads\/2025\/08\/Vanilla-Pods-Grade-B-Tahitian.jpg","contentUrl":"https:\/\/naturalvanilla.ae\/wp-content\/uploads\/2025\/08\/Vanilla-Pods-Grade-B-Tahitian.jpg","width":1140,"height":1140},{"@type":"BreadcrumbList","@id":"https:\/\/naturalvanilla.ae\/tr\/shop\/vanilla-pods-grade-b\/#breadcrumb","itemListElement":[{"@type":"ListItem","position":1,"name":"Home","item":"https:\/\/naturalvanilla.ae\/kw\/"},{"@type":"ListItem","position":2,"name":"Shop","item":"https:\/\/naturalvanilla.ae\/tr\/shop\/"},{"@type":"ListItem","position":3,"name":"Vanilla Pods Grade B"}]},{"@type":"WebSite","@id":"https:\/\/naturalvanilla.ae\/kw\/#website","url":"https:\/\/naturalvanilla.ae\/kw\/","name":"Do\u011fal Vanilya D\u00fckkan\u0131","description":"Kaliteli Vanilyan\u0131n Ortado\u011fu'daki \u00d6nde Gelen Tedarik\u00e7isi","publisher":{"@id":"https:\/\/naturalvanilla.ae\/kw\/#organization"},"potentialAction":[{"@type":"SearchAction","target":{"@type":"EntryPoint","urlTemplate":"https:\/\/naturalvanilla.ae\/kw\/?s={search_term_string}"},"query-input":{"@type":"PropertyValueSpecification","valueRequired":true,"valueName":"search_term_string"}}],"inLanguage":"tr"},{"@type":"Organization","@id":"https:\/\/naturalvanilla.ae\/kw\/#organization","name":"Do\u011fal Vanilya D\u00fckkan\u0131","url":"https:\/\/naturalvanilla.ae\/kw\/","logo":{"@type":"ImageObject","inLanguage":"tr","@id":"https:\/\/naturalvanilla.ae\/kw\/#\/schema\/logo\/image\/","url":"https:\/\/naturalvanilla.ae\/wp-content\/uploads\/2022\/12\/Natural-Vanilla-Seal-CMYK.png","contentUrl":"https:\/\/naturalvanilla.ae\/wp-content\/uploads\/2022\/12\/Natural-Vanilla-Seal-CMYK.png","width":591,"height":591,"caption":"Natural Vanilla Store"},"image":{"@id":"https:\/\/naturalvanilla.ae\/kw\/#\/schema\/logo\/image\/"},"sameAs":["https:\/\/www.facebook.com\/naturalvanilla.com.au","https:\/\/www.instagram.com\/natural_vanilla_store","https:\/\/www.linkedin.com\/company\/natural-vanilla-pty-ltd\/","https:\/\/www.pinterest.com\/natural_vanilla_store"]}]}},"uagb_featured_image_src":{"full":["https:\/\/naturalvanilla.ae\/wp-content\/uploads\/2025\/08\/Vanilla-Pods-Grade-B-Tahitian.jpg",1140,1140,false],"thumbnail":["https:\/\/naturalvanilla.ae\/wp-content\/uploads\/2025\/08\/Vanilla-Pods-Grade-B-Tahitian-150x150.jpg",150,150,true],"medium":["https:\/\/naturalvanilla.ae\/wp-content\/uploads\/2025\/08\/Vanilla-Pods-Grade-B-Tahitian-300x300.jpg",300,300,true],"medium_large":["https:\/\/naturalvanilla.ae\/wp-content\/uploads\/2025\/08\/Vanilla-Pods-Grade-B-Tahitian-768x768.jpg",768,768,true],"large":["https:\/\/naturalvanilla.ae\/wp-content\/uploads\/2025\/08\/Vanilla-Pods-Grade-B-Tahitian-1024x1024.jpg",1024,1024,true],"1536x1536":["https:\/\/naturalvanilla.ae\/wp-content\/uploads\/2025\/08\/Vanilla-Pods-Grade-B-Tahitian.jpg",1140,1140,false],"2048x2048":["https:\/\/naturalvanilla.ae\/wp-content\/uploads\/2025\/08\/Vanilla-Pods-Grade-B-Tahitian.jpg",1140,1140,false],"trp-custom-language-flag":["https:\/\/naturalvanilla.ae\/wp-content\/uploads\/2025\/08\/Vanilla-Pods-Grade-B-Tahitian.jpg",12,12,false],"woocommerce_thumbnail":["https:\/\/naturalvanilla.ae\/wp-content\/uploads\/2025\/08\/Vanilla-Pods-Grade-B-Tahitian-1000x1000.jpg",1000,1000,true],"woocommerce_single":["https:\/\/naturalvanilla.ae\/wp-content\/uploads\/2025\/08\/Vanilla-Pods-Grade-B-Tahitian-1000x1000.jpg",1000,1000,true],"woocommerce_gallery_thumbnail":["https:\/\/naturalvanilla.ae\/wp-content\/uploads\/2025\/08\/Vanilla-Pods-Grade-B-Tahitian-100x100.jpg",100,100,true]},"uagb_author_info":{"display_name":"Natural Vanilla Store","author_link":"https:\/\/naturalvanilla.ae\/tr\/author\/"},"uagb_comment_info":0,"uagb_excerpt":"Product description: Grade B Tahitian and Bourbon variety vanilla pods compared to Grade A vanilla pods are visually less attractive, smaller in size and have a larger number of vanilla pods per kilogram. Grade B vanilla pods are the most popular choice for making vanilla extract and pastes and for flavouring in brewery and distillery&hellip;","_links":{"self":[{"href":"https:\/\/naturalvanilla.ae\/tr\/wp-json\/wp\/v2\/product\/6860","targetHints":{"allow":["GET"]}}],"collection":[{"href":"https:\/\/naturalvanilla.ae\/tr\/wp-json\/wp\/v2\/product"}],"about":[{"href":"https:\/\/naturalvanilla.ae\/tr\/wp-json\/wp\/v2\/types\/product"}],"wp:featuredmedia":[{"embeddable":true,"href":"https:\/\/naturalvanilla.ae\/tr\/wp-json\/wp\/v2\/media\/6871"}],"wp:attachment":[{"href":"https:\/\/naturalvanilla.ae\/tr\/wp-json\/wp\/v2\/media?parent=6860"}],"wp:term":[{"taxonomy":"product_brand","embeddable":true,"href":"https:\/\/naturalvanilla.ae\/tr\/wp-json\/wp\/v2\/product_brand?post=6860"},{"taxonomy":"product_cat","embeddable":true,"href":"https:\/\/naturalvanilla.ae\/tr\/wp-json\/wp\/v2\/product_cat?post=6860"},{"taxonomy":"product_tag","embeddable":true,"href":"https:\/\/naturalvanilla.ae\/tr\/wp-json\/wp\/v2\/product_tag?post=6860"}],"curies":[{"name":"wp","href":"https:\/\/api.w.org\/{rel}","templated":true}]}}